{"id":711961,"date":"2025-08-27T16:51:02","date_gmt":"2025-08-27T13:51:02","guid":{"rendered":"https:\/\/roveyayinevi.com.tr\/index.php\/urun\/geceyi-anlat-bana\/"},"modified":"2026-04-16T02:20:36","modified_gmt":"2026-04-15T23:20:36","slug":"geceyi-anlat-bana","status":"publish","type":"product","link":"https:\/\/roveyayinevi.com.tr\/index.php\/urun\/geceyi-anlat-bana\/","title":{"rendered":"Geceyi Anlat Bana"},"content":{"rendered":"<p>Geceyi Anlat Bana, okuru kendine has rayihas\u0131yla sarho\u015f eder, \u0131st\u0131rab\u0131n derinlerinden bir inci \u00e7\u0131kar\u0131r. Jeanette Winterson\u2019\u0131n \u201ci\u00e7inde bir incinin eridi\u011fi kadehten \u015farap i\u00e7mek gibi\u201d s\u00f6zleriyle niteledi\u011fi okuma eylemi bir esrimeye d\u00f6n\u00fc\u015f\u00fcr. D\u00fc\u015fk\u00fcnlerin, fahi\u015felerin, m\u00fcptelalar\u0131n, hayal ve ger\u00e7ek aras\u0131nda sal\u0131n\u0131rken ruhu arafta kal\u0131p ac\u0131 \u00e7ekenlerin, gecenin mahremiyetine s\u0131\u011f\u0131nanlar\u0131n hikayesini belleklere kaz\u0131yan bu lirik metin, d\u00f6nemin bohem hayat\u0131n\u0131n atmosferini yans\u0131tma kabiliyetiyle tarihten sisli bir kesit sunuyor.D\u00f6neminin \u015fair, yazar ve ele\u015ftirmenleri taraf\u0131ndan modernist edebiyat\u0131n mihenk ta\u015flar\u0131 aras\u0131nda g\u00f6sterilen Geceyi Anlat Bana, T.S. Eliot ve Winterson\u2019\u0131n sunu\u015fuyla&#8230;\u201cOkuru b\u00fcy\u00fck bir \u00fcslup ba\u015far\u0131s\u0131, ola\u011fan\u00fcst\u00fc g\u00fczel c\u00fcmleler, g\u00f6z al\u0131c\u0131 bir ki\u015file\u015ftirme ve mizah, Elizabeth d\u00f6nemi trajedilerine \u00e7ok benzeyen bir deh\u015fet ve yazg\u0131 duygusu ile kar\u015f\u0131la\u015fmaya haz\u0131r olmaya \u00e7a\u011f\u0131r\u0131yorum.\u201d- T.S. Eliot <\/p>\n","protected":false},"excerpt":{"rendered":"<p>Geceyi Anlat Bana, okuru kendine has rayihas\u0131yla sarho\u015f eder, \u0131st\u0131rab\u0131n derinlerinden bir inci \u00e7\u0131kar\u0131r. Jeanette Winterson\u2019\u0131n \u201ci\u00e7inde bir incinin eridi\u011fi kadehten \u015farap i\u00e7mek gibi\u201d s\u00f6zleriyle niteledi\u011fi<span class=\"excerpt-hellip\"> [\u2026]<\/span><\/p>\n","protected":false},"featured_media":0,"template":"","meta":{"_monsterinsights_skip_tracking":false,"_monsterinsights_sitenote_active":false,"_monsterinsights_sitenote_note":"","_monsterinsights_sitenote_category":0},"product_brand":[],"product_cat":[12291,12711],"product_tag":[],"class_list":{"0":"post-711961","1":"product","2":"type-product","3":"status-publish","5":"product_cat-edebiyat","6":"product_cat-roman-oyku","7":"pa_cilt-ciltsiz","8":"pa_tur-kitap","9":"pa_yayinevi-sel-yayincilik","10":"pa_yazar-djuna-barnes","12":"first","13":"instock","14":"sale","15":"shipping-taxable","16":"purchasable","17":"product-type-simple"},"_links":{"self":[{"href":"https:\/\/roveyayinevi.com.tr\/index.php\/wp-json\/wp\/v2\/product\/711961","targetHints":{"allow":["GET"]}}],"collection":[{"href":"https:\/\/roveyayinevi.com.tr\/index.php\/wp-json\/wp\/v2\/product"}],"about":[{"href":"https:\/\/roveyayinevi.com.tr\/index.php\/wp-json\/wp\/v2\/types\/product"}],"wp:attachment":[{"href":"https:\/\/roveyayinevi.com.tr\/index.php\/wp-json\/wp\/v2\/media?parent=711961"}],"wp:term":[{"taxonomy":"product_brand","embeddable":true,"href":"https:\/\/roveyayinevi.com.tr\/index.php\/wp-json\/wp\/v2\/product_brand?post=711961"},{"taxonomy":"product_cat","embeddable":true,"href":"https:\/\/roveyayinevi.com.tr\/index.php\/wp-json\/wp\/v2\/product_cat?post=711961"},{"taxonomy":"product_tag","embeddable":true,"href":"https:\/\/roveyayinevi.com.tr\/index.php\/wp-json\/wp\/v2\/product_tag?post=711961"}],"curies":[{"name":"wp","href":"https:\/\/api.w.org\/{rel}","templated":true}]}}