{"id":711960,"date":"2025-08-27T16:51:01","date_gmt":"2025-08-27T13:51:01","guid":{"rendered":"https:\/\/roveyayinevi.com.tr\/index.php\/urun\/zamanin-agizlari\/"},"modified":"2026-04-16T02:20:36","modified_gmt":"2026-04-15T23:20:36","slug":"zamanin-agizlari","status":"publish","type":"product","link":"https:\/\/roveyayinevi.com.tr\/index.php\/urun\/zamanin-agizlari\/","title":{"rendered":"Zaman\u0131n A\u011f\u0131zlar\u0131"},"content":{"rendered":"<p>Kronikle \u015fiiri, masalla manifestoyu birle\u015ftiren bu k\u0131sa ve son derece \u00e7arp\u0131c\u0131 \u00f6yk\u00fcler, muktedirlerin s\u0131kl\u0131kla ve uzun s\u00fcre susturduklar\u0131n\u0131n sesini \u00e7o\u011faltmak i\u00e7in bir araya geliyor.E\u011fer kulak verirseniz evrensel kakofoninin i\u00e7inde birbirine cevap veren yank\u0131lar\u0131 sezebilirsiniz: ilk ve son soluk, yapraklar\u0131n h\u0131\u015f\u0131rt\u0131s\u0131, a\u015fk s\u00f6zc\u00fckleri, \u00f6fke hayk\u0131r\u0131\u015flar\u0131, \u00f6r\u00fcmceklerin serenatlar\u0131, zorla s\u00f6k\u00fcl\u00fcp al\u0131nan itiraflar, f\u0131s\u0131ldanan s\u0131rlar ve \u00e7ocuklar\u0131n a\u011fz\u0131ndan \u00e7\u0131kan hakikatler. Zaman\u0131n A\u011f\u0131zlar\u0131 etten kemikten ve sesinden yoksun b\u0131rak\u0131lm\u0131\u015f bir d\u00fcnyan\u0131n sessizliklerini par\u00e7al\u0131yor&#8230;Muhammed E\u015fref okula gitmiyor. O, g\u00fcne\u015fin do\u011fu\u015fundan ay g\u00f6r\u00fcn\u00fcnceye kadar \u00e7al\u0131\u015f\u0131yor;Pakistan\u2019\u0131n Umar Kot k\u00f6y\u00fcnden d\u00fcnya stadyumlar\u0131na do\u011fru yuvarlanan futbol toplar\u0131n\u0131 kesiyor, k\u0131rp\u0131yor, deliyor, bi\u00e7ip dikiyor. Muhammed on bir ya\u015f\u0131nda, be\u015f y\u0131ld\u0131r bu i\u015fi yap\u0131yor. E\u011fer okumay\u0131 bilseydi, \u0130ngilizce okuyabilseydi, elinden \u00e7\u0131kan her i\u015fe kendisinin yap\u0131\u015ft\u0131rd\u0131\u011f\u0131 \u015fu uyar\u0131y\u0131 okuyabilecekti:\u201cBu top \u00e7ocuklar taraf\u0131ndan \u00fcretilmemi\u015ftir.\u201d <\/p>\n","protected":false},"excerpt":{"rendered":"<p>Kronikle \u015fiiri, masalla manifestoyu birle\u015ftiren bu k\u0131sa ve son derece \u00e7arp\u0131c\u0131 \u00f6yk\u00fcler, muktedirlerin s\u0131kl\u0131kla ve uzun s\u00fcre susturduklar\u0131n\u0131n sesini \u00e7o\u011faltmak i\u00e7in bir araya geliyor.E\u011fer kulak verirseniz<span class=\"excerpt-hellip\"> [\u2026]<\/span><\/p>\n","protected":false},"featured_media":0,"template":"","meta":{"_monsterinsights_skip_tracking":false,"_monsterinsights_sitenote_active":false,"_monsterinsights_sitenote_note":"","_monsterinsights_sitenote_category":0},"product_brand":[],"product_cat":[12777,12291],"product_tag":[],"class_list":{"0":"post-711960","1":"product","2":"type-product","3":"status-publish","5":"product_cat-deneme","6":"product_cat-edebiyat","7":"pa_cilt-ciltsiz","8":"pa_tur-kitap","9":"pa_yayinevi-sel-yayincilik","10":"pa_yazar-eduardo-galeano","12":"first","13":"instock","14":"sale","15":"shipping-taxable","16":"purchasable","17":"product-type-simple"},"_links":{"self":[{"href":"https:\/\/roveyayinevi.com.tr\/index.php\/wp-json\/wp\/v2\/product\/711960","targetHints":{"allow":["GET"]}}],"collection":[{"href":"https:\/\/roveyayinevi.com.tr\/index.php\/wp-json\/wp\/v2\/product"}],"about":[{"href":"https:\/\/roveyayinevi.com.tr\/index.php\/wp-json\/wp\/v2\/types\/product"}],"wp:attachment":[{"href":"https:\/\/roveyayinevi.com.tr\/index.php\/wp-json\/wp\/v2\/media?parent=711960"}],"wp:term":[{"taxonomy":"product_brand","embeddable":true,"href":"https:\/\/roveyayinevi.com.tr\/index.php\/wp-json\/wp\/v2\/product_brand?post=711960"},{"taxonomy":"product_cat","embeddable":true,"href":"https:\/\/roveyayinevi.com.tr\/index.php\/wp-json\/wp\/v2\/product_cat?post=711960"},{"taxonomy":"product_tag","embeddable":true,"href":"https:\/\/roveyayinevi.com.tr\/index.php\/wp-json\/wp\/v2\/product_tag?post=711960"}],"curies":[{"name":"wp","href":"https:\/\/api.w.org\/{rel}","templated":true}]}}