{"id":711956,"date":"2025-08-27T16:50:58","date_gmt":"2025-08-27T13:50:58","guid":{"rendered":"https:\/\/roveyayinevi.com.tr\/index.php\/urun\/ilginc-meslekler-1-dublaj-sanatcisi-kofte-ve-patates\/"},"modified":"2026-04-16T02:20:36","modified_gmt":"2026-04-15T23:20:36","slug":"ilginc-meslekler-1-dublaj-sanatcisi-kofte-ve-patates","status":"publish","type":"product","link":"https:\/\/roveyayinevi.com.tr\/index.php\/urun\/ilginc-meslekler-1-dublaj-sanatcisi-kofte-ve-patates\/","title":{"rendered":"\u0130lgin\u00e7 Meslekler 1 &#8211; Dublaj Sanat\u00e7\u0131s\u0131 K\u00f6fte ve Patates"},"content":{"rendered":"<p>Dublaj sanat\u00e7\u0131s\u0131 kimdir? Nas\u0131l \u00f6zelliklere sahip olmas\u0131 gerekir? Bu ilgin\u00e7 ve \u00f6nemli meslek olmasayd\u0131 ne olurdu? K\u00f6fte ve Patates, t\u00fcm bu sorular\u0131n cevaplar\u0131n\u0131 bizzat dublaj sanat\u00e7\u0131lar\u0131ndan \u00f6\u011frenecek, bir dublaj st\u00fcdyosunu ziyaret ederek bu mesle\u011fi yak\u0131ndan tan\u0131yacaklar. \u0130kiz karde\u015fler K\u00f6fte ve Patates, kuzenleri \u00c7\u0131nar Abi\u2019ye hayran. \u00c7\u0131nar Abi yaz \u00f6devi i\u00e7in ilgin\u00e7 meslekleri ara\u015ft\u0131rmaya karar verince, K\u00f6fte ve Patates de ona yard\u0131m etmeyi teklif ediyor. Bakal\u0131m K\u00f6fte ve Patates\u2019i ilgin\u00e7 meslekleri tan\u0131ma yolculu\u011funda neler bekliyor? <\/p>\n","protected":false},"excerpt":{"rendered":"<p>Dublaj sanat\u00e7\u0131s\u0131 kimdir? Nas\u0131l \u00f6zelliklere sahip olmas\u0131 gerekir? Bu ilgin\u00e7 ve \u00f6nemli meslek olmasayd\u0131 ne olurdu? K\u00f6fte ve Patates, t\u00fcm bu sorular\u0131n cevaplar\u0131n\u0131 bizzat dublaj sanat\u00e7\u0131lar\u0131ndan<span class=\"excerpt-hellip\"> [\u2026]<\/span><\/p>\n","protected":false},"featured_media":0,"template":"","meta":{"_monsterinsights_skip_tracking":false,"_monsterinsights_sitenote_active":false,"_monsterinsights_sitenote_note":"","_monsterinsights_sitenote_category":0},"product_brand":[],"product_cat":[12275,12274],"product_tag":[],"class_list":{"0":"post-711956","1":"product","2":"type-product","3":"status-publish","5":"product_cat-6-12-yas-kitaplari","6":"product_cat-cocuk-ve-genclik-kitaplari","7":"pa_cilt-ciltsiz","8":"pa_tur-kitap","9":"pa_yayinevi-dogan-egmont-yayincilik","10":"pa_yazar-banu-savu","12":"first","13":"instock","14":"sale","15":"shipping-taxable","16":"purchasable","17":"product-type-simple"},"_links":{"self":[{"href":"https:\/\/roveyayinevi.com.tr\/index.php\/wp-json\/wp\/v2\/product\/711956","targetHints":{"allow":["GET"]}}],"collection":[{"href":"https:\/\/roveyayinevi.com.tr\/index.php\/wp-json\/wp\/v2\/product"}],"about":[{"href":"https:\/\/roveyayinevi.com.tr\/index.php\/wp-json\/wp\/v2\/types\/product"}],"wp:attachment":[{"href":"https:\/\/roveyayinevi.com.tr\/index.php\/wp-json\/wp\/v2\/media?parent=711956"}],"wp:term":[{"taxonomy":"product_brand","embeddable":true,"href":"https:\/\/roveyayinevi.com.tr\/index.php\/wp-json\/wp\/v2\/product_brand?post=711956"},{"taxonomy":"product_cat","embeddable":true,"href":"https:\/\/roveyayinevi.com.tr\/index.php\/wp-json\/wp\/v2\/product_cat?post=711956"},{"taxonomy":"product_tag","embeddable":true,"href":"https:\/\/roveyayinevi.com.tr\/index.php\/wp-json\/wp\/v2\/product_tag?post=711956"}],"curies":[{"name":"wp","href":"https:\/\/api.w.org\/{rel}","templated":true}]}}