{"id":711955,"date":"2025-08-27T16:50:58","date_gmt":"2025-08-27T13:50:58","guid":{"rendered":"https:\/\/roveyayinevi.com.tr\/index.php\/urun\/ilginc-meslekler-2-pandonim-sanatcisi-kofte-ve-patates\/"},"modified":"2026-04-16T02:20:35","modified_gmt":"2026-04-15T23:20:35","slug":"ilginc-meslekler-2-pandonim-sanatcisi-kofte-ve-patates","status":"publish","type":"product","link":"https:\/\/roveyayinevi.com.tr\/index.php\/urun\/ilginc-meslekler-2-pandonim-sanatcisi-kofte-ve-patates\/","title":{"rendered":"\u0130lgin\u00e7 Meslekler 2 Pandonim Sanat\u00e7\u0131s\u0131 &#8211; K\u00f6fte ve Patates"},"content":{"rendered":"<p>Pandomim sanat\u00e7\u0131s\u0131 kimdir? Nas\u0131l \u00f6zelliklere sahip olmas\u0131 gerekir? Bu \u00e7ok eski ve ilgin\u00e7 sahne sanat\u0131, di\u011ferlerinden hangi \u00f6zellikleriyle ayr\u0131l\u0131r? K\u00f6fte ve Patates, t\u00fcm bu sorular\u0131n cevaplar\u0131n\u0131 bir pandomim sanat\u00e7\u0131s\u0131ndan \u00f6\u011frenecek, onu sahnede izleme f\u0131rsat\u0131 yakalayacaklar. \u0130kiz karde\u015fler K\u00f6fte ve Patates, kuzenleri \u00c7\u0131nar Abi\u2019ye hayran. \u00c7\u0131nar Abi yaz \u00f6devi i\u00e7in ilgin\u00e7 meslekleri ara\u015ft\u0131rmaya karar verince, K\u00f6fte ve Patates de ona yard\u0131m etmeyi teklif ediyor. Bakal\u0131m K\u00f6fte ve Patates\u2019i ilgin\u00e7 meslekleri tan\u0131ma yolculu\u011funda neler bekliyor? <\/p>\n","protected":false},"excerpt":{"rendered":"<p>Pandomim sanat\u00e7\u0131s\u0131 kimdir? Nas\u0131l \u00f6zelliklere sahip olmas\u0131 gerekir? Bu \u00e7ok eski ve ilgin\u00e7 sahne sanat\u0131, di\u011ferlerinden hangi \u00f6zellikleriyle ayr\u0131l\u0131r? K\u00f6fte ve Patates, t\u00fcm bu sorular\u0131n cevaplar\u0131n\u0131<span class=\"excerpt-hellip\"> [\u2026]<\/span><\/p>\n","protected":false},"featured_media":0,"template":"","meta":{"_monsterinsights_skip_tracking":false,"_monsterinsights_sitenote_active":false,"_monsterinsights_sitenote_note":"","_monsterinsights_sitenote_category":0},"product_brand":[],"product_cat":[12275,12274],"product_tag":[],"class_list":{"0":"post-711955","1":"product","2":"type-product","3":"status-publish","5":"product_cat-6-12-yas-kitaplari","6":"product_cat-cocuk-ve-genclik-kitaplari","7":"pa_cilt-ciltsiz","8":"pa_tur-kitap","9":"pa_yayinevi-dogan-egmont-yayincilik","10":"pa_yazar-banu-savu","12":"first","13":"instock","14":"sale","15":"shipping-taxable","16":"purchasable","17":"product-type-simple"},"_links":{"self":[{"href":"https:\/\/roveyayinevi.com.tr\/index.php\/wp-json\/wp\/v2\/product\/711955","targetHints":{"allow":["GET"]}}],"collection":[{"href":"https:\/\/roveyayinevi.com.tr\/index.php\/wp-json\/wp\/v2\/product"}],"about":[{"href":"https:\/\/roveyayinevi.com.tr\/index.php\/wp-json\/wp\/v2\/types\/product"}],"wp:attachment":[{"href":"https:\/\/roveyayinevi.com.tr\/index.php\/wp-json\/wp\/v2\/media?parent=711955"}],"wp:term":[{"taxonomy":"product_brand","embeddable":true,"href":"https:\/\/roveyayinevi.com.tr\/index.php\/wp-json\/wp\/v2\/product_brand?post=711955"},{"taxonomy":"product_cat","embeddable":true,"href":"https:\/\/roveyayinevi.com.tr\/index.php\/wp-json\/wp\/v2\/product_cat?post=711955"},{"taxonomy":"product_tag","embeddable":true,"href":"https:\/\/roveyayinevi.com.tr\/index.php\/wp-json\/wp\/v2\/product_tag?post=711955"}],"curies":[{"name":"wp","href":"https:\/\/api.w.org\/{rel}","templated":true}]}}