{"id":711954,"date":"2025-08-27T16:50:57","date_gmt":"2025-08-27T13:50:57","guid":{"rendered":"https:\/\/roveyayinevi.com.tr\/index.php\/urun\/perili-ev\/"},"modified":"2025-11-13T04:30:33","modified_gmt":"2025-11-13T01:30:33","slug":"perili-ev","status":"publish","type":"product","link":"https:\/\/roveyayinevi.com.tr\/index.php\/urun\/perili-ev\/","title":{"rendered":"Perili Ev"},"content":{"rendered":"<p>Asl\u0131, Doruk, Do\u011fa, Cem, Can, Bo\u011fa\u00e7 ve Su\u2026 Ihlamur Sitesi\u2019nde ya\u015fayan ve birbirleriyle iyi anla\u015fan yedi arkada\u015f. En b\u00fcy\u00fck zevkleri g\u00fczel havalarda bisiklete binmek ve futbol oynamak. En b\u00fcy\u00fck korkular\u0131 ise sahan\u0131n hemen yan\u0131nda bir hayalet gibi dikilen Perili Ev\u2019in u\u011fursuz sil\u00fceti\u2026 Pencereleri tahtalarla kapat\u0131lm\u0131\u015f, soluk renkli ve hastal\u0131kl\u0131 g\u00f6r\u00fcnen bu \u00fc\u00e7 katl\u0131 k\u00f6\u015fk\u00fcn bah\u00e7esine ka\u00e7\u0131rd\u0131klar\u0131 her toptan vazge\u00e7iyorlar. Ne kadar k\u00f6t\u00fcl\u00fck varsa i\u00e7eride bar\u0131nd\u0131r\u0131yor gibi duran yere ad\u0131m atmaya hi\u00e7 cesaretleri yok. Ta ki ma\u00e7 yapt\u0131klar\u0131 bir g\u00fcn, sokak \u00e7ocu\u011fu Ali ile tan\u0131\u015f\u0131p bah\u00e7eye girmek zorunda kalacaklar\u0131 ana kadar\u2026 Gen\u00e7 ku\u015fa\u011f\u0131n ba\u015far\u0131l\u0131 kalemlerinden G\u00f6ktu\u011f Canbaba, dostluk, fedak\u00e2rl\u0131k ve g\u00fcven temalar\u0131n\u0131, nefes kesen e\u011flenceli bir macerada i\u015fliyor. <\/p>\n","protected":false},"excerpt":{"rendered":"<p>Asl\u0131, Doruk, Do\u011fa, Cem, Can, Bo\u011fa\u00e7 ve Su\u2026 Ihlamur Sitesi\u2019nde ya\u015fayan ve birbirleriyle iyi anla\u015fan yedi arkada\u015f. En b\u00fcy\u00fck zevkleri g\u00fczel havalarda bisiklete binmek ve futbol<span class=\"excerpt-hellip\"> [\u2026]<\/span><\/p>\n","protected":false},"featured_media":0,"template":"","meta":{"_monsterinsights_skip_tracking":false,"_monsterinsights_sitenote_active":false,"_monsterinsights_sitenote_note":"","_monsterinsights_sitenote_category":0},"product_brand":[],"product_cat":[30023,13527],"product_tag":[],"class_list":{"0":"post-711954","1":"product","2":"type-product","3":"status-publish","5":"product_cat-edebiyat-sureli-yayinlar","6":"product_cat-sureli-yayinlar","7":"pa_cilt-ciltsiz","8":"pa_tur-kitap","9":"pa_yayinevi-dogan-egmont-yayincilik","10":"pa_yazar-goktug-canbaba","12":"first","13":"instock","14":"sale","15":"shipping-taxable","16":"purchasable","17":"product-type-simple"},"_links":{"self":[{"href":"https:\/\/roveyayinevi.com.tr\/index.php\/wp-json\/wp\/v2\/product\/711954","targetHints":{"allow":["GET"]}}],"collection":[{"href":"https:\/\/roveyayinevi.com.tr\/index.php\/wp-json\/wp\/v2\/product"}],"about":[{"href":"https:\/\/roveyayinevi.com.tr\/index.php\/wp-json\/wp\/v2\/types\/product"}],"wp:attachment":[{"href":"https:\/\/roveyayinevi.com.tr\/index.php\/wp-json\/wp\/v2\/media?parent=711954"}],"wp:term":[{"taxonomy":"product_brand","embeddable":true,"href":"https:\/\/roveyayinevi.com.tr\/index.php\/wp-json\/wp\/v2\/product_brand?post=711954"},{"taxonomy":"product_cat","embeddable":true,"href":"https:\/\/roveyayinevi.com.tr\/index.php\/wp-json\/wp\/v2\/product_cat?post=711954"},{"taxonomy":"product_tag","embeddable":true,"href":"https:\/\/roveyayinevi.com.tr\/index.php\/wp-json\/wp\/v2\/product_tag?post=711954"}],"curies":[{"name":"wp","href":"https:\/\/api.w.org\/{rel}","templated":true}]}}