{"id":711953,"date":"2025-08-27T16:50:57","date_gmt":"2025-08-27T13:50:57","guid":{"rendered":"https:\/\/roveyayinevi.com.tr\/index.php\/urun\/klasik-gitar-icin-populer-dagarcik-ii\/"},"modified":"2026-04-16T02:20:35","modified_gmt":"2026-04-15T23:20:35","slug":"klasik-gitar-icin-populer-dagarcik-ii","status":"publish","type":"product","link":"https:\/\/roveyayinevi.com.tr\/index.php\/urun\/klasik-gitar-icin-populer-dagarcik-ii\/","title":{"rendered":"Klasik Gitar \u0130\u00e7in Pop\u00fcler Da\u011farc\u0131k II"},"content":{"rendered":"<p>Popular Repertoirfor Classic Guitar-II Yakup K\u0131vrak M\u00fczik E\u011fitimi Yay\u0131nlar\u0131 taraf\u0131ndan d\u00f6rd\u00fcnc\u00fc bas\u0131m\u0131 yap\u0131lan Klasik Gitar \u0130\u00e7in Pop\u00fcler Da\u011farc\u0131k adl\u0131 kitab\u0131m\u0131n b\u00fcy\u00fck ilgi g\u00f6rmesi beni \u00e7ok mutlu etti. Bundan ald\u0131\u011f\u0131m cesaretle elinizdeki kitab\u0131 haz\u0131rlad\u0131m. \u0130\u00e7inde toplamda 46 eserden olu\u015fan reng\u00e2renk bir klasik gitar da\u011farc\u0131\u011f\u0131 bulacaks\u0131n\u0131z.Bu nedenle kitab\u0131n \u201c\u0130\u00e7indekiler\u201d sayfas\u0131n\u0131 mutlaka inceleyiniz.   Asl\u0131nda her iki kitab\u0131m\u0131n hedef kitlesi, amat\u00f6r m\u00fczik e\u011fitimi alan \u00f6\u011frenciler, amat\u00f6r gitarc\u0131lar ve bu e\u011fitimi veren kurum ile \u00f6\u011fretmenler idi. Ama memnuniyetle g\u00f6rd\u00fcm ki birinci kitab\u0131ma m\u00fczik okullar\u0131m\u0131z ve bu okullar\u0131m\u0131z\u0131n gitar \u00f6\u011frencileri ile hocalar\u0131 da b\u00fcy\u00fck ilgi g\u00f6sterdi. Bunun \u00fczerine yay\u0131nc\u0131m S\u00fcleyman Tarman ile birlikte bu kitapta T\u00fcrk gitaristlerin daha \u00f6nce hi\u00e7 yay\u0131nlanmam\u0131\u015f ya da \u00e7ok ilgi g\u00f6ren eserlerinin de yer alabilece\u011fi d\u00fc\u015f\u00fcncesiyle gitarc\u0131 dostlar\u0131m\u0131za bir \u00e7a\u011fr\u0131da bulunduk. \u00c7a\u011fr\u0131m\u0131z\u0131 olumlu kar\u015f\u0131layarak eser veren de\u011ferli dostlar\u0131m\u0131z Ahmet Kanneci, Bekir K\u00fc\u00e7\u00fckay, Mesut \u00d6zgen, Sava\u015f Burak \u00d6zkan, Sefa Yeprem ve Tolgahan\u00c7o\u011fulu\u2019ya buradan te\u015fekk\u00fcrlerimizi sunuyoruz. <\/p>\n","protected":false},"excerpt":{"rendered":"<p>Popular Repertoirfor Classic Guitar-II Yakup K\u0131vrak M\u00fczik E\u011fitimi Yay\u0131nlar\u0131 taraf\u0131ndan d\u00f6rd\u00fcnc\u00fc bas\u0131m\u0131 yap\u0131lan Klasik Gitar \u0130\u00e7in Pop\u00fcler Da\u011farc\u0131k adl\u0131 kitab\u0131m\u0131n b\u00fcy\u00fck ilgi g\u00f6rmesi beni \u00e7ok mutlu<span class=\"excerpt-hellip\"> [\u2026]<\/span><\/p>\n","protected":false},"featured_media":0,"template":"","meta":{"_monsterinsights_skip_tracking":false,"_monsterinsights_sitenote_active":false,"_monsterinsights_sitenote_note":"","_monsterinsights_sitenote_category":0},"product_brand":[],"product_cat":[12274,12649],"product_tag":[],"class_list":{"0":"post-711953","1":"product","2":"type-product","3":"status-publish","5":"product_cat-cocuk-ve-genclik-kitaplari","6":"product_cat-hobi-muzik","7":"pa_cilt-ciltsiz","8":"pa_tur-kitap","9":"pa_yayinevi-muzik-egitimi-yayinlari","10":"pa_yazar-yakup-kivrak","12":"first","13":"instock","14":"sale","15":"shipping-taxable","16":"purchasable","17":"product-type-simple"},"_links":{"self":[{"href":"https:\/\/roveyayinevi.com.tr\/index.php\/wp-json\/wp\/v2\/product\/711953","targetHints":{"allow":["GET"]}}],"collection":[{"href":"https:\/\/roveyayinevi.com.tr\/index.php\/wp-json\/wp\/v2\/product"}],"about":[{"href":"https:\/\/roveyayinevi.com.tr\/index.php\/wp-json\/wp\/v2\/types\/product"}],"wp:attachment":[{"href":"https:\/\/roveyayinevi.com.tr\/index.php\/wp-json\/wp\/v2\/media?parent=711953"}],"wp:term":[{"taxonomy":"product_brand","embeddable":true,"href":"https:\/\/roveyayinevi.com.tr\/index.php\/wp-json\/wp\/v2\/product_brand?post=711953"},{"taxonomy":"product_cat","embeddable":true,"href":"https:\/\/roveyayinevi.com.tr\/index.php\/wp-json\/wp\/v2\/product_cat?post=711953"},{"taxonomy":"product_tag","embeddable":true,"href":"https:\/\/roveyayinevi.com.tr\/index.php\/wp-json\/wp\/v2\/product_tag?post=711953"}],"curies":[{"name":"wp","href":"https:\/\/api.w.org\/{rel}","templated":true}]}}