{"id":711952,"date":"2025-08-27T16:50:56","date_gmt":"2025-08-27T13:50:56","guid":{"rendered":"https:\/\/roveyayinevi.com.tr\/index.php\/urun\/iki-sesli-tonal-dikteler\/"},"modified":"2026-04-16T02:20:35","modified_gmt":"2026-04-15T23:20:35","slug":"iki-sesli-tonal-dikteler","status":"publish","type":"product","link":"https:\/\/roveyayinevi.com.tr\/index.php\/urun\/iki-sesli-tonal-dikteler\/","title":{"rendered":"\u0130ki Sesli Tonal Dikteler"},"content":{"rendered":"<p>Bu kitap, \u00e7okseslili\u011fi duymak ve alg\u0131lamaya katk\u0131da bulunmak amac\u0131yla solfej derslerinde kullan\u0131lmak \u00fczere haz\u0131rlanan iki sesli diktelerden olu\u015fmaktad\u0131r. Kitapta de\u011fi\u015fik zorluk derecelerine g\u00f6re, ba\u015flang\u0131\u00e7 d\u00fczeyi i\u00e7in 18, orta d\u00fczey i\u00e7in 18 ve ileri d\u00fczey i\u00e7in 18 olmak \u00fczere toplam 54 tane iki sesli tonal dikte yer almaktad\u0131r. Dikteler 2\/4, 3\/4, 4\/4 ve 6\/8\u2019lik \u00f6l\u00e7\u00fc say\u0131lar\u0131 ile en fazla d\u00f6rt diyezli\/bemoll\u00fc tonlar\u0131 i\u00e7ermektedir. <\/p>\n","protected":false},"excerpt":{"rendered":"<p>Bu kitap, \u00e7okseslili\u011fi duymak ve alg\u0131lamaya katk\u0131da bulunmak amac\u0131yla solfej derslerinde kullan\u0131lmak \u00fczere haz\u0131rlanan iki sesli diktelerden olu\u015fmaktad\u0131r. Kitapta de\u011fi\u015fik zorluk derecelerine g\u00f6re, ba\u015flang\u0131\u00e7 d\u00fczeyi i\u00e7in<span class=\"excerpt-hellip\"> [\u2026]<\/span><\/p>\n","protected":false},"featured_media":0,"template":"","meta":{"_monsterinsights_skip_tracking":false,"_monsterinsights_sitenote_active":false,"_monsterinsights_sitenote_note":"","_monsterinsights_sitenote_category":0},"product_brand":[],"product_cat":[12274,12649],"product_tag":[],"class_list":{"0":"post-711952","1":"product","2":"type-product","3":"status-publish","5":"product_cat-cocuk-ve-genclik-kitaplari","6":"product_cat-hobi-muzik","7":"pa_cilt-ciltsiz","8":"pa_tur-kitap","9":"pa_yayinevi-muzik-egitimi-yayinlari","10":"pa_yazar-peyruze-rana-simsek","12":"first","13":"instock","14":"sale","15":"shipping-taxable","16":"purchasable","17":"product-type-simple"},"_links":{"self":[{"href":"https:\/\/roveyayinevi.com.tr\/index.php\/wp-json\/wp\/v2\/product\/711952","targetHints":{"allow":["GET"]}}],"collection":[{"href":"https:\/\/roveyayinevi.com.tr\/index.php\/wp-json\/wp\/v2\/product"}],"about":[{"href":"https:\/\/roveyayinevi.com.tr\/index.php\/wp-json\/wp\/v2\/types\/product"}],"wp:attachment":[{"href":"https:\/\/roveyayinevi.com.tr\/index.php\/wp-json\/wp\/v2\/media?parent=711952"}],"wp:term":[{"taxonomy":"product_brand","embeddable":true,"href":"https:\/\/roveyayinevi.com.tr\/index.php\/wp-json\/wp\/v2\/product_brand?post=711952"},{"taxonomy":"product_cat","embeddable":true,"href":"https:\/\/roveyayinevi.com.tr\/index.php\/wp-json\/wp\/v2\/product_cat?post=711952"},{"taxonomy":"product_tag","embeddable":true,"href":"https:\/\/roveyayinevi.com.tr\/index.php\/wp-json\/wp\/v2\/product_tag?post=711952"}],"curies":[{"name":"wp","href":"https:\/\/api.w.org\/{rel}","templated":true}]}}