{"id":711951,"date":"2025-08-27T16:50:56","date_gmt":"2025-08-27T13:50:56","guid":{"rendered":"https:\/\/roveyayinevi.com.tr\/index.php\/urun\/don-juan-hepsi-sana-miras-serisi-10\/"},"modified":"2026-04-16T02:20:35","modified_gmt":"2026-04-15T23:20:35","slug":"don-juan-hepsi-sana-miras-serisi-10","status":"publish","type":"product","link":"https:\/\/roveyayinevi.com.tr\/index.php\/urun\/don-juan-hepsi-sana-miras-serisi-10\/","title":{"rendered":"Don Juan &#8211; Hepsi Sana Miras Serisi 10"},"content":{"rendered":"<p>\u201cSiz delisiniz, efendim.\u201d \u201cYanl\u0131\u015f: Ya\u015fayan biriyim ben, hepsi bu.\u201d     Bir gece Commendatore, Don Juan\u2019\u0131 k\u0131z\u0131n\u0131 zorla \u00f6pmeye \u00e7al\u0131\u015f\u0131rken yakalar ve onu d\u00fcelloya davet eder. Don Juan galip gelir fakat bu, hazin bir sonunun ba\u015flang\u0131c\u0131d\u0131r.   On kitapl\u0131k HEPS\u0130 SANA M\u0130RAS serisinin sonuncu kitab\u0131nda Don Juan\u2019\u0131n e\u015fsiz hik\u00e2yesini, AlessandroBaricco yeniden anlat\u0131yor, Alessandro Maria Nacarresimliyor.     HEPS\u0130 SANA M\u0130RAS serisi hakk\u0131nda: PEK\u0130 YA BUG\u00dcN\u00dcN B\u00dcY\u00dcK YAZARLARI, T\u00dcM ZAMANLARIN EN B\u00dcY\u00dcK H\u0130KAYELER\u0130N\u0130 SANA YEN\u0130DEN ANLATSA. Unutulmakta olan klasikleri, bug\u00fcn\u00fcn b\u00fcy\u00fck yazarlar\u0131n\u0131n yard\u0131m\u0131yla \u00e7ocuklarla bulu\u015fturmak. \u0130\u015fte HEPS\u0130 SANA M\u0130RAS serisinin amac\u0131 bu. \u00dcnl\u00fc \u0130talyan yazar AlessandroBaricco&#8217;nun d\u00fcnyan\u0131n d\u00f6rt yan\u0131ndaki yazar dostlar\u0131n\u0131 yard\u0131ma \u00e7a\u011f\u0131rmas\u0131 ile ortaya \u00e7\u0131km\u0131\u015f bir &#8220;kurtarma botu&#8221;. Umberto Eco&#8217;danJonathanCoe&#8217;ya, DaveEggers&#8217;tan Ali Smith&#8217;e, g\u00fcn\u00fcm\u00fcz\u00fcn \u00f6nemli yazarlar\u0131 birer klasik se\u00e7ip, bunlar\u0131 sanki kendi \u00e7ocuklar\u0131na anlat\u0131rm\u0131\u015f gibi, etkileyici ama kolay anla\u015f\u0131l\u0131r bir dille yeniden hik\u00e2yelendirdi. \u00dcstelik zaman zaman kendi hayal g\u00fc\u00e7leriyle zenginle\u015ftirmekten de ka\u00e7\u0131nmayarak. Ve yine g\u00fcn\u00fcm\u00fcz\u00fcn \u00f6nemli \u00e7izerleri bu metinleri resimlediler. HEPS\u0130 SANA M\u0130RAS (\u00f6zg\u00fcn isim: SaveTheStory) serisinde anlat\u0131m dilinden g\u00f6rsel tasar\u0131ma kadar her \u015fey klasikleri \u00e7ocuklara sevdirmek amac\u0131yla tasarland\u0131. Ama san\u0131r\u0131z yeti\u015fkinler de okurken b\u00fcy\u00fck keyif alacaklar.   * \u201cKlasiklerin yar\u0131m yamalak \u00e7evirilerini, ya da do\u011fru d\u00fczg\u00fcn sadele\u015ftirilmi\u015f bask\u0131lar\u0131 olmad\u0131\u011f\u0131 i\u00e7in, g\u00fczel de olsa \u2018zorlu\u2019 orijinal bask\u0131lar\u0131n\u0131 okumak zorunda kalarak, edebiyattan da klasiklerden de so\u011fuyacak bir ku\u015fa\u011f\u0131n bu seriyle \u00f6n\u00fcne ge\u00e7ilebilir.\u201d Asl\u0131 Tohumcu \u2013 Radikal Kitap   \u201cMatbuat aleminde iyi \u015feyler oluyor. Kapak tasar\u0131m\u0131ndan sayfa d\u00fczenine, renk se\u00e7iminden resimlere bug\u00fcne dek kar\u015f\u0131la\u015ft\u0131\u011f\u0131n\u0131z en \u015f\u0131k kitaplar.\u201d \u015eeref Birsel \u2013 \u0130yi Kitap <\/p>\n","protected":false},"excerpt":{"rendered":"<p>\u201cSiz delisiniz, efendim.\u201d \u201cYanl\u0131\u015f: Ya\u015fayan biriyim ben, hepsi bu.\u201d Bir gece Commendatore, Don Juan\u2019\u0131 k\u0131z\u0131n\u0131 zorla \u00f6pmeye \u00e7al\u0131\u015f\u0131rken yakalar ve onu d\u00fcelloya davet eder. Don Juan<span class=\"excerpt-hellip\"> [\u2026]<\/span><\/p>\n","protected":false},"featured_media":0,"template":"","meta":{"_monsterinsights_skip_tracking":false,"_monsterinsights_sitenote_active":false,"_monsterinsights_sitenote_note":"","_monsterinsights_sitenote_category":0},"product_brand":[],"product_cat":[12275,12274],"product_tag":[],"class_list":{"0":"post-711951","1":"product","2":"type-product","3":"status-publish","5":"product_cat-6-12-yas-kitaplari","6":"product_cat-cocuk-ve-genclik-kitaplari","7":"pa_cilt-ciltsiz","8":"pa_tur-kitap","9":"pa_yayinevi-domingo-yayinevi","10":"pa_yazar-alessandro-baricco","12":"first","13":"instock","14":"sale","15":"shipping-taxable","16":"purchasable","17":"product-type-simple"},"_links":{"self":[{"href":"https:\/\/roveyayinevi.com.tr\/index.php\/wp-json\/wp\/v2\/product\/711951","targetHints":{"allow":["GET"]}}],"collection":[{"href":"https:\/\/roveyayinevi.com.tr\/index.php\/wp-json\/wp\/v2\/product"}],"about":[{"href":"https:\/\/roveyayinevi.com.tr\/index.php\/wp-json\/wp\/v2\/types\/product"}],"wp:attachment":[{"href":"https:\/\/roveyayinevi.com.tr\/index.php\/wp-json\/wp\/v2\/media?parent=711951"}],"wp:term":[{"taxonomy":"product_brand","embeddable":true,"href":"https:\/\/roveyayinevi.com.tr\/index.php\/wp-json\/wp\/v2\/product_brand?post=711951"},{"taxonomy":"product_cat","embeddable":true,"href":"https:\/\/roveyayinevi.com.tr\/index.php\/wp-json\/wp\/v2\/product_cat?post=711951"},{"taxonomy":"product_tag","embeddable":true,"href":"https:\/\/roveyayinevi.com.tr\/index.php\/wp-json\/wp\/v2\/product_tag?post=711951"}],"curies":[{"name":"wp","href":"https:\/\/api.w.org\/{rel}","templated":true}]}}