{"id":711946,"date":"2025-08-27T16:50:53","date_gmt":"2025-08-27T13:50:53","guid":{"rendered":"https:\/\/roveyayinevi.com.tr\/index.php\/urun\/vahsi-kizlar\/"},"modified":"2026-04-16T02:20:35","modified_gmt":"2026-04-15T23:20:35","slug":"vahsi-kizlar","status":"publish","type":"product","link":"https:\/\/roveyayinevi.com.tr\/index.php\/urun\/vahsi-kizlar\/","title":{"rendered":"Vah\u015fi K\u0131zlar"},"content":{"rendered":"<p>Nebula \u00d6d\u00fcl\u00fc\u2019ne lay\u0131k g\u00f6r\u00fclm\u00fc\u015f bu \u00e7al\u0131\u015fmada, k\u0131l\u0131\u00e7 ve ipek toplumunda esir al\u0131nm\u0131\u015f, adaleti bulma azimleri onlar\u0131 \u015fiddetli ve a\u015fkla dolu bir sona kavu\u015fturan iki \u201ctoprak \u00e7ocu\u011funun\u201d hik\u00e2yesi anlat\u0131lmaktad\u0131r. Kitapta ayn\u0131 zamanda \u015firketle\u015fmi\u015f yay\u0131nc\u0131l\u0131\u011f\u0131n iddialar\u0131n\u0131 ve kapitalizmin temel varsay\u0131mlar\u0131n\u0131 \u00e7\u00fcr\u00fcten \u201cOkurken Uyan\u0131k Kalmak\u201d adl\u0131 bir deneme; bunun yan\u0131 s\u0131ra Amerika\u2019n\u0131n en tan\u0131nm\u0131\u015f bilimkurgu yazar\u0131 olan Le Guin ile yap\u0131lm\u0131\u015f ve onun bilinmeyen yanlar\u0131n\u0131 g\u00f6zler \u00f6n\u00fcne seren \u201cA\u00e7\u0131ks\u00f6zl\u00fc Bir S\u00f6yle\u015fi\u201d ba\u015fl\u0131kl\u0131 bir m\u00fclakat da yer almaktad\u0131r&#8230;   \u201cFantezi \u00c2leminin Krali\u00e7esi\u201d \u2014Washington Post   \u201cKurmacan\u0131n b\u00fct\u00fcn b\u00fcy\u00fck yazarlar\u0131 gibi, Ursula K. Le Guin bizi yeniden canland\u0131ran, y\u00fcreklerimizi hafifleten hayali d\u00fcnyalar yarat\u0131yor.\u201d \u2014Boston Globe   \u201cOnun karakterleri karma\u015f\u0131k ve ak\u0131ldan \u00e7\u0131kmayan ve yazarl\u0131\u011f\u0131 g\u00fc\u00e7l\u00fc sezi\u015fiyle dikkat \u00e7ekicidir.\u201d \u2014Time   \u201cKalemini nadiren g\u00f6r\u00fclen bir ahlaki ve psikolojik entelekt\u00fcellikle kullan\u0131yor. Ger\u00e7ekten yapt\u0131\u011f\u0131 \u015fey fabllar yazmakt\u0131r: Hayat, \u00f6l\u00fcm, a\u015fk ve cinsellik gibi d\u00fcnyevi meseleler hakk\u0131nda ola\u011fan\u00fcst\u00fc bir \u015fekilde \u00e7apra\u015f\u0131k ve muazzam yarat\u0131c\u0131 masallar.\u201d \u2014Newsweek   \u201cKendine has ve inand\u0131r\u0131c\u0131 olmalar\u0131 itibariyle, Le Guin\u2019in karakterleri uzun soluklu bir ya\u015fama sahiptirler.\u201d \u2014PublishersWeekly   \u201cOnun d\u00fcnyalar\u0131 kat\u0131 bir sanatk\u00e2rl\u0131kla bi\u00e7imlenmi\u015f psikolojik \u00f6nsezileri akla kaz\u0131yor.\u201d \u2014Library Journal   \u201cA\u015f\u0131r\u0131l\u0131k, risk ve zek\u00e2 istiyorsan\u0131z, Le Guin\u2019i deneyin.\u201d \u2014San Francisco Chronicle <\/p>\n","protected":false},"excerpt":{"rendered":"<p>Nebula \u00d6d\u00fcl\u00fc\u2019ne lay\u0131k g\u00f6r\u00fclm\u00fc\u015f bu \u00e7al\u0131\u015fmada, k\u0131l\u0131\u00e7 ve ipek toplumunda esir al\u0131nm\u0131\u015f, adaleti bulma azimleri onlar\u0131 \u015fiddetli ve a\u015fkla dolu bir sona kavu\u015fturan iki \u201ctoprak \u00e7ocu\u011funun\u201d<span class=\"excerpt-hellip\"> [\u2026]<\/span><\/p>\n","protected":false},"featured_media":0,"template":"","meta":{"_monsterinsights_skip_tracking":false,"_monsterinsights_sitenote_active":false,"_monsterinsights_sitenote_note":"","_monsterinsights_sitenote_category":0},"product_brand":[],"product_cat":[12540,12291],"product_tag":[],"class_list":{"0":"post-711946","1":"product","2":"type-product","3":"status-publish","5":"product_cat-bilim-kurgu","6":"product_cat-edebiyat","7":"pa_cilt-ciltsiz","8":"pa_tur-kitap","9":"pa_yayinevi-ayrinti-yayinlari","10":"pa_yazar-ursula-k-le-guin","12":"first","13":"instock","14":"sale","15":"shipping-taxable","16":"purchasable","17":"product-type-simple"},"_links":{"self":[{"href":"https:\/\/roveyayinevi.com.tr\/index.php\/wp-json\/wp\/v2\/product\/711946","targetHints":{"allow":["GET"]}}],"collection":[{"href":"https:\/\/roveyayinevi.com.tr\/index.php\/wp-json\/wp\/v2\/product"}],"about":[{"href":"https:\/\/roveyayinevi.com.tr\/index.php\/wp-json\/wp\/v2\/types\/product"}],"wp:attachment":[{"href":"https:\/\/roveyayinevi.com.tr\/index.php\/wp-json\/wp\/v2\/media?parent=711946"}],"wp:term":[{"taxonomy":"product_brand","embeddable":true,"href":"https:\/\/roveyayinevi.com.tr\/index.php\/wp-json\/wp\/v2\/product_brand?post=711946"},{"taxonomy":"product_cat","embeddable":true,"href":"https:\/\/roveyayinevi.com.tr\/index.php\/wp-json\/wp\/v2\/product_cat?post=711946"},{"taxonomy":"product_tag","embeddable":true,"href":"https:\/\/roveyayinevi.com.tr\/index.php\/wp-json\/wp\/v2\/product_tag?post=711946"}],"curies":[{"name":"wp","href":"https:\/\/api.w.org\/{rel}","templated":true}]}}