{"id":711944,"date":"2025-08-27T16:50:52","date_gmt":"2025-08-27T13:50:52","guid":{"rendered":"https:\/\/roveyayinevi.com.tr\/index.php\/urun\/sanatin-anlami\/"},"modified":"2025-10-01T04:25:57","modified_gmt":"2025-10-01T01:25:57","slug":"sanatin-anlami","status":"publish","type":"product","link":"https:\/\/roveyayinevi.com.tr\/index.php\/urun\/sanatin-anlami\/","title":{"rendered":"Sanat\u0131n Anlam\u0131"},"content":{"rendered":"<p>Sanattaki bi\u00e7im eleman\u0131n insandaki devaml\u0131 kar\u015f\u0131l\u0131\u011f\u0131 g\u00fczellik duygusudur. De\u011fi\u015fmez olan duyarl\u0131l\u0131kt\u0131r. De\u011fi\u015fen, insan\u0131n alg\u0131lar\u0131n\u0131 ve zihinsel hayat\u0131n\u0131 soyutla\u015ft\u0131rarak, kendi ba\u015f\u0131na kurdu\u011fu anlay\u0131\u015ft\u0131r ve sanattaki de\u011fi\u015fken eleman\u0131, yani ifadeyi buna bor\u00e7luyuz.Sanat eseri bir bak\u0131ma ki\u015fili\u011fin kurtulu\u015fudur. Normal olarak duygular\u0131m\u0131z bask\u0131 alt\u0131nda ve dizginlenmi\u015ftir. Bir sanat eseri \u00fczerinde durdu\u011fumuz zaman ans\u0131z\u0131n bir bo\u015fanma olur. Bu sadece bir bo\u015fanma de\u011fil \u2013sempati de duygular\u0131n bir bo\u015fanmas\u0131d\u0131r- ayn\u0131 zamanda bir y\u00fckselme, gerginle\u015fme ve y\u00fccelmedir. \u0130\u015fte sanat ve duygululuk aras\u0131ndaki ayr\u0131l\u0131k budur: duygululuk bir bo\u015fanma fakat ayn\u0131 zamanda duygular\u0131n gev\u015femesi ve rahatlamas\u0131d\u0131r. Sanat ise bir bo\u015fanma fakat ayn\u0131 zamanda bir dizginlemedir. Sanat tutumlu bir duygu, iyi bi\u00e7im yaratan bir heyecand\u0131r. <\/p>\n","protected":false},"excerpt":{"rendered":"<p>Sanattaki bi\u00e7im eleman\u0131n insandaki devaml\u0131 kar\u015f\u0131l\u0131\u011f\u0131 g\u00fczellik duygusudur. De\u011fi\u015fmez olan duyarl\u0131l\u0131kt\u0131r. De\u011fi\u015fen, insan\u0131n alg\u0131lar\u0131n\u0131 ve zihinsel hayat\u0131n\u0131 soyutla\u015ft\u0131rarak, kendi ba\u015f\u0131na kurdu\u011fu anlay\u0131\u015ft\u0131r ve sanattaki de\u011fi\u015fken eleman\u0131,<span class=\"excerpt-hellip\"> [\u2026]<\/span><\/p>\n","protected":false},"featured_media":0,"template":"","meta":{"_monsterinsights_skip_tracking":false,"_monsterinsights_sitenote_active":false,"_monsterinsights_sitenote_note":"","_monsterinsights_sitenote_category":0},"product_brand":[],"product_cat":[12408,14197],"product_tag":[],"class_list":{"0":"post-711944","1":"product","2":"type-product","3":"status-publish","5":"product_cat-sanat","6":"product_cat-sanat-tarihi","7":"pa_cilt-ciltsiz","8":"pa_tur-kitap","9":"pa_yayinevi-hayalperest-yayinlari","10":"pa_yazar-herbert-read","12":"first","13":"instock","14":"sale","15":"shipping-taxable","16":"purchasable","17":"product-type-simple"},"_links":{"self":[{"href":"https:\/\/roveyayinevi.com.tr\/index.php\/wp-json\/wp\/v2\/product\/711944","targetHints":{"allow":["GET"]}}],"collection":[{"href":"https:\/\/roveyayinevi.com.tr\/index.php\/wp-json\/wp\/v2\/product"}],"about":[{"href":"https:\/\/roveyayinevi.com.tr\/index.php\/wp-json\/wp\/v2\/types\/product"}],"wp:attachment":[{"href":"https:\/\/roveyayinevi.com.tr\/index.php\/wp-json\/wp\/v2\/media?parent=711944"}],"wp:term":[{"taxonomy":"product_brand","embeddable":true,"href":"https:\/\/roveyayinevi.com.tr\/index.php\/wp-json\/wp\/v2\/product_brand?post=711944"},{"taxonomy":"product_cat","embeddable":true,"href":"https:\/\/roveyayinevi.com.tr\/index.php\/wp-json\/wp\/v2\/product_cat?post=711944"},{"taxonomy":"product_tag","embeddable":true,"href":"https:\/\/roveyayinevi.com.tr\/index.php\/wp-json\/wp\/v2\/product_tag?post=711944"}],"curies":[{"name":"wp","href":"https:\/\/api.w.org\/{rel}","templated":true}]}}