{"id":711942,"date":"2025-08-27T16:50:51","date_gmt":"2025-08-27T13:50:51","guid":{"rendered":"https:\/\/roveyayinevi.com.tr\/index.php\/urun\/kucuk-prens-ozel-baski-mavi-ciltli\/"},"modified":"2026-04-16T02:20:35","modified_gmt":"2026-04-15T23:20:35","slug":"kucuk-prens-ozel-baski-mavi-ciltli","status":"publish","type":"product","link":"https:\/\/roveyayinevi.com.tr\/index.php\/urun\/kucuk-prens-ozel-baski-mavi-ciltli\/","title":{"rendered":"K\u00fc\u00e7\u00fck Prens &#8211; \u00d6zel Bask\u0131 Mavi (Ciltli)"},"content":{"rendered":"<p>\u201cHo\u015f\u00e7a git,\u201d dedi tilki. \u201cVerece\u011fim s\u0131r \u00e7ok basit:\u0130nsan ancak y\u00fcre\u011fiyle bakt\u0131\u011f\u0131 zaman do\u011fruyu g\u00f6rebilir.Ger\u00e7e\u011fin mayas\u0131 g\u00f6zle g\u00f6r\u00fclmez.\u201dK\u00fc\u00e7\u00fck Prens unutmamak i\u00e7in tekrarlad\u0131:\u201cGer\u00e7e\u011fin mayas\u0131 g\u00f6zle g\u00f6r\u00fclmez.\u201d<\/p>\n","protected":false},"excerpt":{"rendered":"<p>\u201cHo\u015f\u00e7a git,\u201d dedi tilki. \u201cVerece\u011fim s\u0131r \u00e7ok basit:\u0130nsan ancak y\u00fcre\u011fiyle bakt\u0131\u011f\u0131 zaman do\u011fruyu g\u00f6rebilir.Ger\u00e7e\u011fin mayas\u0131 g\u00f6zle g\u00f6r\u00fclmez.\u201dK\u00fc\u00e7\u00fck Prens unutmamak i\u00e7in tekrarlad\u0131:\u201cGer\u00e7e\u011fin mayas\u0131 g\u00f6zle g\u00f6r\u00fclmez.\u201d<\/p>\n","protected":false},"featured_media":0,"template":"","meta":{"_monsterinsights_skip_tracking":false,"_monsterinsights_sitenote_active":false,"_monsterinsights_sitenote_note":"","_monsterinsights_sitenote_category":0},"product_brand":[],"product_cat":[30023,13527],"product_tag":[],"class_list":{"0":"post-711942","1":"product","2":"type-product","3":"status-publish","5":"product_cat-edebiyat-sureli-yayinlar","6":"product_cat-sureli-yayinlar","7":"pa_cilt-ciltli","8":"pa_tur-kitap","9":"pa_yayinevi-can-cocuk-yayinlari","10":"pa_yazar-antoine-de-saint-exupery","12":"first","13":"instock","14":"sale","15":"shipping-taxable","16":"purchasable","17":"product-type-simple"},"_links":{"self":[{"href":"https:\/\/roveyayinevi.com.tr\/index.php\/wp-json\/wp\/v2\/product\/711942","targetHints":{"allow":["GET"]}}],"collection":[{"href":"https:\/\/roveyayinevi.com.tr\/index.php\/wp-json\/wp\/v2\/product"}],"about":[{"href":"https:\/\/roveyayinevi.com.tr\/index.php\/wp-json\/wp\/v2\/types\/product"}],"wp:attachment":[{"href":"https:\/\/roveyayinevi.com.tr\/index.php\/wp-json\/wp\/v2\/media?parent=711942"}],"wp:term":[{"taxonomy":"product_brand","embeddable":true,"href":"https:\/\/roveyayinevi.com.tr\/index.php\/wp-json\/wp\/v2\/product_brand?post=711942"},{"taxonomy":"product_cat","embeddable":true,"href":"https:\/\/roveyayinevi.com.tr\/index.php\/wp-json\/wp\/v2\/product_cat?post=711942"},{"taxonomy":"product_tag","embeddable":true,"href":"https:\/\/roveyayinevi.com.tr\/index.php\/wp-json\/wp\/v2\/product_tag?post=711942"}],"curies":[{"name":"wp","href":"https:\/\/api.w.org\/{rel}","templated":true}]}}