{"id":711939,"date":"2025-08-27T16:50:50","date_gmt":"2025-08-27T13:50:50","guid":{"rendered":"https:\/\/roveyayinevi.com.tr\/index.php\/urun\/karanliktan-onceki-yaz\/"},"modified":"2026-04-16T02:20:35","modified_gmt":"2026-04-15T23:20:35","slug":"karanliktan-onceki-yaz","status":"publish","type":"product","link":"https:\/\/roveyayinevi.com.tr\/index.php\/urun\/karanliktan-onceki-yaz\/","title":{"rendered":"Karanl\u0131ktan \u00d6nceki Yaz"},"content":{"rendered":"<p>\u00d6nce Stefan Zweig, ard\u0131ndan daktilosuyla beraber sevgilisi Lotte gelir. Onu ba\u015fka bir \u00fcnl\u00fc Avusturyal\u0131 yazar izler: Joseph Roth. Sonra ba\u015fkalar\u0131 da s\u00f6k\u00fcn eder: ba\u015fka yazarlar, muhalifler, ayd\u0131nlar\u2026Sene 1936\u2019d\u0131r. Fa\u015fizmin yersiz yurtsuzla\u015ft\u0131rd\u0131\u011f\u0131 bu insanlar, Bel\u00e7ika\u2019n\u0131n k\u00fc\u00e7\u00fck sayfiye kenti Oostende\u2019de son kez bir araya gelirler. Kitaplar\u0131 yasaklanm\u0131\u015f, kendileri kovu\u015fturulmu\u015ftur. Avrupa topyek\u00fbn sava\u015f\u0131n ve y\u0131k\u0131m\u0131n e\u015fi\u011findeyken, zorunlu ya da g\u00f6n\u00fcll\u00fc s\u00fcrg\u00fcnd\u00fcrler. Fa\u015fizm ve \u00e7ok ge\u00e7meden de sava\u015f, Avrupa\u2019y\u0131 b\u00fcsb\u00fct\u00fcn yutmadan \u00f6nce Oostende\u2019de k\u0131sac\u0131k bir an birbirlerine yaslan\u0131rlar.Karanl\u0131ktan \u00d6nceki Yaz i\u015fte bu k\u0131sa ana, dayan\u0131\u015fma ruhuna ayna tutuyor: dostlu\u011fa, a\u015fka, umuda ve \u00e7aresizli\u011fe. \u00c7\u00fcnk\u00fc bir daha hi\u00e7bir \u015fey eskisi gibi olmayacak. <\/p>\n","protected":false},"excerpt":{"rendered":"<p>\u00d6nce Stefan Zweig, ard\u0131ndan daktilosuyla beraber sevgilisi Lotte gelir. Onu ba\u015fka bir \u00fcnl\u00fc Avusturyal\u0131 yazar izler: Joseph Roth. Sonra ba\u015fkalar\u0131 da s\u00f6k\u00fcn eder: ba\u015fka yazarlar, muhalifler,<span class=\"excerpt-hellip\"> [\u2026]<\/span><\/p>\n","protected":false},"featured_media":0,"template":"","meta":{"_monsterinsights_skip_tracking":false,"_monsterinsights_sitenote_active":false,"_monsterinsights_sitenote_note":"","_monsterinsights_sitenote_category":0},"product_brand":[],"product_cat":[18545,12291],"product_tag":[],"class_list":{"0":"post-711939","1":"product","2":"type-product","3":"status-publish","5":"product_cat-anlati","6":"product_cat-edebiyat","7":"pa_cilt-ciltsiz","8":"pa_tur-kitap","9":"pa_yayinevi-can-yayinlari","10":"pa_yazar-volker-weidermann","12":"first","13":"instock","14":"sale","15":"shipping-taxable","16":"purchasable","17":"product-type-simple"},"_links":{"self":[{"href":"https:\/\/roveyayinevi.com.tr\/index.php\/wp-json\/wp\/v2\/product\/711939","targetHints":{"allow":["GET"]}}],"collection":[{"href":"https:\/\/roveyayinevi.com.tr\/index.php\/wp-json\/wp\/v2\/product"}],"about":[{"href":"https:\/\/roveyayinevi.com.tr\/index.php\/wp-json\/wp\/v2\/types\/product"}],"wp:attachment":[{"href":"https:\/\/roveyayinevi.com.tr\/index.php\/wp-json\/wp\/v2\/media?parent=711939"}],"wp:term":[{"taxonomy":"product_brand","embeddable":true,"href":"https:\/\/roveyayinevi.com.tr\/index.php\/wp-json\/wp\/v2\/product_brand?post=711939"},{"taxonomy":"product_cat","embeddable":true,"href":"https:\/\/roveyayinevi.com.tr\/index.php\/wp-json\/wp\/v2\/product_cat?post=711939"},{"taxonomy":"product_tag","embeddable":true,"href":"https:\/\/roveyayinevi.com.tr\/index.php\/wp-json\/wp\/v2\/product_tag?post=711939"}],"curies":[{"name":"wp","href":"https:\/\/api.w.org\/{rel}","templated":true}]}}