{"id":711938,"date":"2025-08-27T16:50:49","date_gmt":"2025-08-27T13:50:49","guid":{"rendered":"https:\/\/roveyayinevi.com.tr\/index.php\/urun\/bir-balik-bir-baska-baliga-onu-sevdigini-soyler-mi\/"},"modified":"2026-04-16T02:20:35","modified_gmt":"2026-04-15T23:20:35","slug":"bir-balik-bir-baska-baliga-onu-sevdigini-soyler-mi","status":"publish","type":"product","link":"https:\/\/roveyayinevi.com.tr\/index.php\/urun\/bir-balik-bir-baska-baliga-onu-sevdigini-soyler-mi\/","title":{"rendered":"Bir Bal\u0131k Bir Ba\u015fka Bal\u0131\u011fa Onu Sevdi\u011fini S\u00f6yler Mi?"},"content":{"rendered":"<p>Bal\u0131klar\u0131n sessizli\u011fine ili\u015fkin bir \u015f\u00fcphe seziyorum, bu sorunun alt\u0131nda. B\u00fcy\u00fcklerin ku\u015fkuculu\u011funun \u00e7ocuklara da bula\u015fmas\u0131 ne ac\u0131 verici. Hay\u0131r: Bir bal\u0131k ba\u015fka bir bal\u0131\u011fa onu sevdi\u011fini s\u00f6ylemez. Onlar, \u00e7\u00fcnk\u00fc, biribirilerine kar\u015f\u0131 yans\u0131zd\u0131rlar. Bir kay\u0131ts\u0131zl\u0131k anlam\u0131 \u00e7\u0131kar\u0131lmamal\u0131 buradan, hemen: Bal\u0131klar biribirilerine dokunur, biribirileriyle oynar, biribirilerini yerler. Ne iyilik y\u00f6nlendirir onlar\u0131, ne k\u00f6t\u00fcl\u00fck. Kimileri safdil, kimileri kurnaz de\u011fildir. Bir bal\u0131k, hepsi hepsi, \u00f6tekinin sonsuzlu\u011fudur. Onlara al\u0131\u015facaksan b\u00f6yle al\u0131\u015f. Bal\u0131klar\u0131 insanlara benzetme. <\/p>\n","protected":false},"excerpt":{"rendered":"<p>Bal\u0131klar\u0131n sessizli\u011fine ili\u015fkin bir \u015f\u00fcphe seziyorum, bu sorunun alt\u0131nda. B\u00fcy\u00fcklerin ku\u015fkuculu\u011funun \u00e7ocuklara da bula\u015fmas\u0131 ne ac\u0131 verici. Hay\u0131r: Bir bal\u0131k ba\u015fka bir bal\u0131\u011fa onu sevdi\u011fini s\u00f6ylemez.<span class=\"excerpt-hellip\"> [\u2026]<\/span><\/p>\n","protected":false},"featured_media":0,"template":"","meta":{"_monsterinsights_skip_tracking":false,"_monsterinsights_sitenote_active":false,"_monsterinsights_sitenote_note":"","_monsterinsights_sitenote_category":0},"product_brand":[],"product_cat":[12777,12291],"product_tag":[],"class_list":{"0":"post-711938","1":"product","2":"type-product","3":"status-publish","5":"product_cat-deneme","6":"product_cat-edebiyat","7":"pa_cilt-ciltli","8":"pa_tur-kitap","9":"pa_yayinevi-cinar-yayinlari","10":"pa_yazar-enis-batur-selcuk-demirel","12":"first","13":"instock","14":"sale","15":"shipping-taxable","16":"purchasable","17":"product-type-simple"},"_links":{"self":[{"href":"https:\/\/roveyayinevi.com.tr\/index.php\/wp-json\/wp\/v2\/product\/711938","targetHints":{"allow":["GET"]}}],"collection":[{"href":"https:\/\/roveyayinevi.com.tr\/index.php\/wp-json\/wp\/v2\/product"}],"about":[{"href":"https:\/\/roveyayinevi.com.tr\/index.php\/wp-json\/wp\/v2\/types\/product"}],"wp:attachment":[{"href":"https:\/\/roveyayinevi.com.tr\/index.php\/wp-json\/wp\/v2\/media?parent=711938"}],"wp:term":[{"taxonomy":"product_brand","embeddable":true,"href":"https:\/\/roveyayinevi.com.tr\/index.php\/wp-json\/wp\/v2\/product_brand?post=711938"},{"taxonomy":"product_cat","embeddable":true,"href":"https:\/\/roveyayinevi.com.tr\/index.php\/wp-json\/wp\/v2\/product_cat?post=711938"},{"taxonomy":"product_tag","embeddable":true,"href":"https:\/\/roveyayinevi.com.tr\/index.php\/wp-json\/wp\/v2\/product_tag?post=711938"}],"curies":[{"name":"wp","href":"https:\/\/api.w.org\/{rel}","templated":true}]}}