{"id":711937,"date":"2025-08-27T16:50:49","date_gmt":"2025-08-27T13:50:49","guid":{"rendered":"https:\/\/roveyayinevi.com.tr\/index.php\/urun\/anno-domini-2071\/"},"modified":"2026-04-16T02:20:35","modified_gmt":"2026-04-15T23:20:35","slug":"anno-domini-2071","status":"publish","type":"product","link":"https:\/\/roveyayinevi.com.tr\/index.php\/urun\/anno-domini-2071\/","title":{"rendered":"Anno Domini 2071"},"content":{"rendered":"<p>\u201cBuhar makinelerini ve elektrikli telgraflar\u0131, demiryollar\u0131n\u0131 ve istimbotlar\u0131, da\u011f t\u00fcnellerini ve asma k\u00f6pr\u00fcleri, foto\u011fraf\u00e7\u0131l\u0131\u011f\u0131 ve gazhaneleri, kimyada at\u0131lan muazzam ad\u0131mlar\u0131, teleskoplar\u0131 ve mikroskoplar\u0131, dalg\u0131\u00e7 \u00e7anlar\u0131n\u0131 ve havac\u0131l\u0131\u011f\u0131 d\u00fc\u015f\u00fcnd\u00fcm; evet, y\u00fczlerce \u015fey daha zihnimde karma\u015f\u0131k bi\u00e7imde s\u0131raland\u0131, hepsi de bug\u00fcn ve ge\u00e7mi\u015f aras\u0131ndaki devasa farkl\u0131l\u0131\u011f\u0131 g\u00fcmb\u00fcr g\u00fcmb\u00fcr ilan ediyordu.\u201d 19. y\u00fczy\u0131lda Londinia\u2019da bir \u00f6\u011fleden sonra rahat koltu\u011funda otururken akl\u0131n\u0131 gelecek ve ilerleme \u00fczerine \u00e7e\u015fitli d\u00fc\u015f\u00fcncelerle me\u015fgul eden anlat\u0131c\u0131m\u0131z r\u00fcyas\u0131nda, son y\u00fczy\u0131lda ger\u00e7ekle\u015fen bilimsel geli\u015fmeleri 6 as\u0131r \u00f6ncesinde tahmin etti\u011fi i\u00e7in bir k\u00e2hin gibi g\u00f6r\u00fclen, ya\u015fad\u0131\u011f\u0131 d\u00f6nemde ise anla\u015f\u0131lamayarak b\u00fcy\u00fcc\u00fcl\u00fck su\u00e7uyla zindana at\u0131lan filozof ve bilim insan\u0131 Roger Bacon\u2019\u0131 g\u00f6r\u00fcr ve kendini bir anda 2071 y\u0131l\u0131n\u0131n ilk g\u00fcn\u00fcnde bulur. \u0130lk bask\u0131s\u0131n\u0131 1871 y\u0131l\u0131nda yapm\u0131\u015f olan bu kitap, okuyucusunu y\u00fczy\u0131llar aras\u0131 bir yolculu\u011fa \u00e7\u0131kar\u0131yor. D\u00fcnyan\u0131n nas\u0131l de\u011fi\u015fti\u011fini ve hayallerin ka\u00e7\u0131n\u0131n bir hakikatler dizisine d\u00f6n\u00fc\u015ft\u00fc\u011f\u00fcn\u00fc g\u00f6steriyor, hatta bize yeni kehanetler sunuyor. <\/p>\n","protected":false},"excerpt":{"rendered":"<p>\u201cBuhar makinelerini ve elektrikli telgraflar\u0131, demiryollar\u0131n\u0131 ve istimbotlar\u0131, da\u011f t\u00fcnellerini ve asma k\u00f6pr\u00fcleri, foto\u011fraf\u00e7\u0131l\u0131\u011f\u0131 ve gazhaneleri, kimyada at\u0131lan muazzam ad\u0131mlar\u0131, teleskoplar\u0131 ve mikroskoplar\u0131, dalg\u0131\u00e7 \u00e7anlar\u0131n\u0131 ve<span class=\"excerpt-hellip\"> [\u2026]<\/span><\/p>\n","protected":false},"featured_media":0,"template":"","meta":{"_monsterinsights_skip_tracking":false,"_monsterinsights_sitenote_active":false,"_monsterinsights_sitenote_note":"","_monsterinsights_sitenote_category":0},"product_brand":[],"product_cat":[12540,12291],"product_tag":[],"class_list":{"0":"post-711937","1":"product","2":"type-product","3":"status-publish","5":"product_cat-bilim-kurgu","6":"product_cat-edebiyat","7":"pa_cilt-ciltsiz","8":"pa_tur-kitap","9":"pa_yayinevi-profil-kitap","10":"pa_yazar-pieter-harting","12":"first","13":"instock","14":"sale","15":"shipping-taxable","16":"purchasable","17":"product-type-simple"},"_links":{"self":[{"href":"https:\/\/roveyayinevi.com.tr\/index.php\/wp-json\/wp\/v2\/product\/711937","targetHints":{"allow":["GET"]}}],"collection":[{"href":"https:\/\/roveyayinevi.com.tr\/index.php\/wp-json\/wp\/v2\/product"}],"about":[{"href":"https:\/\/roveyayinevi.com.tr\/index.php\/wp-json\/wp\/v2\/types\/product"}],"wp:attachment":[{"href":"https:\/\/roveyayinevi.com.tr\/index.php\/wp-json\/wp\/v2\/media?parent=711937"}],"wp:term":[{"taxonomy":"product_brand","embeddable":true,"href":"https:\/\/roveyayinevi.com.tr\/index.php\/wp-json\/wp\/v2\/product_brand?post=711937"},{"taxonomy":"product_cat","embeddable":true,"href":"https:\/\/roveyayinevi.com.tr\/index.php\/wp-json\/wp\/v2\/product_cat?post=711937"},{"taxonomy":"product_tag","embeddable":true,"href":"https:\/\/roveyayinevi.com.tr\/index.php\/wp-json\/wp\/v2\/product_tag?post=711937"}],"curies":[{"name":"wp","href":"https:\/\/api.w.org\/{rel}","templated":true}]}}