{"id":711936,"date":"2025-08-27T16:50:48","date_gmt":"2025-08-27T13:50:48","guid":{"rendered":"https:\/\/roveyayinevi.com.tr\/index.php\/urun\/kediler-neden-kopeklerden-nefret-eder\/"},"modified":"2026-04-16T02:20:35","modified_gmt":"2026-04-15T23:20:35","slug":"kediler-neden-kopeklerden-nefret-eder","status":"publish","type":"product","link":"https:\/\/roveyayinevi.com.tr\/index.php\/urun\/kediler-neden-kopeklerden-nefret-eder\/","title":{"rendered":"Kediler Neden K\u00f6peklerden Nefret Eder?"},"content":{"rendered":"<p>Bir zamanlar k\u00f6pekler ve kediler hep beraber ya\u015fard\u0131. Mutluydular ve birbirlerini \u00e7ok severlerdi. Birlikte saklamba\u00e7 oynar ve b\u00fcy\u00fck partiler d\u00fczenlerlerdi. Ancak bir g\u00fcn k\u00f6pekler, kedileri \u00e7ok k\u0131zd\u0131racak bir \u015fey yapt\u0131lar. O g\u00fcnden beri k\u00f6pekler ve kediler birbirlerinden nefret ederler! Ancak kediler de bir keresinde k\u00f6pekleri \u00e7ok k\u0131zd\u0131rm\u0131\u015ft\u0131\u2026 Neler yapt\u0131klar\u0131n\u0131 \u00f6\u011frenmek isterseniz <\/p>\n","protected":false},"excerpt":{"rendered":"<p>Bir zamanlar k\u00f6pekler ve kediler hep beraber ya\u015fard\u0131. Mutluydular ve birbirlerini \u00e7ok severlerdi. Birlikte saklamba\u00e7 oynar ve b\u00fcy\u00fck partiler d\u00fczenlerlerdi. Ancak bir g\u00fcn k\u00f6pekler, kedileri \u00e7ok<span class=\"excerpt-hellip\"> [\u2026]<\/span><\/p>\n","protected":false},"featured_media":0,"template":"","meta":{"_monsterinsights_skip_tracking":false,"_monsterinsights_sitenote_active":false,"_monsterinsights_sitenote_note":"","_monsterinsights_sitenote_category":0},"product_brand":[],"product_cat":[12913,12274],"product_tag":[],"class_list":{"0":"post-711936","1":"product","2":"type-product","3":"status-publish","5":"product_cat-3-6-yas-kitaplari","6":"product_cat-cocuk-ve-genclik-kitaplari","7":"pa_cilt-ciltsiz","8":"pa_tur-kitap","9":"pa_yayinevi-kirmizi-kedi-yayinevi","10":"pa_yazar-celine-meisser","12":"first","13":"instock","14":"sale","15":"shipping-taxable","16":"purchasable","17":"product-type-simple"},"_links":{"self":[{"href":"https:\/\/roveyayinevi.com.tr\/index.php\/wp-json\/wp\/v2\/product\/711936","targetHints":{"allow":["GET"]}}],"collection":[{"href":"https:\/\/roveyayinevi.com.tr\/index.php\/wp-json\/wp\/v2\/product"}],"about":[{"href":"https:\/\/roveyayinevi.com.tr\/index.php\/wp-json\/wp\/v2\/types\/product"}],"wp:attachment":[{"href":"https:\/\/roveyayinevi.com.tr\/index.php\/wp-json\/wp\/v2\/media?parent=711936"}],"wp:term":[{"taxonomy":"product_brand","embeddable":true,"href":"https:\/\/roveyayinevi.com.tr\/index.php\/wp-json\/wp\/v2\/product_brand?post=711936"},{"taxonomy":"product_cat","embeddable":true,"href":"https:\/\/roveyayinevi.com.tr\/index.php\/wp-json\/wp\/v2\/product_cat?post=711936"},{"taxonomy":"product_tag","embeddable":true,"href":"https:\/\/roveyayinevi.com.tr\/index.php\/wp-json\/wp\/v2\/product_tag?post=711936"}],"curies":[{"name":"wp","href":"https:\/\/api.w.org\/{rel}","templated":true}]}}