{"id":711935,"date":"2025-08-27T16:50:47","date_gmt":"2025-08-27T13:50:47","guid":{"rendered":"https:\/\/roveyayinevi.com.tr\/index.php\/urun\/cirkin-ordek-yavrusu-2\/"},"modified":"2026-04-16T02:20:35","modified_gmt":"2026-04-15T23:20:35","slug":"cirkin-ordek-yavrusu-2","status":"publish","type":"product","link":"https:\/\/roveyayinevi.com.tr\/index.php\/urun\/cirkin-ordek-yavrusu-2\/","title":{"rendered":"\u00c7irkin \u00d6rdek Yavrusu"},"content":{"rendered":"<p>En sevilen masallar, \u0130talya\u2019n\u0131n en b\u00fcy\u00fck \u00e7izerlerinden Attilio Cassinelli\u2019nin k\u00fc\u00e7\u00fck okurlar\u0131n hayal g\u00fc\u00e7lerini besleyecek e\u015fsiz \u00e7izimleriyle yeniden hayat buluyor! n\u0131t\u0131m Metni<\/p>\n","protected":false},"excerpt":{"rendered":"<p>En sevilen masallar, \u0130talya\u2019n\u0131n en b\u00fcy\u00fck \u00e7izerlerinden Attilio Cassinelli\u2019nin k\u00fc\u00e7\u00fck okurlar\u0131n hayal g\u00fc\u00e7lerini besleyecek e\u015fsiz \u00e7izimleriyle yeniden hayat buluyor! n\u0131t\u0131m Metni<\/p>\n","protected":false},"featured_media":0,"template":"","meta":{"_monsterinsights_skip_tracking":false,"_monsterinsights_sitenote_active":false,"_monsterinsights_sitenote_note":"","_monsterinsights_sitenote_category":0},"product_brand":[],"product_cat":[12913,12274],"product_tag":[],"class_list":{"0":"post-711935","1":"product","2":"type-product","3":"status-publish","5":"product_cat-3-6-yas-kitaplari","6":"product_cat-cocuk-ve-genclik-kitaplari","7":"pa_cilt-ciltli","8":"pa_tur-kitap","9":"pa_yayinevi-ucan-fil-yayinlari","10":"pa_yazar-attilio-cassinelli","12":"first","13":"instock","14":"sale","15":"shipping-taxable","16":"purchasable","17":"product-type-simple"},"_links":{"self":[{"href":"https:\/\/roveyayinevi.com.tr\/index.php\/wp-json\/wp\/v2\/product\/711935","targetHints":{"allow":["GET"]}}],"collection":[{"href":"https:\/\/roveyayinevi.com.tr\/index.php\/wp-json\/wp\/v2\/product"}],"about":[{"href":"https:\/\/roveyayinevi.com.tr\/index.php\/wp-json\/wp\/v2\/types\/product"}],"wp:attachment":[{"href":"https:\/\/roveyayinevi.com.tr\/index.php\/wp-json\/wp\/v2\/media?parent=711935"}],"wp:term":[{"taxonomy":"product_brand","embeddable":true,"href":"https:\/\/roveyayinevi.com.tr\/index.php\/wp-json\/wp\/v2\/product_brand?post=711935"},{"taxonomy":"product_cat","embeddable":true,"href":"https:\/\/roveyayinevi.com.tr\/index.php\/wp-json\/wp\/v2\/product_cat?post=711935"},{"taxonomy":"product_tag","embeddable":true,"href":"https:\/\/roveyayinevi.com.tr\/index.php\/wp-json\/wp\/v2\/product_tag?post=711935"}],"curies":[{"name":"wp","href":"https:\/\/api.w.org\/{rel}","templated":true}]}}