{"id":711934,"date":"2025-08-27T16:50:47","date_gmt":"2025-08-27T13:50:47","guid":{"rendered":"https:\/\/roveyayinevi.com.tr\/index.php\/urun\/ornek-etkinliklerle-fen-egitiminde-argumantasyon\/"},"modified":"2026-04-16T02:20:35","modified_gmt":"2026-04-15T23:20:35","slug":"ornek-etkinliklerle-fen-egitiminde-argumantasyon","status":"publish","type":"product","link":"https:\/\/roveyayinevi.com.tr\/index.php\/urun\/ornek-etkinliklerle-fen-egitiminde-argumantasyon\/","title":{"rendered":"\u00d6rnek Etkinliklerle Fen E\u011fitiminde Arg\u00fcmantasyon"},"content":{"rendered":"<p>\u00d6\u011fretmenlerin s\u0131n\u0131f i\u00e7inde arg\u00fcmantasyonu uygulama durumlar\u0131n\u0131 inceleyen ara\u015ft\u0131rmalar, \u00f6\u011fretmenlerin arg\u00fcmantasyonu nas\u0131l uygulayacaklar\u0131 ile ilgili fazla bilgi sahibi olmad\u0131klar\u0131n\u0131 ya da \u00e7ok s\u0131n\u0131rl\u0131 olarak uygulad\u0131klar\u0131n\u0131 ortaya \u00e7\u0131karm\u0131\u015ft\u0131r. Bu durum \u00f6\u011fretmenlerimizin ve \u00f6\u011fretmen adaylar\u0131m\u0131z\u0131n arg\u00fcmantasyonu, arg\u00fcmantasyonun bile\u015fenlerini ve bunlar\u0131 derslerinde nas\u0131l uygulayacaklar\u0131 hakk\u0131nda bir rehbere ihtiya\u00e7 duydu\u011funu g\u00f6stermektedir. Ancak alan yaz\u0131nda arg\u00fcmantasyona y\u00f6nelik T\u00fcrk\u00e7e olarak \u00f6rneklerin ve uygulamalar\u0131n yer ald\u0131\u011f\u0131 bir kitap bulunmamaktad\u0131r. Bu kitap ile e\u011fitim fak\u00fcltelerinin Fen Bilimleri ve S\u0131n\u0131f \u00d6\u011fretmenli\u011fi b\u00f6l\u00fcm\u00fcnde \u00f6\u011frenim g\u00f6rmekte olan \u00f6\u011fretmen adaylar\u0131 ve Fen Bilimleri ve s\u0131n\u0131f \u00f6\u011fretmenlerinin derslerinde kullanabilecekleri \u00f6rnek etkinliklere, arg\u00fcmantasyonun bile\u015fenlerini ve arg\u00fcmantasyonu nas\u0131l kullanabileceklerini belirten a\u00e7\u0131klamalara yer verilmi\u015ftir. Bu kitap e\u011fitim fak\u00fcltelerinde Fen, Fizik, Kimya, Biyoloji E\u011fitimi ve S\u0131n\u0131f \u00d6\u011fretmenli\u011fi b\u00f6l\u00fcmlerindeki alan e\u011fitimi derslerinde, Fen Bilimleri Laboratuvar\u0131 I ve II dersinde, \u00d6zel \u00d6\u011fretim Y\u00f6ntemleri I ve II derslerinde, \u00d6\u011fretim \u0130lke ve Y\u00f6ntemleri dersinde kullan\u0131labilir. Ayr\u0131ca y\u00fcksek lisans ve doktora d\u00fczeyinde verilen arg\u00fcmantasyon ile ilgili derslerde de kaynak kitap olarak kullan\u0131labilir. <\/p>\n","protected":false},"excerpt":{"rendered":"<p>\u00d6\u011fretmenlerin s\u0131n\u0131f i\u00e7inde arg\u00fcmantasyonu uygulama durumlar\u0131n\u0131 inceleyen ara\u015ft\u0131rmalar, \u00f6\u011fretmenlerin arg\u00fcmantasyonu nas\u0131l uygulayacaklar\u0131 ile ilgili fazla bilgi sahibi olmad\u0131klar\u0131n\u0131 ya da \u00e7ok s\u0131n\u0131rl\u0131 olarak uygulad\u0131klar\u0131n\u0131 ortaya \u00e7\u0131karm\u0131\u015ft\u0131r.<span class=\"excerpt-hellip\"> [\u2026]<\/span><\/p>\n","protected":false},"featured_media":0,"template":"","meta":{"_monsterinsights_skip_tracking":false,"_monsterinsights_sitenote_active":false,"_monsterinsights_sitenote_note":"","_monsterinsights_sitenote_category":0},"product_brand":[],"product_cat":[12312,12304],"product_tag":[],"class_list":{"0":"post-711934","1":"product","2":"type-product","3":"status-publish","5":"product_cat-diger","6":"product_cat-tarih","7":"pa_cilt-ciltsiz","8":"pa_tur-kitap","9":"pa_yayinevi-ani-yayincilik","10":"pa_yazar-hilal-aktamis","12":"first","13":"instock","14":"sale","15":"shipping-taxable","16":"purchasable","17":"product-type-simple"},"_links":{"self":[{"href":"https:\/\/roveyayinevi.com.tr\/index.php\/wp-json\/wp\/v2\/product\/711934","targetHints":{"allow":["GET"]}}],"collection":[{"href":"https:\/\/roveyayinevi.com.tr\/index.php\/wp-json\/wp\/v2\/product"}],"about":[{"href":"https:\/\/roveyayinevi.com.tr\/index.php\/wp-json\/wp\/v2\/types\/product"}],"wp:attachment":[{"href":"https:\/\/roveyayinevi.com.tr\/index.php\/wp-json\/wp\/v2\/media?parent=711934"}],"wp:term":[{"taxonomy":"product_brand","embeddable":true,"href":"https:\/\/roveyayinevi.com.tr\/index.php\/wp-json\/wp\/v2\/product_brand?post=711934"},{"taxonomy":"product_cat","embeddable":true,"href":"https:\/\/roveyayinevi.com.tr\/index.php\/wp-json\/wp\/v2\/product_cat?post=711934"},{"taxonomy":"product_tag","embeddable":true,"href":"https:\/\/roveyayinevi.com.tr\/index.php\/wp-json\/wp\/v2\/product_tag?post=711934"}],"curies":[{"name":"wp","href":"https:\/\/api.w.org\/{rel}","templated":true}]}}