{"id":711933,"date":"2025-08-27T16:50:46","date_gmt":"2025-08-27T13:50:46","guid":{"rendered":"https:\/\/roveyayinevi.com.tr\/index.php\/urun\/dorduncu-yildiz-alman-futbolunun-kendini-yeniden-kesfi-ve-dunyayi-fethi\/"},"modified":"2026-04-16T02:20:35","modified_gmt":"2026-04-15T23:20:35","slug":"dorduncu-yildiz-alman-futbolunun-kendini-yeniden-kesfi-ve-dunyayi-fethi","status":"publish","type":"product","link":"https:\/\/roveyayinevi.com.tr\/index.php\/urun\/dorduncu-yildiz-alman-futbolunun-kendini-yeniden-kesfi-ve-dunyayi-fethi\/","title":{"rendered":"D\u00f6rd\u00fcnc\u00fc Y\u0131ld\u0131z: Alman Futbolunun Kendini Yeniden Ke\u015ffi ve D\u00fcnyay\u0131 Fethi"},"content":{"rendered":"<p>13 Temmuz 2014, D\u00fcnya Kupas\u0131 Finali, uzatmalar\u0131n son on dakikas\u0131, Andr\u00e9 Sch\u00fcrrle\u2019nin soldan kesti\u011fi ortay\u0131 kar\u015f\u0131lamak i\u00e7in ceza sahas\u0131ndaki Mario G\u00f6tze hafif\u00e7e s\u0131\u00e7r\u0131yor ve topu g\u00f6\u011fs\u00fcyle yumu\u015fat\u0131yor. Sol aya\u011f\u0131yla yere bas\u0131yor, sa\u011f aya\u011f\u0131yla ufak bir ad\u0131m at\u0131yor, havada s\u00fcz\u00fcl\u00fcrcesine sol aya\u011f\u0131yla topa hamle yap\u0131yor ve top yere de\u011fmeden Arjantin kalecisinin yan\u0131ndan ge\u00e7ip uzak k\u00f6\u015fedeki filelerle bulu\u015fuyor\u2026   \u0130\u015fte Almanya\u2019ya yakla\u015f\u0131k yirmi be\u015f y\u0131l sonra yeniden D\u00fcnya Kupas\u0131 getiren bu gol, tek bir \u00e2n\u0131n de\u011fil, y\u0131llarca \u00fczerinde \u00e7al\u0131\u015f\u0131lan bir sistemin sonucu. Belki de haddinden fazla sab\u0131r gerektiren bir m\u00fchendislik s\u00fcrecinin nihai \u00fcr\u00fcn\u00fc.   D\u00f6rd\u00fcnc\u00fc Y\u0131ld\u0131z\u2019da, gazeteci ve yorumcu Raphael Honigstein, Alman futbolunun 90\u2019lar\u0131n sonunda ba\u015flayan \u00e7\u00f6k\u00fc\u015f\u00fcnden G\u00f6tze\u2019nin gol\u00fcne kadar ge\u00e7en s\u00fcre\u00e7te nas\u0131l bir geri d\u00f6n\u00fc\u015f yapt\u0131\u011f\u0131n\u0131 ve b\u00f6yle bir ba\u015far\u0131n\u0131n arkas\u0131nda ne kadar muazzam bir emek oldu\u011funu g\u00f6zler \u00f6n\u00fcne seriyor. Bir \u00fclke olarak Almanya\u2019n\u0131n \u00fcretkenli\u011fine kar\u015f\u0131n futbolunun k\u0131s\u0131r kalmas\u0131ndan, g\u00f6\u00e7men ailelerin \u00e7ocuklar\u0131n\u0131n milli tak\u0131m\u0131n \u00f6nemli bir par\u00e7as\u0131 haline gelmesine; Bayernli ve Dortmundlu oyuncular\u0131n \u00e7eki\u015fmelerinden, merkez santraforsuz oynanarak gelen ba\u015far\u0131lara kadar yirmi y\u0131ll\u0131k s\u00fcre\u00e7teki neredeyse t\u00fcm ini\u015fler ve \u00e7\u0131k\u0131\u015flar bu kitapta kendine yer buluyor. Honigstein g\u00f6zlemlerinin yan\u0131 s\u0131ra yapt\u0131\u011f\u0131 r\u00f6portajlarla da bu ba\u015far\u0131n\u0131n ard\u0131nda ne yatt\u0131\u011f\u0131n\u0131 ortaya \u00e7\u0131kar\u0131p bizi Gary Lineker\u2019in s\u00f6z\u00fcn\u00fc hat\u0131rlamaya davet ediyor: \u201cFutbol basit bir oyundur; 22 adam 90 dakika boyunca bir topun pe\u015finde ko\u015far ve nihayetinde her zaman Almanlar kazan\u0131r.\u201d <\/p>\n","protected":false},"excerpt":{"rendered":"<p>13 Temmuz 2014, D\u00fcnya Kupas\u0131 Finali, uzatmalar\u0131n son on dakikas\u0131, Andr\u00e9 Sch\u00fcrrle\u2019nin soldan kesti\u011fi ortay\u0131 kar\u015f\u0131lamak i\u00e7in ceza sahas\u0131ndaki Mario G\u00f6tze hafif\u00e7e s\u0131\u00e7r\u0131yor ve topu g\u00f6\u011fs\u00fcyle<span class=\"excerpt-hellip\"> [\u2026]<\/span><\/p>\n","protected":false},"featured_media":0,"template":"","meta":{"_monsterinsights_skip_tracking":false,"_monsterinsights_sitenote_active":false,"_monsterinsights_sitenote_note":"","_monsterinsights_sitenote_category":0},"product_brand":[],"product_cat":[15563,15564],"product_tag":[],"class_list":{"0":"post-711933","1":"product","2":"type-product","3":"status-publish","5":"product_cat-hobi","6":"product_cat-spor","7":"pa_cilt-ciltsiz","8":"pa_tur-kitap","9":"pa_yayinevi-ithaki-yayinlari","10":"pa_yazar-raphael-honigstein","12":"first","13":"instock","14":"sale","15":"shipping-taxable","16":"purchasable","17":"product-type-simple"},"_links":{"self":[{"href":"https:\/\/roveyayinevi.com.tr\/index.php\/wp-json\/wp\/v2\/product\/711933","targetHints":{"allow":["GET"]}}],"collection":[{"href":"https:\/\/roveyayinevi.com.tr\/index.php\/wp-json\/wp\/v2\/product"}],"about":[{"href":"https:\/\/roveyayinevi.com.tr\/index.php\/wp-json\/wp\/v2\/types\/product"}],"wp:attachment":[{"href":"https:\/\/roveyayinevi.com.tr\/index.php\/wp-json\/wp\/v2\/media?parent=711933"}],"wp:term":[{"taxonomy":"product_brand","embeddable":true,"href":"https:\/\/roveyayinevi.com.tr\/index.php\/wp-json\/wp\/v2\/product_brand?post=711933"},{"taxonomy":"product_cat","embeddable":true,"href":"https:\/\/roveyayinevi.com.tr\/index.php\/wp-json\/wp\/v2\/product_cat?post=711933"},{"taxonomy":"product_tag","embeddable":true,"href":"https:\/\/roveyayinevi.com.tr\/index.php\/wp-json\/wp\/v2\/product_tag?post=711933"}],"curies":[{"name":"wp","href":"https:\/\/api.w.org\/{rel}","templated":true}]}}