{"id":711915,"date":"2025-08-27T16:50:38","date_gmt":"2025-08-27T13:50:38","guid":{"rendered":"https:\/\/roveyayinevi.com.tr\/index.php\/urun\/yks-2-oturum-felsefe-grubu-kartlari\/"},"modified":"2026-04-07T02:27:37","modified_gmt":"2026-04-06T23:27:37","slug":"yks-2-oturum-felsefe-grubu-kartlari","status":"publish","type":"product","link":"https:\/\/roveyayinevi.com.tr\/index.php\/urun\/yks-2-oturum-felsefe-grubu-kartlari\/","title":{"rendered":"YKS 2. Oturum Felsefe Grubu Kartlar\u0131"},"content":{"rendered":"<p>De\u011fi\u015fen lise programlar\u0131na uygun olarak haz\u0131rlad\u0131\u011f\u0131m\u0131z bu \u00e7al\u0131\u015fma YKS\u2019de ihtiya\u00e7 duyulan konular\u0131n tam kar\u015f\u0131l\u0131\u011f\u0131d\u0131r. Daha \u00f6nceki y\u0131llarda \u00e7\u0131km\u0131\u015f sorular analiz edilerek YKS\u2019de \u00e7\u0131kabilecek sorular\u0131 yakalay\u0131p, \u00e7\u00f6zmeye ili\u015fkin stratejiler ve ipu\u00e7lar\u0131 \u00f6zen g\u00f6sterilerek verilmi\u015ftir. Bu \u00e7al\u0131\u015fman\u0131n bir amac\u0131 da yo\u011fun ve yorucu s\u0131nav temposunda s\u0131nava gireceklere kolayl\u0131k sa\u011flamakt\u0131r. <\/p>\n","protected":false},"excerpt":{"rendered":"<p>De\u011fi\u015fen lise programlar\u0131na uygun olarak haz\u0131rlad\u0131\u011f\u0131m\u0131z bu \u00e7al\u0131\u015fma YKS\u2019de ihtiya\u00e7 duyulan konular\u0131n tam kar\u015f\u0131l\u0131\u011f\u0131d\u0131r. Daha \u00f6nceki y\u0131llarda \u00e7\u0131km\u0131\u015f sorular analiz edilerek YKS\u2019de \u00e7\u0131kabilecek sorular\u0131 yakalay\u0131p, \u00e7\u00f6zmeye<span class=\"excerpt-hellip\"> [\u2026]<\/span><\/p>\n","protected":false},"featured_media":0,"template":"","meta":{"_monsterinsights_skip_tracking":false,"_monsterinsights_sitenote_active":false,"_monsterinsights_sitenote_note":"","_monsterinsights_sitenote_category":0},"product_brand":[],"product_cat":[12566,13473,51998],"product_tag":[],"class_list":{"0":"post-711915","1":"product","2":"type-product","3":"status-publish","5":"product_cat-egitim","6":"product_cat-sinavlara-hazirlik-okula-yardimci-kaynaklar","7":"product_cat-yks-kitaplari","8":"pa_cilt-ciltsiz","9":"pa_tur-kitap10","10":"pa_yayinevi-delta-kultur-yayinevi","11":"pa_yazar-fatma-nur-eyuboglu","13":"first","14":"instock","15":"sale","16":"shipping-taxable","17":"purchasable","18":"product-type-simple"},"_links":{"self":[{"href":"https:\/\/roveyayinevi.com.tr\/index.php\/wp-json\/wp\/v2\/product\/711915","targetHints":{"allow":["GET"]}}],"collection":[{"href":"https:\/\/roveyayinevi.com.tr\/index.php\/wp-json\/wp\/v2\/product"}],"about":[{"href":"https:\/\/roveyayinevi.com.tr\/index.php\/wp-json\/wp\/v2\/types\/product"}],"wp:attachment":[{"href":"https:\/\/roveyayinevi.com.tr\/index.php\/wp-json\/wp\/v2\/media?parent=711915"}],"wp:term":[{"taxonomy":"product_brand","embeddable":true,"href":"https:\/\/roveyayinevi.com.tr\/index.php\/wp-json\/wp\/v2\/product_brand?post=711915"},{"taxonomy":"product_cat","embeddable":true,"href":"https:\/\/roveyayinevi.com.tr\/index.php\/wp-json\/wp\/v2\/product_cat?post=711915"},{"taxonomy":"product_tag","embeddable":true,"href":"https:\/\/roveyayinevi.com.tr\/index.php\/wp-json\/wp\/v2\/product_tag?post=711915"}],"curies":[{"name":"wp","href":"https:\/\/api.w.org\/{rel}","templated":true}]}}