{"id":711902,"date":"2025-08-27T16:50:31","date_gmt":"2025-08-27T13:50:31","guid":{"rendered":"https:\/\/roveyayinevi.com.tr\/index.php\/urun\/dr-e-sedat-erkut-toplu-eserleri\/"},"modified":"2026-04-16T02:20:34","modified_gmt":"2026-04-15T23:20:34","slug":"dr-e-sedat-erkut-toplu-eserleri","status":"publish","type":"product","link":"https:\/\/roveyayinevi.com.tr\/index.php\/urun\/dr-e-sedat-erkut-toplu-eserleri\/","title":{"rendered":"Dr. E. Sedat Erkut Toplu Eserleri"},"content":{"rendered":"<p>Bilim insan\u0131 \u00fcnl\u00fc de\u011fildir, zengin de\u011fildir, mevki ya da erk sahibi de\u011fildir; o \u00f6l\u00fcms\u00fczd\u00fcr. <\/p>\n","protected":false},"excerpt":{"rendered":"<p>Bilim insan\u0131 \u00fcnl\u00fc de\u011fildir, zengin de\u011fildir, mevki ya da erk sahibi de\u011fildir; o \u00f6l\u00fcms\u00fczd\u00fcr.<\/p>\n","protected":false},"featured_media":0,"template":"","meta":{"_monsterinsights_skip_tracking":false,"_monsterinsights_sitenote_active":false,"_monsterinsights_sitenote_note":"","_monsterinsights_sitenote_category":0},"product_brand":[],"product_cat":[12370,12304],"product_tag":[],"class_list":{"0":"post-711902","1":"product","2":"type-product","3":"status-publish","5":"product_cat-arastirma-inceleme","6":"product_cat-tarih","7":"pa_cilt-ciltsiz","8":"pa_tur-kitap","9":"pa_yayinevi-bilgin-kultur-sanat","10":"pa_yazar-gulguney-masalci-sahin","12":"first","13":"instock","14":"sale","15":"shipping-taxable","16":"purchasable","17":"product-type-simple"},"_links":{"self":[{"href":"https:\/\/roveyayinevi.com.tr\/index.php\/wp-json\/wp\/v2\/product\/711902","targetHints":{"allow":["GET"]}}],"collection":[{"href":"https:\/\/roveyayinevi.com.tr\/index.php\/wp-json\/wp\/v2\/product"}],"about":[{"href":"https:\/\/roveyayinevi.com.tr\/index.php\/wp-json\/wp\/v2\/types\/product"}],"wp:attachment":[{"href":"https:\/\/roveyayinevi.com.tr\/index.php\/wp-json\/wp\/v2\/media?parent=711902"}],"wp:term":[{"taxonomy":"product_brand","embeddable":true,"href":"https:\/\/roveyayinevi.com.tr\/index.php\/wp-json\/wp\/v2\/product_brand?post=711902"},{"taxonomy":"product_cat","embeddable":true,"href":"https:\/\/roveyayinevi.com.tr\/index.php\/wp-json\/wp\/v2\/product_cat?post=711902"},{"taxonomy":"product_tag","embeddable":true,"href":"https:\/\/roveyayinevi.com.tr\/index.php\/wp-json\/wp\/v2\/product_tag?post=711902"}],"curies":[{"name":"wp","href":"https:\/\/api.w.org\/{rel}","templated":true}]}}