{"id":711900,"date":"2025-08-27T16:50:30","date_gmt":"2025-08-27T13:50:30","guid":{"rendered":"https:\/\/roveyayinevi.com.tr\/index.php\/urun\/olum-terbiyesi\/"},"modified":"2026-04-16T02:20:34","modified_gmt":"2026-04-15T23:20:34","slug":"olum-terbiyesi","status":"publish","type":"product","link":"https:\/\/roveyayinevi.com.tr\/index.php\/urun\/olum-terbiyesi\/","title":{"rendered":"\u00d6l\u00fcm Terbiyesi"},"content":{"rendered":"<p>Ba\u015f\/s\u0131z ve ba\u015fkan\/s\u0131z, h\u00fck\u00fcm\/s\u00fcz ve h\u00fck\u00fcmran\/s\u0131z bir sars\u0131lmaya teslim olanlar\u0131n, ba\u015fs\u0131zlar\u0131n bir araya geldi\u011finde olu\u015fturdu\u011fu bir cemaat mitosu. Yolda Buda ile kar\u015f\u0131la\u015f\u0131rsan, Buda\u2019y\u0131 \u00f6ld\u00fcr diyen \u00f6\u011freti gibi, hi\u00e7bir tanr\u0131ya, hi\u00e7bir \u00f6ndere, hi\u00e7bir akla, hi\u00e7bir puta tapmayan, bu d\u00fcnyay\u0131 bir yukar\u0131dakine, bir \u00f6tesine teslim ederek varolu\u015fu i\u00e7inde de\u011fersiz k\u0131lmayan bir mitos\u2026 K\u0131yametin kopmas\u0131 asl\u0131nda insanl\u0131\u011f\u0131n do\u011frulmas\u0131na, uyur iken uyanmas\u0131na, uyur iken uyar\u0131lmas\u0131na, isyan etmesine ba\u011fl\u0131d\u0131r. \u0130syan eden, bu d\u00fcnyay\u0131 ve ahireti temell\u00fck ve temsil etmeyi b\u0131rakacak, t\u0131\u011f-\u0131 teber \u015fah-\u0131 merdan olacakt\u0131r. Hi\u00e7bir kusur, m\u00fclkiyet\u00e7ilik kadar k\u00f6t\u00fc de\u011fildir ve bu m\u00fclke, en ba\u015fta ki\u015finin kendi ba\u015f\u0131 ve kimli\u011fi dahildir. YAZAR HAKKINDA: 1961 \u0130stanbul do\u011fumlu, yaz\u0131nbilimci, sanat kuramc\u0131s\u0131, \u00f6\u011fretim \u00fcyesi. \u0130stanbul, Salzburg ve Viyana\u2019da yaz\u0131nbilim, sanat tarihi ve felsefe okudu. \u0130stanbul\u2019da \u00e7e\u015fitli \u00fcniversitelerde ve Mardin Artuk \u00dcniversitesi Mimarl\u0131k Fak\u00fcltesi\u2019nde \u00e7al\u0131\u015ft\u0131. Bir s\u00fcredir Leipzig\u2019de Hochschule f\u00fcr Grafik und Buchkunst ve Viyana\u2019da Akademie der Bildenden K\u00fcnste\u2019de ders veriyor.<\/p>\n","protected":false},"excerpt":{"rendered":"<p>Ba\u015f\/s\u0131z ve ba\u015fkan\/s\u0131z, h\u00fck\u00fcm\/s\u00fcz ve h\u00fck\u00fcmran\/s\u0131z bir sars\u0131lmaya teslim olanlar\u0131n, ba\u015fs\u0131zlar\u0131n bir araya geldi\u011finde olu\u015fturdu\u011fu bir cemaat mitosu. Yolda Buda ile kar\u015f\u0131la\u015f\u0131rsan, Buda\u2019y\u0131 \u00f6ld\u00fcr diyen \u00f6\u011freti<span class=\"excerpt-hellip\"> [\u2026]<\/span><\/p>\n","protected":false},"featured_media":0,"template":"","meta":{"_monsterinsights_skip_tracking":false,"_monsterinsights_sitenote_active":false,"_monsterinsights_sitenote_note":"","_monsterinsights_sitenote_category":0},"product_brand":[],"product_cat":[12312,12304],"product_tag":[],"class_list":{"0":"post-711900","1":"product","2":"type-product","3":"status-publish","5":"product_cat-diger","6":"product_cat-tarih","7":"pa_cilt-ciltsiz","8":"pa_tur-kitap","9":"pa_yayinevi-metis-yayinlari","10":"pa_yazar-zeynep-sayin","12":"first","13":"instock","14":"sale","15":"shipping-taxable","16":"purchasable","17":"product-type-simple"},"_links":{"self":[{"href":"https:\/\/roveyayinevi.com.tr\/index.php\/wp-json\/wp\/v2\/product\/711900","targetHints":{"allow":["GET"]}}],"collection":[{"href":"https:\/\/roveyayinevi.com.tr\/index.php\/wp-json\/wp\/v2\/product"}],"about":[{"href":"https:\/\/roveyayinevi.com.tr\/index.php\/wp-json\/wp\/v2\/types\/product"}],"wp:attachment":[{"href":"https:\/\/roveyayinevi.com.tr\/index.php\/wp-json\/wp\/v2\/media?parent=711900"}],"wp:term":[{"taxonomy":"product_brand","embeddable":true,"href":"https:\/\/roveyayinevi.com.tr\/index.php\/wp-json\/wp\/v2\/product_brand?post=711900"},{"taxonomy":"product_cat","embeddable":true,"href":"https:\/\/roveyayinevi.com.tr\/index.php\/wp-json\/wp\/v2\/product_cat?post=711900"},{"taxonomy":"product_tag","embeddable":true,"href":"https:\/\/roveyayinevi.com.tr\/index.php\/wp-json\/wp\/v2\/product_tag?post=711900"}],"curies":[{"name":"wp","href":"https:\/\/api.w.org\/{rel}","templated":true}]}}