{"id":711897,"date":"2025-08-27T16:50:29","date_gmt":"2025-08-27T13:50:29","guid":{"rendered":"https:\/\/roveyayinevi.com.tr\/index.php\/urun\/merakli-bahce\/"},"modified":"2026-04-16T02:20:34","modified_gmt":"2026-04-15T23:20:34","slug":"merakli-bahce","status":"publish","type":"product","link":"https:\/\/roveyayinevi.com.tr\/index.php\/urun\/merakli-bahce\/","title":{"rendered":"Merakl\u0131 Bah\u00e7e"},"content":{"rendered":"<p>Kasvetli bir \u015fehirde ya\u015fayan Liam ad\u0131nda bir erkek \u00e7ocukvard\u0131r. Mahallesinde ke\u015fif gezilerine \u00e7\u0131kmaya bay\u0131lan Liam birg\u00fcn olmad\u0131k bir yerde k\u00fc\u00e7\u00fcc\u00fck bir ye\u015fillik g\u00f6r\u00fcr. Bu ye\u015filli\u011fiolu\u015fturan bitkilere bakmaya karar verir. Bitkiler g\u00f6sterilen bu ilgiyikar\u015f\u0131l\u0131ks\u0131z b\u0131rakmaz. Liam\u2019\u0131n dokunu\u015fuyla \u015fehir bamba\u015fka birhavaya b\u00fcr\u00fcn\u00fcr.Peter Brown, yaz\u0131p resimledi\u011fi kitab\u0131 Merakl\u0131 Bah\u00e7e\u2019nin sonundakaleme ald\u0131\u011f\u0131 yazar\u0131n notu b\u00f6l\u00fcm\u00fcnde kitab\u0131n \u00e7\u0131k\u0131\u015f hik\u00e2yesini\u015f\u00f6yle anlat\u0131yor: \u201cDo\u011fan\u0131n beton, tu\u011fla ve \u00e7elikten olu\u015fan bir\u015fehirde serpilmesi, \u00e7o\u011fu kez imk\u00e2ns\u0131z gelir insana. Oysa ben daha\u00e7ok seyahat edip \u00e7evremdeki d\u00fcnyaya daha yak\u0131ndan bakt\u0131k\u00e7ado\u011fan\u0131n hep hevesle unuttu\u011fumuz yerleri ke\u015ffe \u00e7\u0131kt\u0131\u011f\u0131n\u0131n fark\u0131navard\u0131m. \u00c7i\u00e7ekleri ve tarlalar\u0131 ve hatta k\u00fc\u00e7\u00fck ormanlar\u0131 her \u015fehirdeyabanda b\u00fcy\u00fcrken bulabilirsiniz. Aray\u0131n, yeter. Manhattan\u2019\u0131n bat\u0131yakas\u0131nda y\u00fckseltilmi\u015f bir demiryolu vard\u0131r, ad\u0131 da Highline\u2019d\u0131r.Trenleri onlarca y\u0131l boyunca \u015fehir sokaklar\u0131n\u0131n \u00e7ok yukar\u0131s\u0131ndang\u00fcmb\u00fcrdeyerek ge\u00e7ti ama 1980\u2019de kapat\u0131ld\u0131 ve unutuldu.\u0130nsanlarla trenler i\u015fe kar\u0131\u015fmay\u0131nca do\u011fa da yeniden s\u00fcsleme\u00f6zg\u00fcrl\u00fc\u011f\u00fcne kavu\u015ftu.\u201d\u201cKendi halinde harikulade bir resimli kitap.\u201d The New York Times\u201cBrown\u2019\u0131n son kitab\u0131 sessiz ama co\u015fkulu bir d\u00f6n\u00fc\u015f\u00fcm fabl\u0131. Hayalg\u00fcc\u00fcn\u00fcz\u00fc ele ge\u00e7irece\u011fine \u015f\u00fcphe yok.\u201d Publishers Weekly <\/p>\n","protected":false},"excerpt":{"rendered":"<p>Kasvetli bir \u015fehirde ya\u015fayan Liam ad\u0131nda bir erkek \u00e7ocukvard\u0131r. Mahallesinde ke\u015fif gezilerine \u00e7\u0131kmaya bay\u0131lan Liam birg\u00fcn olmad\u0131k bir yerde k\u00fc\u00e7\u00fcc\u00fck bir ye\u015fillik g\u00f6r\u00fcr. Bu ye\u015filli\u011fiolu\u015fturan bitkilere<span class=\"excerpt-hellip\"> [\u2026]<\/span><\/p>\n","protected":false},"featured_media":0,"template":"","meta":{"_monsterinsights_skip_tracking":false,"_monsterinsights_sitenote_active":false,"_monsterinsights_sitenote_note":"","_monsterinsights_sitenote_category":0},"product_brand":[],"product_cat":[12274,12518],"product_tag":[],"class_list":{"0":"post-711897","1":"product","2":"type-product","3":"status-publish","5":"product_cat-cocuk-ve-genclik-kitaplari","6":"product_cat-okul-oncesi-kitaplar","7":"pa_cilt-ciltsiz","8":"pa_tur-kitap","9":"pa_yayinevi-hep-kitap","10":"pa_yazar-peter-brown","12":"first","13":"instock","14":"sale","15":"shipping-taxable","16":"purchasable","17":"product-type-simple"},"_links":{"self":[{"href":"https:\/\/roveyayinevi.com.tr\/index.php\/wp-json\/wp\/v2\/product\/711897","targetHints":{"allow":["GET"]}}],"collection":[{"href":"https:\/\/roveyayinevi.com.tr\/index.php\/wp-json\/wp\/v2\/product"}],"about":[{"href":"https:\/\/roveyayinevi.com.tr\/index.php\/wp-json\/wp\/v2\/types\/product"}],"wp:attachment":[{"href":"https:\/\/roveyayinevi.com.tr\/index.php\/wp-json\/wp\/v2\/media?parent=711897"}],"wp:term":[{"taxonomy":"product_brand","embeddable":true,"href":"https:\/\/roveyayinevi.com.tr\/index.php\/wp-json\/wp\/v2\/product_brand?post=711897"},{"taxonomy":"product_cat","embeddable":true,"href":"https:\/\/roveyayinevi.com.tr\/index.php\/wp-json\/wp\/v2\/product_cat?post=711897"},{"taxonomy":"product_tag","embeddable":true,"href":"https:\/\/roveyayinevi.com.tr\/index.php\/wp-json\/wp\/v2\/product_tag?post=711897"}],"curies":[{"name":"wp","href":"https:\/\/api.w.org\/{rel}","templated":true}]}}