{"id":711896,"date":"2025-08-27T16:50:28","date_gmt":"2025-08-27T13:50:28","guid":{"rendered":"https:\/\/roveyayinevi.com.tr\/index.php\/urun\/altinkanat-okulu\/"},"modified":"2026-04-16T02:20:34","modified_gmt":"2026-04-15T23:20:34","slug":"altinkanat-okulu","status":"publish","type":"product","link":"https:\/\/roveyayinevi.com.tr\/index.php\/urun\/altinkanat-okulu\/","title":{"rendered":"Alt\u0131nkanat Okulu"},"content":{"rendered":"<p>B\u00fcy\u00fck bir \u015fehirde ya\u015fayan minik sincap Pofuduk okulunu \u00e7okseviyordur. M\u00fczik \u00f6\u011fretmeni olan annesi ba\u015fka bir yerde i\u015fbulunca ta\u015f\u0131nmalar\u0131 gerekir. Bu \u00f6nemli haberi duyunca Podufuk\u00e7ok \u015fa\u015f\u0131r\u0131r. Pofuduk \u00f6\u011frenim hayat\u0131na annesinin g\u00f6rev yapaca\u011f\u0131Alt\u0131nkanat Okulu\u2019nda devam edecektir. B\u00fct\u00fcn \u00f6\u011frencilerininku\u015f oldu\u011fu bu okulda kanatlar\u0131 olmayan tek \u00f6\u011frenci Pofudukolacakt\u0131r. Kitap Pofuduk\u2019un yeni okulunda ya\u015fad\u0131\u011f\u0131 \u00fc\u00e7 maceradanolu\u015fuyor.An-su Aksoy\u2019un resimledi\u011fi Alt\u0131nkanat Okulu 6 ya\u015f \u00fcst\u00fc \u00e7ocuklarahitap ediyor. <\/p>\n","protected":false},"excerpt":{"rendered":"<p>B\u00fcy\u00fck bir \u015fehirde ya\u015fayan minik sincap Pofuduk okulunu \u00e7okseviyordur. M\u00fczik \u00f6\u011fretmeni olan annesi ba\u015fka bir yerde i\u015fbulunca ta\u015f\u0131nmalar\u0131 gerekir. Bu \u00f6nemli haberi duyunca Podufuk\u00e7ok \u015fa\u015f\u0131r\u0131r. Pofuduk<span class=\"excerpt-hellip\"> [\u2026]<\/span><\/p>\n","protected":false},"featured_media":0,"template":"","meta":{"_monsterinsights_skip_tracking":false,"_monsterinsights_sitenote_active":false,"_monsterinsights_sitenote_note":"","_monsterinsights_sitenote_category":0},"product_brand":[],"product_cat":[12275,12274],"product_tag":[],"class_list":{"0":"post-711896","1":"product","2":"type-product","3":"status-publish","5":"product_cat-6-12-yas-kitaplari","6":"product_cat-cocuk-ve-genclik-kitaplari","7":"pa_cilt-ciltsiz","8":"pa_tur-kitap","9":"pa_yayinevi-hep-kitap","10":"pa_yazar-ari-cokona","12":"first","13":"instock","14":"sale","15":"shipping-taxable","16":"purchasable","17":"product-type-simple"},"_links":{"self":[{"href":"https:\/\/roveyayinevi.com.tr\/index.php\/wp-json\/wp\/v2\/product\/711896","targetHints":{"allow":["GET"]}}],"collection":[{"href":"https:\/\/roveyayinevi.com.tr\/index.php\/wp-json\/wp\/v2\/product"}],"about":[{"href":"https:\/\/roveyayinevi.com.tr\/index.php\/wp-json\/wp\/v2\/types\/product"}],"wp:attachment":[{"href":"https:\/\/roveyayinevi.com.tr\/index.php\/wp-json\/wp\/v2\/media?parent=711896"}],"wp:term":[{"taxonomy":"product_brand","embeddable":true,"href":"https:\/\/roveyayinevi.com.tr\/index.php\/wp-json\/wp\/v2\/product_brand?post=711896"},{"taxonomy":"product_cat","embeddable":true,"href":"https:\/\/roveyayinevi.com.tr\/index.php\/wp-json\/wp\/v2\/product_cat?post=711896"},{"taxonomy":"product_tag","embeddable":true,"href":"https:\/\/roveyayinevi.com.tr\/index.php\/wp-json\/wp\/v2\/product_tag?post=711896"}],"curies":[{"name":"wp","href":"https:\/\/api.w.org\/{rel}","templated":true}]}}