{"id":711895,"date":"2025-08-27T16:50:27","date_gmt":"2025-08-27T13:50:27","guid":{"rendered":"https:\/\/roveyayinevi.com.tr\/index.php\/urun\/cocuklarla-sosyal-hizmet-uygulamasi\/"},"modified":"2026-04-16T02:20:34","modified_gmt":"2026-04-15T23:20:34","slug":"cocuklarla-sosyal-hizmet-uygulamasi","status":"publish","type":"product","link":"https:\/\/roveyayinevi.com.tr\/index.php\/urun\/cocuklarla-sosyal-hizmet-uygulamasi\/","title":{"rendered":"\u00c7ocuklarla Sosyal Hizmet Uygulamas\u0131"},"content":{"rendered":"<p>Bu kitap, kan\u0131tlanm\u0131\u015f m\u00fcdahale y\u00f6ntemlerini tan\u0131ml\u0131yor ve 21. Y\u00fczy\u0131lda \u00e7ocuklara ve ailelere yard\u0131m konusunda ya\u015fanan zorluklar\u0131 tart\u0131\u015f\u0131yor. \u00c7ok say\u0131daki vaka \u00f6rne\u011fi, okurun, spesifik sorunlar\u0131, k\u00fclt\u00fcrel etkileri ve uygulamalar\u0131 zihninde canland\u0131rmas\u0131na yard\u0131mc\u0131 oluyor.Webb, kan\u0131ta-dayal\u0131 uygulaman\u0131n hem m\u00fcracaat\u00e7\u0131 hem de uzman i\u00e7in nas\u0131l faydal\u0131 oldu\u011funu ba\u015far\u0131l\u0131 bir \u015fekilde g\u00f6sterirken, ayn\u0131 zaman \u00f6zel durumlarda ve farkl\u0131 n\u00fcfus gruplar\u0131ndan \u00e7ocuklarla \u00e7al\u0131\u015f\u0131rken nas\u0131l bir m\u00fcdahale geli\u015ftirmek gerekti\u011fi konusunda bir anlay\u0131\u015f geli\u015ftiriyor.Geni\u015f bir ilgi g\u00f6ren bu metin, sosyal hizmet uzmanlar\u0131n\u0131n \u00e7ocuklar, yeti\u015fkinler ve onlar\u0131n bak\u0131c\u0131lar\u0131yla etkili ve yetkin bir uygulama geli\u015ftirmeleri i\u00e7in ihtiya\u00e7 duyduklar\u0131 bilgiyi sa\u011fl\u0131yor. Yazar, geli\u015fimsel olarak kurulmu\u015f de\u011ferlendirme ve m\u00fcdahale i\u00e7in bir \u00e7er\u00e7eve sunuyor; pek \u00e7ok etkili yard\u0131m tekni\u011fini, canl\u0131 vaka \u00f6rnekleriyle, resimlendirerek anlat\u0131yor. Kitapta, istismar ve travma ma\u011fdurlar\u0131yla \u00e7al\u0131\u015f\u0131rken kullan\u0131lan ara\u015ft\u0131rmaya dayal\u0131 stratejiler a\u00e7\u0131klan\u0131rken, ayn\u0131 zamanda, yoksulluk, bo\u015fanma, ebeveyn istismar\u0131 ve di\u011fer olumsuz ko\u015fullardan etkilenen \u00e7ocuklara ili\u015fkin \u00e7\u00f6z\u00fcm yollar\u0131 da geli\u015ftiriliyor. <\/p>\n","protected":false},"excerpt":{"rendered":"<p>Bu kitap, kan\u0131tlanm\u0131\u015f m\u00fcdahale y\u00f6ntemlerini tan\u0131ml\u0131yor ve 21. Y\u00fczy\u0131lda \u00e7ocuklara ve ailelere yard\u0131m konusunda ya\u015fanan zorluklar\u0131 tart\u0131\u015f\u0131yor. \u00c7ok say\u0131daki vaka \u00f6rne\u011fi, okurun, spesifik sorunlar\u0131, k\u00fclt\u00fcrel etkileri<span class=\"excerpt-hellip\"> [\u2026]<\/span><\/p>\n","protected":false},"featured_media":0,"template":"","meta":{"_monsterinsights_skip_tracking":false,"_monsterinsights_sitenote_active":false,"_monsterinsights_sitenote_note":"","_monsterinsights_sitenote_category":0},"product_brand":[],"product_cat":[12835,12324],"product_tag":[],"class_list":{"0":"post-711895","1":"product","2":"type-product","3":"status-publish","5":"product_cat-genel-sosyoloji","6":"product_cat-sosyoloji","7":"pa_cilt-ciltsiz","8":"pa_tur-kitap","9":"pa_yayinevi-nika-yayinevi","10":"pa_yazar-nancy-boyd-webb","12":"first","13":"instock","14":"sale","15":"shipping-taxable","16":"purchasable","17":"product-type-simple"},"_links":{"self":[{"href":"https:\/\/roveyayinevi.com.tr\/index.php\/wp-json\/wp\/v2\/product\/711895","targetHints":{"allow":["GET"]}}],"collection":[{"href":"https:\/\/roveyayinevi.com.tr\/index.php\/wp-json\/wp\/v2\/product"}],"about":[{"href":"https:\/\/roveyayinevi.com.tr\/index.php\/wp-json\/wp\/v2\/types\/product"}],"wp:attachment":[{"href":"https:\/\/roveyayinevi.com.tr\/index.php\/wp-json\/wp\/v2\/media?parent=711895"}],"wp:term":[{"taxonomy":"product_brand","embeddable":true,"href":"https:\/\/roveyayinevi.com.tr\/index.php\/wp-json\/wp\/v2\/product_brand?post=711895"},{"taxonomy":"product_cat","embeddable":true,"href":"https:\/\/roveyayinevi.com.tr\/index.php\/wp-json\/wp\/v2\/product_cat?post=711895"},{"taxonomy":"product_tag","embeddable":true,"href":"https:\/\/roveyayinevi.com.tr\/index.php\/wp-json\/wp\/v2\/product_tag?post=711895"}],"curies":[{"name":"wp","href":"https:\/\/api.w.org\/{rel}","templated":true}]}}