{"id":711893,"date":"2025-08-27T16:50:26","date_gmt":"2025-08-27T13:50:26","guid":{"rendered":"https:\/\/roveyayinevi.com.tr\/index.php\/urun\/kul-ve-diken\/"},"modified":"2026-04-16T02:20:34","modified_gmt":"2026-04-15T23:20:34","slug":"kul-ve-diken","status":"publish","type":"product","link":"https:\/\/roveyayinevi.com.tr\/index.php\/urun\/kul-ve-diken\/","title":{"rendered":"K\u00fcl ve Diken"},"content":{"rendered":"<p>Pin, sadece bir terzi oldu\u011funu ve peri masallar\u0131na lay\u0131k elbiseler yapmak i\u00e7in gece g\u00fcnd\u00fcz demeden \u00e7al\u0131\u015ft\u0131\u011f\u0131n\u0131 biliyordu. Ka\u00e7mak isteyince kundurac\u0131 da onunla geldi. Ancak bir diken y\u00fcz\u00fcnden, \u00f6zg\u00fcrl\u00fc\u011f\u00fc fazla s\u00fcrmedi. Anal\u0131k taraf\u0131ndan yakaland\u0131 ve an\u0131lar\u0131n\u0131 tekrar kaybetti.Anal\u0131k onu yeni bir masal\u0131n i\u00e7ine b\u0131rakm\u0131\u015ft\u0131. Yak\u0131\u015f\u0131kl\u0131 prensin ve mutlu sonun da oldu\u011fu bir masala\u2026 Ancak kundurac\u0131 h\u00e2l\u00e2 onu aramaktayd\u0131 ve onun kendisini masal\u0131n i\u00e7inde kaybetmemek i\u00e7in elinden geleni yapmaya haz\u0131rd\u0131.Zaten Pin de cam ayakkab\u0131lar yerine bir k\u0131l\u0131c\u0131 ve kendi mutlu sonunu bulmay\u0131 tercih ediyordu. Herkesi Anal\u0131k\u2019\u0131n zalim h\u00fck\u00fcmdarl\u0131\u011f\u0131ndan kurtarmaya kararl\u0131yd\u0131. Kundurac\u0131\u2019yla beraber kendi kaderlerini \u00e7izmek i\u00e7in zorlu bir m\u00fccadeleye at\u0131lacakt\u0131. Fakat Masal\u2019\u0131n onlar i\u00e7in ba\u015fka planlar\u0131 vard\u0131\u2026\u201cK\u00fcl ve Diken toplumumuzun peri masal\u0131 efsanelerini enfes bi\u00e7imde y\u0131kan, harika ve s\u00fcr\u00fckleyici bir macera. Kendi yollar\u0131n\u0131 \u00e7izmeyi arzulayan gen\u00e7ler kesinlikle okumal\u0131.\u201d \u2014Rae Carson\u201cPrineas, klasik peri masallar\u0131n\u0131 al\u0131p yeniden kurgulayarak, bu feminist K\u00fclkedisi masal\u0131nda h\u00fcnerle birle\u015ftiriyor.\u201d \u2014Publishers Weekly\u201cK\u00fcl ve Diken kendi kararlar\u0131n\u0131 vermek ve kendi yollar\u0131n\u0131 \u00e7izmeyi isteyen herkes i\u00e7in yaz\u0131lm\u0131\u015f.\u201d \u2014VOYA\u201cK\u00fcl ve Diken, g\u00fc\u00e7l\u00fc ve \u00e7arp\u0131c\u0131 bir sesi olan, e\u015fsiz bir hik\u00e2ye. 4\u00bd y\u0131ld\u0131z.\u201d \u2014Romantic Times Book Reviews, Top Pick\u201cY\u00fcrek s\u0131zlatan bir a\u015fk. \u00d6zg\u00fcn bir peri masal\u0131 uyarlamas\u0131.\u201d \u2014ALA BOOKLIST\u201cG\u00fczellik ve tehlikeyle dolu, \u00f6zg\u00fcn bir peri masal\u0131. Muazzam!\u201d \u2014Tamora Pierce, K\u00fc\u00e7\u00fcklerin Koruyucusu serisinin yazar\u0131 <\/p>\n","protected":false},"excerpt":{"rendered":"<p>Pin, sadece bir terzi oldu\u011funu ve peri masallar\u0131na lay\u0131k elbiseler yapmak i\u00e7in gece g\u00fcnd\u00fcz demeden \u00e7al\u0131\u015ft\u0131\u011f\u0131n\u0131 biliyordu. Ka\u00e7mak isteyince kundurac\u0131 da onunla geldi. Ancak bir diken<span class=\"excerpt-hellip\"> [\u2026]<\/span><\/p>\n","protected":false},"featured_media":0,"template":"","meta":{"_monsterinsights_skip_tracking":false,"_monsterinsights_sitenote_active":false,"_monsterinsights_sitenote_note":"","_monsterinsights_sitenote_category":0},"product_brand":[],"product_cat":[12291,14777],"product_tag":[],"class_list":{"0":"post-711893","1":"product","2":"type-product","3":"status-publish","5":"product_cat-edebiyat","6":"product_cat-fantastik","7":"pa_cilt-ciltsiz","8":"pa_tur-kitap","9":"pa_yayinevi-yabanci-yayinevi","10":"pa_yazar-sarah-prineas","12":"first","13":"instock","14":"sale","15":"shipping-taxable","16":"purchasable","17":"product-type-simple"},"_links":{"self":[{"href":"https:\/\/roveyayinevi.com.tr\/index.php\/wp-json\/wp\/v2\/product\/711893","targetHints":{"allow":["GET"]}}],"collection":[{"href":"https:\/\/roveyayinevi.com.tr\/index.php\/wp-json\/wp\/v2\/product"}],"about":[{"href":"https:\/\/roveyayinevi.com.tr\/index.php\/wp-json\/wp\/v2\/types\/product"}],"wp:attachment":[{"href":"https:\/\/roveyayinevi.com.tr\/index.php\/wp-json\/wp\/v2\/media?parent=711893"}],"wp:term":[{"taxonomy":"product_brand","embeddable":true,"href":"https:\/\/roveyayinevi.com.tr\/index.php\/wp-json\/wp\/v2\/product_brand?post=711893"},{"taxonomy":"product_cat","embeddable":true,"href":"https:\/\/roveyayinevi.com.tr\/index.php\/wp-json\/wp\/v2\/product_cat?post=711893"},{"taxonomy":"product_tag","embeddable":true,"href":"https:\/\/roveyayinevi.com.tr\/index.php\/wp-json\/wp\/v2\/product_tag?post=711893"}],"curies":[{"name":"wp","href":"https:\/\/api.w.org\/{rel}","templated":true}]}}