{"id":711892,"date":"2025-08-27T16:50:26","date_gmt":"2025-08-27T13:50:26","guid":{"rendered":"https:\/\/roveyayinevi.com.tr\/index.php\/urun\/chema-madoz-suskun-bakisin-aykiri-cigligi-ciltli\/"},"modified":"2026-04-16T02:20:34","modified_gmt":"2026-04-15T23:20:34","slug":"chema-madoz-suskun-bakisin-aykiri-cigligi-ciltli","status":"publish","type":"product","link":"https:\/\/roveyayinevi.com.tr\/index.php\/urun\/chema-madoz-suskun-bakisin-aykiri-cigligi-ciltli\/","title":{"rendered":"Chema Madoz: Suskun Bak\u0131\u015f\u0131n Ayk\u0131r\u0131 \u00c7\u0131\u011fl\u0131\u011f\u0131 (Ciltli)"},"content":{"rendered":"<p>(\u2026) Gerek Foto\u011fraf yoluyla sanat\u0131 kendine \u00f6zg\u00fc yorumlama \u015fekli, gerekse \u015fiirsel g\u00f6rme bi\u00e7imi Chema Madoz\u2019u \u00e7a\u011fda\u015f sanat sahnesinin en \u00f6nemli sanat\u00e7\u0131lar\u0131ndan biri yapar. O\u2019nun eserleri, g\u00fcndelik ya\u015fam\u0131n i\u00e7inde gizli kalm\u0131\u015f olan\u0131 ortaya koyan bir g\u00f6r\u00fcn\u00fcm kazan\u0131r. Meteforlar, \u00e7eli\u015fkiler ve mizah, hepsi birden foto\u011fraf\u00e7\u0131n\u0131n at\u00f6lyesinde bir araya gelir. Sanat\u00e7\u0131n\u0131n \u015fiirsel g\u00f6rme bi\u00e7imi, d\u00fcnyay\u0131 daha iyi alg\u0131lamam\u0131z\u0131 sa\u011flayan bir pencere olur bize.- Oliva Maria RubioFoto\u011fraf alan\u0131nda var olan nesnelerin ger\u00e7ekli\u011fini alternatif bir bak\u0131\u015f a\u00e7\u0131s\u0131yla yorumlayan \u0130spanyol foto\u011fraf sanat\u00e7\u0131s\u0131 Chema Madoz\u2019un siyah beyaz foto\u011fraflar\u0131nda, g\u00fcndelik objeleri kendi ba\u011flamlar\u0131ndan \u00e7\u0131kart\u0131p yarat\u0131c\u0131, g\u00f6rsel ve \u015fiirsel metaforlar \u00fcretir. \u00c7al\u0131\u015fmalar\u0131nda g\u00fcndelik ya\u015famda s\u0131kl\u0131kla g\u00f6rd\u00fc\u011f\u00fcm\u00fcz ama farkedemedi\u011fimiz \u00e7e\u015fitli objeler \u00fczerine bizi iki kez d\u00fc\u015f\u00fcnmeye zorlar.Chema Madoz, g\u00fcndelik hayat\u0131n s\u0131radanl\u0131\u011f\u0131ndaki s\u0131ra d\u0131\u015f\u0131l\u0131\u011f\u0131 \u015fiirsel bir estetik ve zarafetle ortaya koyan g\u00fcn\u00fcm\u00fcz\u00fcn en \u00f6nemli foto\u011fraf\u00e7\u0131s\u0131 kabul ediliyor.Chema Madoz 1990\u2019lardan itibaren kendine has bir metedoloji \u00e7er\u00e7evesinde g\u00fcndelik hayat\u0131n i\u00e7erisinden objeleri s\u00fcrrealist imgeler yaratmak amac\u0131yla kullanm\u0131\u015ft\u0131r.Bu alb\u00fcm, sanat\u00e7\u0131n\u0131n 21 Aral\u0131k 2017 \u2013 25 \u015eubat 2018 tarihlerinde \u0130zmir Folkart Gallery\u2019de a\u00e7t\u0131\u011f\u0131 ve en ba\u015f\u0131ndan g\u00fcn\u00fcm\u00fcze kadar t\u00fcm kariyerini kapsayan foto\u011fraflardan ve makalelerden olu\u015fmaktad\u0131r. <\/p>\n","protected":false},"excerpt":{"rendered":"<p>(\u2026) Gerek Foto\u011fraf yoluyla sanat\u0131 kendine \u00f6zg\u00fc yorumlama \u015fekli, gerekse \u015fiirsel g\u00f6rme bi\u00e7imi Chema Madoz\u2019u \u00e7a\u011fda\u015f sanat sahnesinin en \u00f6nemli sanat\u00e7\u0131lar\u0131ndan biri yapar. O\u2019nun eserleri, g\u00fcndelik<span class=\"excerpt-hellip\"> [\u2026]<\/span><\/p>\n","protected":false},"featured_media":0,"template":"","meta":{"_monsterinsights_skip_tracking":false,"_monsterinsights_sitenote_active":false,"_monsterinsights_sitenote_note":"","_monsterinsights_sitenote_category":0},"product_brand":[],"product_cat":[12409,12408],"product_tag":[],"class_list":{"0":"post-711892","1":"product","2":"type-product","3":"status-publish","5":"product_cat-fotograf-sinema-tiyatro","6":"product_cat-sanat","7":"pa_cilt-ciltli","8":"pa_tur-kitap","9":"pa_yayinevi-folkart-gallery","10":"pa_yazar-oliva-maria-rubio-menchu-gutierrez","12":"first","13":"instock","14":"sale","15":"shipping-taxable","16":"purchasable","17":"product-type-simple"},"_links":{"self":[{"href":"https:\/\/roveyayinevi.com.tr\/index.php\/wp-json\/wp\/v2\/product\/711892","targetHints":{"allow":["GET"]}}],"collection":[{"href":"https:\/\/roveyayinevi.com.tr\/index.php\/wp-json\/wp\/v2\/product"}],"about":[{"href":"https:\/\/roveyayinevi.com.tr\/index.php\/wp-json\/wp\/v2\/types\/product"}],"wp:attachment":[{"href":"https:\/\/roveyayinevi.com.tr\/index.php\/wp-json\/wp\/v2\/media?parent=711892"}],"wp:term":[{"taxonomy":"product_brand","embeddable":true,"href":"https:\/\/roveyayinevi.com.tr\/index.php\/wp-json\/wp\/v2\/product_brand?post=711892"},{"taxonomy":"product_cat","embeddable":true,"href":"https:\/\/roveyayinevi.com.tr\/index.php\/wp-json\/wp\/v2\/product_cat?post=711892"},{"taxonomy":"product_tag","embeddable":true,"href":"https:\/\/roveyayinevi.com.tr\/index.php\/wp-json\/wp\/v2\/product_tag?post=711892"}],"curies":[{"name":"wp","href":"https:\/\/api.w.org\/{rel}","templated":true}]}}