{"id":711891,"date":"2025-08-27T16:50:25","date_gmt":"2025-08-27T13:50:25","guid":{"rendered":"https:\/\/roveyayinevi.com.tr\/index.php\/urun\/adan-zye-eser-yazar-tur-kartlari\/"},"modified":"2026-04-16T02:20:34","modified_gmt":"2026-04-15T23:20:34","slug":"adan-zye-eser-yazar-tur-kartlari","status":"publish","type":"product","link":"https:\/\/roveyayinevi.com.tr\/index.php\/urun\/adan-zye-eser-yazar-tur-kartlari\/","title":{"rendered":"A\u2019dan Z\u2019ye Eser \u2013 Yazar \u2013 T\u00fcr Kartlar\u0131"},"content":{"rendered":"<p>Bu kartlarda 4000\u2019e yak\u0131n eser, eserin yazar\u0131 ve t\u00fcr\u00fc alfabetik s\u0131rayla verilmi\u015ftir. \u0130\u00e7erik se\u00e7iminde hem T\u00fcrk Edebiyat\u0131 s\u0131nav\u0131nda sorulma olas\u0131l\u0131\u011f\u0131 y\u00fcksek eserlere, hem de liselerde T\u00fcrk Edebiyat\u0131 ile Dil ve Anlat\u0131m dersleri m\u00fcfredat\u0131nda yer alan yazarlara ait eserlere yer vermeye dikkat edilmi\u015ftir. Ayr\u0131ca T\u00fcrk edebiyat\u0131nda \u00e7\u0131\u011f\u0131r a\u00e7an, iz b\u0131rakan, \u00f6d\u00fcl alan yazar ve eserler de kartlar\u0131m\u0131zda yer alm\u0131\u015ft\u0131r. \ufffcTan\u0131t\u0131m Metni<\/p>\n","protected":false},"excerpt":{"rendered":"<p>Bu kartlarda 4000\u2019e yak\u0131n eser, eserin yazar\u0131 ve t\u00fcr\u00fc alfabetik s\u0131rayla verilmi\u015ftir. \u0130\u00e7erik se\u00e7iminde hem T\u00fcrk Edebiyat\u0131 s\u0131nav\u0131nda sorulma olas\u0131l\u0131\u011f\u0131 y\u00fcksek eserlere, hem de liselerde T\u00fcrk<span class=\"excerpt-hellip\"> [\u2026]<\/span><\/p>\n","protected":false},"featured_media":0,"template":"","meta":{"_monsterinsights_skip_tracking":false,"_monsterinsights_sitenote_active":false,"_monsterinsights_sitenote_note":"","_monsterinsights_sitenote_category":0},"product_brand":[],"product_cat":[12566,13473,51998],"product_tag":[],"class_list":{"0":"post-711891","1":"product","2":"type-product","3":"status-publish","5":"product_cat-egitim","6":"product_cat-sinavlara-hazirlik-okula-yardimci-kaynaklar","7":"product_cat-yks-kitaplari","8":"pa_cilt-ciltsiz","9":"pa_tur-kitap10","10":"pa_yayinevi-delta-kultur-yayinevi","11":"pa_yazar-tufan-sahin","13":"first","14":"instock","15":"sale","16":"shipping-taxable","17":"purchasable","18":"product-type-simple"},"_links":{"self":[{"href":"https:\/\/roveyayinevi.com.tr\/index.php\/wp-json\/wp\/v2\/product\/711891","targetHints":{"allow":["GET"]}}],"collection":[{"href":"https:\/\/roveyayinevi.com.tr\/index.php\/wp-json\/wp\/v2\/product"}],"about":[{"href":"https:\/\/roveyayinevi.com.tr\/index.php\/wp-json\/wp\/v2\/types\/product"}],"wp:attachment":[{"href":"https:\/\/roveyayinevi.com.tr\/index.php\/wp-json\/wp\/v2\/media?parent=711891"}],"wp:term":[{"taxonomy":"product_brand","embeddable":true,"href":"https:\/\/roveyayinevi.com.tr\/index.php\/wp-json\/wp\/v2\/product_brand?post=711891"},{"taxonomy":"product_cat","embeddable":true,"href":"https:\/\/roveyayinevi.com.tr\/index.php\/wp-json\/wp\/v2\/product_cat?post=711891"},{"taxonomy":"product_tag","embeddable":true,"href":"https:\/\/roveyayinevi.com.tr\/index.php\/wp-json\/wp\/v2\/product_tag?post=711891"}],"curies":[{"name":"wp","href":"https:\/\/api.w.org\/{rel}","templated":true}]}}