{"id":711886,"date":"2025-08-27T16:50:23","date_gmt":"2025-08-27T13:50:23","guid":{"rendered":"https:\/\/roveyayinevi.com.tr\/index.php\/urun\/pentagonun-beyni-darpanin-sansursuz-tarihi-amerikanin-en-ust-duzeydeki-gizli-arastirma-merkezi\/"},"modified":"2026-04-16T02:20:33","modified_gmt":"2026-04-15T23:20:33","slug":"pentagonun-beyni-darpanin-sansursuz-tarihi-amerikanin-en-ust-duzeydeki-gizli-arastirma-merkezi","status":"publish","type":"product","link":"https:\/\/roveyayinevi.com.tr\/index.php\/urun\/pentagonun-beyni-darpanin-sansursuz-tarihi-amerikanin-en-ust-duzeydeki-gizli-arastirma-merkezi\/","title":{"rendered":"Pentagon\u2019un Beyni &#8211; Darpa\u2019n\u0131n Sans\u00fcrs\u00fcz Tarihi, Amerika\u2019n\u0131n En \u00dcst D\u00fczeydeki Gizli Ara\u015ft\u0131rma Merkezi"},"content":{"rendered":"<p>New York Times \u2018bestseller\u2019\u0131 Area 51\u2019in yazar\u0131ndan, ABD Savunma Bakanl\u0131\u011f\u0131 \u0130leri Ara\u015ft\u0131rma Projeleri Ajans\u0131\u2019n\u0131n (DARPA) eksiksiz tarihini anlatan, Pulitzer \u00d6d\u00fcl\u00fc Finalisti bir kitap.   Savunma Bakanl\u0131\u011f\u0131\u2019n\u0131n en gizli, en g\u00fc\u00e7l\u00fc ve de en tart\u0131\u015fmal\u0131 asker\u00ee ara\u015ft\u0131rma ve geli\u015ftirme te\u015fkilat\u0131n\u0131n tarih\u00e7esini kimse yazmad\u0131. Bu te\u015fkilat hakk\u0131ndaki ilk tarih\u00e7e \u00e7al\u0131\u015fmas\u0131nda, New York Times\u2019\u0131n \u00e7ok satan yazar\u0131 Annie Jacobsen, i\u00e7erideki kaynaklardan, \u00f6zel r\u00f6portajlardan, gizli belgelerden ve gizlili\u011fi kald\u0131r\u0131lan bildirilerinden faydalanarak DARPA\u2019n\u0131n, ya da bir di\u011fer deyi\u015fle, \u201cPentagon\u2019un beyni\u201dnin, 1958 y\u0131l\u0131nda So\u011fuk Sava\u015f d\u00f6nemindeki kurulu\u015fundan g\u00fcn\u00fcm\u00fcze kadarki resmini \u00e7iziyor. DARPA hakk\u0131ndaki bu temel kitap, bilimin ve Amerikan ordusunun gizli kapakl\u0131 kesi\u015fimini ve bukesi\u015fimin genellikle korkutucu olan sonu\u00e7lar\u0131n\u0131, merak uyand\u0131ran ve ikna edici bir anlat\u0131mla sizlere sunuyor. <\/p>\n","protected":false},"excerpt":{"rendered":"<p>New York Times \u2018bestseller\u2019\u0131 Area 51\u2019in yazar\u0131ndan, ABD Savunma Bakanl\u0131\u011f\u0131 \u0130leri Ara\u015ft\u0131rma Projeleri Ajans\u0131\u2019n\u0131n (DARPA) eksiksiz tarihini anlatan, Pulitzer \u00d6d\u00fcl\u00fc Finalisti bir kitap. Savunma Bakanl\u0131\u011f\u0131\u2019n\u0131n en<span class=\"excerpt-hellip\"> [\u2026]<\/span><\/p>\n","protected":false},"featured_media":0,"template":"","meta":{"_monsterinsights_skip_tracking":false,"_monsterinsights_sitenote_active":false,"_monsterinsights_sitenote_note":"","_monsterinsights_sitenote_category":0},"product_brand":[],"product_cat":[13590,12337],"product_tag":[],"class_list":{"0":"post-711886","1":"product","2":"type-product","3":"status-publish","5":"product_cat-arastirma-inceleme-politika-siyaset","6":"product_cat-politika-siyaset","7":"pa_cilt-ciltsiz","8":"pa_tur-kitap","9":"pa_yayinevi-profil-kitap","10":"pa_yazar-annie-jacobsen","12":"first","13":"instock","14":"sale","15":"shipping-taxable","16":"purchasable","17":"product-type-simple"},"_links":{"self":[{"href":"https:\/\/roveyayinevi.com.tr\/index.php\/wp-json\/wp\/v2\/product\/711886","targetHints":{"allow":["GET"]}}],"collection":[{"href":"https:\/\/roveyayinevi.com.tr\/index.php\/wp-json\/wp\/v2\/product"}],"about":[{"href":"https:\/\/roveyayinevi.com.tr\/index.php\/wp-json\/wp\/v2\/types\/product"}],"wp:attachment":[{"href":"https:\/\/roveyayinevi.com.tr\/index.php\/wp-json\/wp\/v2\/media?parent=711886"}],"wp:term":[{"taxonomy":"product_brand","embeddable":true,"href":"https:\/\/roveyayinevi.com.tr\/index.php\/wp-json\/wp\/v2\/product_brand?post=711886"},{"taxonomy":"product_cat","embeddable":true,"href":"https:\/\/roveyayinevi.com.tr\/index.php\/wp-json\/wp\/v2\/product_cat?post=711886"},{"taxonomy":"product_tag","embeddable":true,"href":"https:\/\/roveyayinevi.com.tr\/index.php\/wp-json\/wp\/v2\/product_tag?post=711886"}],"curies":[{"name":"wp","href":"https:\/\/api.w.org\/{rel}","templated":true}]}}