{"id":711885,"date":"2025-08-27T16:50:23","date_gmt":"2025-08-27T13:50:23","guid":{"rendered":"https:\/\/roveyayinevi.com.tr\/index.php\/urun\/tirnak-sanati\/"},"modified":"2026-04-16T02:20:33","modified_gmt":"2026-04-15T23:20:33","slug":"tirnak-sanati","status":"publish","type":"product","link":"https:\/\/roveyayinevi.com.tr\/index.php\/urun\/tirnak-sanati\/","title":{"rendered":"T\u0131rnak Sanat\u0131"},"content":{"rendered":"<p>\u0130nan\u0131lmaz t\u0131rnak tasar\u0131mlar\u0131 m\u0131 yaratmak istiyorsunuz? \u0130htiyac\u0131n\u0131z olan b\u00fct\u00fcn ilham\u0131, uluslararas\u0131 t\u0131rnak tasar\u0131mc\u0131lar\u0131n\u0131n projelerini g\u00fczelce resmeden bu koleksiyonda bulacaks\u0131n\u0131z. 20\u2019den fazla tasar\u0131m\u0131 ad\u0131m ad\u0131m anlatan bu t\u0131rnak sanat\u0131 k\u0131lavuzu g\u00fcnd\u00fcze, geceye veya \u00f6zel durumlara \u00f6zg\u00fc pek \u00e7ok tasar\u0131m\u0131 da sizlerin be\u011fenisine sunuyor. T\u0131rnak sanat\u0131, ak\u0131c\u0131 zarafetten tribal agresifli\u011fe kadar farkl\u0131 ruh h\u00e2llerini yans\u0131t\u0131yor. Acemilikten ileri d\u00fczeye kadar her seviyeyi hedefleyen t\u0131rnak s\u00fcsleme sanat\u0131, kusursuz ve uzun \u00f6m\u00fcrl\u00fc bir sona ula\u015fman\u0131z i\u00e7in profesyonel t\u0131rnak sanat\u0131n\u0131n ipu\u00e7lar\u0131n\u0131 ve p\u00fcf noktalar\u0131n\u0131 anlat\u0131yor. T\u0131rnak s\u00fcsleme sanat\u0131 son y\u0131llarda giderek pop\u00fclerle\u015fmekte. Bu kitap size Frans\u0131z Manik\u00fcr\u00fc\u2019ne, \u00e7i\u00e7ekli, hayvanl\u0131 ve daha bir\u00e7ok iddial\u0131 desenli t\u0131rnaklara nas\u0131l sahip olabilece\u011finizi g\u00f6stermeyi ama\u00e7l\u0131yor. Bu tasar\u0131mlar, ipu\u00e7lar\u0131 ve k\u00fc\u00e7\u00fck hileler, acemilerden profesyonellere kadar herkese kusursuz ve \u00f6zel desenlere sahip olma imk\u00e2n\u0131 sunuyor. Helena Biggs, Avrupa\u2019n\u0131n t\u0131rnak profesyonellerine hitap eden lider dergisi Scratch\u2019in yard\u0131mc\u0131 edit\u00f6r\u00fcd\u00fcr. G\u00fczellik, spa ve ya\u015fam tarz\u0131 alanlar\u0131ndaki yay\u0131nlara t\u0131rnak ile ilgili makaleler yazm\u0131\u015f ve televizyonda ve yaz\u0131l\u0131 bas\u0131nda bir t\u0131rnak uzman\u0131 olarak yer alm\u0131\u015ft\u0131r.  G\u00fczellik sekt\u00f6r\u00fc yay\u0131nlar\u0131 dal\u0131nda gazetecilik \u00f6d\u00fcl\u00fcne aday g\u00f6sterilmi\u015ftir. T\u0131rnak sekt\u00f6r\u00fc konusunda olduk\u00e7a tutkulu olan Biggs, bu alandaki pek \u00e7ok yar\u0131\u015fmada j\u00fcrilik de yapm\u0131\u015ft\u0131r. Ayr\u0131ca, Britanya t\u0131rnak end\u00fcstrisindeki yeni yetenekleri ke\u015ffeden y\u0131ll\u0131k Scratch Y\u0131ld\u0131zlar\u0131 \u00d6d\u00fcl\u00fc\u2019n\u00fc d\u00fczenlemektedir. <\/p>\n","protected":false},"excerpt":{"rendered":"<p>\u0130nan\u0131lmaz t\u0131rnak tasar\u0131mlar\u0131 m\u0131 yaratmak istiyorsunuz? \u0130htiyac\u0131n\u0131z olan b\u00fct\u00fcn ilham\u0131, uluslararas\u0131 t\u0131rnak tasar\u0131mc\u0131lar\u0131n\u0131n projelerini g\u00fczelce resmeden bu koleksiyonda bulacaks\u0131n\u0131z. 20\u2019den fazla tasar\u0131m\u0131 ad\u0131m ad\u0131m anlatan bu<span class=\"excerpt-hellip\"> [\u2026]<\/span><\/p>\n","protected":false},"featured_media":0,"template":"","meta":{"_monsterinsights_skip_tracking":false,"_monsterinsights_sitenote_active":false,"_monsterinsights_sitenote_note":"","_monsterinsights_sitenote_category":0},"product_brand":[],"product_cat":[12312,12304],"product_tag":[],"class_list":{"0":"post-711885","1":"product","2":"type-product","3":"status-publish","5":"product_cat-diger","6":"product_cat-tarih","7":"pa_cilt-ciltsiz","8":"pa_tur-kitap","9":"pa_yayinevi-profil-kitap","10":"pa_yazar-helena-biggs","12":"first","13":"instock","14":"sale","15":"shipping-taxable","16":"purchasable","17":"product-type-simple"},"_links":{"self":[{"href":"https:\/\/roveyayinevi.com.tr\/index.php\/wp-json\/wp\/v2\/product\/711885","targetHints":{"allow":["GET"]}}],"collection":[{"href":"https:\/\/roveyayinevi.com.tr\/index.php\/wp-json\/wp\/v2\/product"}],"about":[{"href":"https:\/\/roveyayinevi.com.tr\/index.php\/wp-json\/wp\/v2\/types\/product"}],"wp:attachment":[{"href":"https:\/\/roveyayinevi.com.tr\/index.php\/wp-json\/wp\/v2\/media?parent=711885"}],"wp:term":[{"taxonomy":"product_brand","embeddable":true,"href":"https:\/\/roveyayinevi.com.tr\/index.php\/wp-json\/wp\/v2\/product_brand?post=711885"},{"taxonomy":"product_cat","embeddable":true,"href":"https:\/\/roveyayinevi.com.tr\/index.php\/wp-json\/wp\/v2\/product_cat?post=711885"},{"taxonomy":"product_tag","embeddable":true,"href":"https:\/\/roveyayinevi.com.tr\/index.php\/wp-json\/wp\/v2\/product_tag?post=711885"}],"curies":[{"name":"wp","href":"https:\/\/api.w.org\/{rel}","templated":true}]}}