{"id":711884,"date":"2025-08-27T16:50:22","date_gmt":"2025-08-27T13:50:22","guid":{"rendered":"https:\/\/roveyayinevi.com.tr\/index.php\/urun\/sirt-cantali-nicolas\/"},"modified":"2026-04-16T02:20:33","modified_gmt":"2026-04-15T23:20:33","slug":"sirt-cantali-nicolas","status":"publish","type":"product","link":"https:\/\/roveyayinevi.com.tr\/index.php\/urun\/sirt-cantali-nicolas\/","title":{"rendered":"S\u0131rt \u00c7antal\u0131 Nicolas"},"content":{"rendered":"<p>\u201cYok karde\u015fim, seni de tan\u0131d\u0131k bu arada&#8230; Bu planlar bize uymaz sen de anla yol yak\u0131nken\u2026 Monsieur, Sir ve Herr ile birlikte sen de anla Bay\u0131m&#8230; \u00c7\u00fcnk\u00fc ne yaparsan\u0131z yap\u0131n el birli\u011fiyle, ba\u015faramayacaks\u0131n\u0131z. Bu memleketi b\u00f6ld\u00fcrmeyece\u011fiz, i\u015fgal etmenize izin vermeyece\u011fiz. Liderimizi ve milletimizi a\u015fa\u011f\u0131l\u0131k ortakl\u0131klar\u0131n\u0131zla yenemeyeceksiniz.\u201d   Deneyimli gazeteci, Cumhurba\u015fkan\u0131 Ba\u015fdan\u0131\u015fman\u0131 Saadet Oru\u00e7\u2019un kitab\u0131n\u0131n co\u011frafyas\u0131 sayfalar boyunca de\u011fi\u015fiyor ancak odak hep ayn\u0131 kal\u0131yor: T\u00fcrkiye. Her ne kadar g\u00fcnl\u00fck f\u0131kra yaz\u0131lar\u0131 yay\u0131nland\u0131\u011f\u0131 anda \u00f6mr\u00fcn\u00fc tamamlam\u0131\u015f gibi g\u00f6r\u00fcnse de Oru\u00e7\u2019un yaz\u0131lar\u0131 T\u00fcrkiye\u2019yi ve etraf\u0131nda olup bitenleri anlamak i\u00e7in e\u015fsiz birer kaynak. S\u0131rt \u00c7antal\u0131 Nicolas\u2019taki yaz\u0131lar, sunduklar\u0131 analizlerle adeta birer belge h\u00fcviyetinde okuyucuya sunuluyor. Saadet Oru\u00e7\u2019un bu ilk kitab\u0131 okura yak\u0131n ge\u00e7mi\u015fi hat\u0131rlama ve anlama imk\u00e2n\u0131 tan\u0131yor. <\/p>\n","protected":false},"excerpt":{"rendered":"<p>\u201cYok karde\u015fim, seni de tan\u0131d\u0131k bu arada&#8230; Bu planlar bize uymaz sen de anla yol yak\u0131nken\u2026 Monsieur, Sir ve Herr ile birlikte sen de anla Bay\u0131m&#8230;<span class=\"excerpt-hellip\"> [\u2026]<\/span><\/p>\n","protected":false},"featured_media":0,"template":"","meta":{"_monsterinsights_skip_tracking":false,"_monsterinsights_sitenote_active":false,"_monsterinsights_sitenote_note":"","_monsterinsights_sitenote_category":0},"product_brand":[],"product_cat":[31194,12337],"product_tag":[],"class_list":{"0":"post-711884","1":"product","2":"type-product","3":"status-publish","5":"product_cat-guncel-siyaset","6":"product_cat-politika-siyaset","7":"pa_cilt-ciltsiz","8":"pa_tur-kitap","9":"pa_yayinevi-profil-kitap","10":"pa_yazar-saadet-oruc","12":"first","13":"instock","14":"sale","15":"shipping-taxable","16":"purchasable","17":"product-type-simple"},"_links":{"self":[{"href":"https:\/\/roveyayinevi.com.tr\/index.php\/wp-json\/wp\/v2\/product\/711884","targetHints":{"allow":["GET"]}}],"collection":[{"href":"https:\/\/roveyayinevi.com.tr\/index.php\/wp-json\/wp\/v2\/product"}],"about":[{"href":"https:\/\/roveyayinevi.com.tr\/index.php\/wp-json\/wp\/v2\/types\/product"}],"wp:attachment":[{"href":"https:\/\/roveyayinevi.com.tr\/index.php\/wp-json\/wp\/v2\/media?parent=711884"}],"wp:term":[{"taxonomy":"product_brand","embeddable":true,"href":"https:\/\/roveyayinevi.com.tr\/index.php\/wp-json\/wp\/v2\/product_brand?post=711884"},{"taxonomy":"product_cat","embeddable":true,"href":"https:\/\/roveyayinevi.com.tr\/index.php\/wp-json\/wp\/v2\/product_cat?post=711884"},{"taxonomy":"product_tag","embeddable":true,"href":"https:\/\/roveyayinevi.com.tr\/index.php\/wp-json\/wp\/v2\/product_tag?post=711884"}],"curies":[{"name":"wp","href":"https:\/\/api.w.org\/{rel}","templated":true}]}}