{"id":711881,"date":"2025-08-27T16:50:20","date_gmt":"2025-08-27T13:50:20","guid":{"rendered":"https:\/\/roveyayinevi.com.tr\/index.php\/urun\/buyuk-uygarliklar-mayalar\/"},"modified":"2025-11-06T04:32:54","modified_gmt":"2025-11-06T01:32:54","slug":"buyuk-uygarliklar-mayalar","status":"publish","type":"product","link":"https:\/\/roveyayinevi.com.tr\/index.php\/urun\/buyuk-uygarliklar-mayalar\/","title":{"rendered":"B\u00fcy\u00fck Uygarl\u0131klar &#8211; Mayalar"},"content":{"rendered":"<p>Mayalar   B\u00fcy\u00fck Uygarl\u0131klar dizisinde yer alan kapsaml\u0131, renkli ve bilgilendirici kitaplar sayesinde ge\u00e7mi\u015fin \u00f6nemli uygarl\u0131klar\u0131n\u0131 ke\u015ffedin. Bin y\u0131ldan daha uzun bir zaman \u00f6nce, Orta Amerika\u2019da ya\u015fayan bir halk, tarihteki en geli\u015fmi\u015f uygarl\u0131klardan birini kurdu. Bu kitap, Maya uygarl\u0131\u011f\u0131n\u0131n nas\u0131l geli\u015fti\u011fini anlat\u0131yor. Ayr\u0131ca bu uygarl\u0131k hakk\u0131nda daha fazla bilgi edinmemizi sa\u011flayan, onlara ait hangi eserlerin, e\u015fyalar\u0131n ve yap\u0131lar\u0131n g\u00fcn\u00fcm\u00fcze kadar ula\u015ft\u0131\u011f\u0131n\u0131 ortaya koyuyor. Maya uygarl\u0131\u011f\u0131na ait yap\u0131lar\u0131n ve eserlerin capcanl\u0131 ve renkli foto\u011fraflar\u0131 ve Mayalar\u0131n ya\u015fam\u0131na dair ilgin\u00e7 bilgiler veriyor. B\u00fcy\u00fck Uygarl\u0131klar dizisi sizi ge\u00e7mi\u015fte heyecanl\u0131 bir yolculu\u011fa davet ediyor. <\/p>\n","protected":false},"excerpt":{"rendered":"<p>Mayalar B\u00fcy\u00fck Uygarl\u0131klar dizisinde yer alan kapsaml\u0131, renkli ve bilgilendirici kitaplar sayesinde ge\u00e7mi\u015fin \u00f6nemli uygarl\u0131klar\u0131n\u0131 ke\u015ffedin. Bin y\u0131ldan daha uzun bir zaman \u00f6nce, Orta Amerika\u2019da ya\u015fayan<span class=\"excerpt-hellip\"> [\u2026]<\/span><\/p>\n","protected":false},"featured_media":0,"template":"","meta":{"_monsterinsights_skip_tracking":false,"_monsterinsights_sitenote_active":false,"_monsterinsights_sitenote_note":"","_monsterinsights_sitenote_category":0},"product_brand":[],"product_cat":[13829,12274],"product_tag":[],"class_list":{"0":"post-711881","1":"product","2":"type-product","3":"status-publish","5":"product_cat-bilimsel-kitaplar","6":"product_cat-cocuk-ve-genclik-kitaplari","7":"pa_cilt-ciltsiz","8":"pa_tur-kitap","9":"pa_yayinevi-1001-cicek-kitaplar","10":"pa_yazar-tracey-kelly","12":"first","13":"instock","14":"sale","15":"shipping-taxable","16":"purchasable","17":"product-type-simple"},"_links":{"self":[{"href":"https:\/\/roveyayinevi.com.tr\/index.php\/wp-json\/wp\/v2\/product\/711881","targetHints":{"allow":["GET"]}}],"collection":[{"href":"https:\/\/roveyayinevi.com.tr\/index.php\/wp-json\/wp\/v2\/product"}],"about":[{"href":"https:\/\/roveyayinevi.com.tr\/index.php\/wp-json\/wp\/v2\/types\/product"}],"wp:attachment":[{"href":"https:\/\/roveyayinevi.com.tr\/index.php\/wp-json\/wp\/v2\/media?parent=711881"}],"wp:term":[{"taxonomy":"product_brand","embeddable":true,"href":"https:\/\/roveyayinevi.com.tr\/index.php\/wp-json\/wp\/v2\/product_brand?post=711881"},{"taxonomy":"product_cat","embeddable":true,"href":"https:\/\/roveyayinevi.com.tr\/index.php\/wp-json\/wp\/v2\/product_cat?post=711881"},{"taxonomy":"product_tag","embeddable":true,"href":"https:\/\/roveyayinevi.com.tr\/index.php\/wp-json\/wp\/v2\/product_tag?post=711881"}],"curies":[{"name":"wp","href":"https:\/\/api.w.org\/{rel}","templated":true}]}}