{"id":711879,"date":"2025-08-27T16:50:19","date_gmt":"2025-08-27T13:50:19","guid":{"rendered":"https:\/\/roveyayinevi.com.tr\/index.php\/urun\/allah-inancini-kullanma-pratigi-akp\/"},"modified":"2026-04-16T02:20:33","modified_gmt":"2026-04-15T23:20:33","slug":"allah-inancini-kullanma-pratigi-akp","status":"publish","type":"product","link":"https:\/\/roveyayinevi.com.tr\/index.php\/urun\/allah-inancini-kullanma-pratigi-akp\/","title":{"rendered":"Allah \u0130nanc\u0131n\u0131 Kullanma Prati\u011fi (AKP)"},"content":{"rendered":"<p>Medyumlar insanlar\u0131 aldatmad\u0131; birey ve toplumun bilin\u00e7 yan\u0131lsamas\u0131 ile sahip oldu\u011fu yarg\u0131lar\u0131 ve inan\u00e7lar\u0131 kulland\u0131lar. Medyumlar, insanlar\u0131n duymak istediklerini alg\u0131layarak bu isteklerini kulland\u0131lar ve onlara duymak istediklerini s\u00f6ylediler. Din referans\u0131n\u0131 prati\u011finin \u00f6znesi k\u0131lan siyaset\u00e7iler ve din adamlar\u0131 da \u201cdinin toplumsal me\u015fruiyetine\u201d s\u0131rt\u0131n\u0131 yaslayan medyumlard\u0131. <\/p>\n","protected":false},"excerpt":{"rendered":"<p>Medyumlar insanlar\u0131 aldatmad\u0131; birey ve toplumun bilin\u00e7 yan\u0131lsamas\u0131 ile sahip oldu\u011fu yarg\u0131lar\u0131 ve inan\u00e7lar\u0131 kulland\u0131lar. Medyumlar, insanlar\u0131n duymak istediklerini alg\u0131layarak bu isteklerini kulland\u0131lar ve onlara duymak<span class=\"excerpt-hellip\"> [\u2026]<\/span><\/p>\n","protected":false},"featured_media":0,"template":"","meta":{"_monsterinsights_skip_tracking":false,"_monsterinsights_sitenote_active":false,"_monsterinsights_sitenote_note":"","_monsterinsights_sitenote_category":0},"product_brand":[],"product_cat":[13590,12337],"product_tag":[],"class_list":{"0":"post-711879","1":"product","2":"type-product","3":"status-publish","5":"product_cat-arastirma-inceleme-politika-siyaset","6":"product_cat-politika-siyaset","7":"pa_cilt-ciltsiz","8":"pa_tur-kitap","9":"pa_yayinevi-nitelik-kitap","10":"pa_yazar-babur-pinar","12":"first","13":"instock","14":"sale","15":"shipping-taxable","16":"purchasable","17":"product-type-simple"},"_links":{"self":[{"href":"https:\/\/roveyayinevi.com.tr\/index.php\/wp-json\/wp\/v2\/product\/711879","targetHints":{"allow":["GET"]}}],"collection":[{"href":"https:\/\/roveyayinevi.com.tr\/index.php\/wp-json\/wp\/v2\/product"}],"about":[{"href":"https:\/\/roveyayinevi.com.tr\/index.php\/wp-json\/wp\/v2\/types\/product"}],"wp:attachment":[{"href":"https:\/\/roveyayinevi.com.tr\/index.php\/wp-json\/wp\/v2\/media?parent=711879"}],"wp:term":[{"taxonomy":"product_brand","embeddable":true,"href":"https:\/\/roveyayinevi.com.tr\/index.php\/wp-json\/wp\/v2\/product_brand?post=711879"},{"taxonomy":"product_cat","embeddable":true,"href":"https:\/\/roveyayinevi.com.tr\/index.php\/wp-json\/wp\/v2\/product_cat?post=711879"},{"taxonomy":"product_tag","embeddable":true,"href":"https:\/\/roveyayinevi.com.tr\/index.php\/wp-json\/wp\/v2\/product_tag?post=711879"}],"curies":[{"name":"wp","href":"https:\/\/api.w.org\/{rel}","templated":true}]}}