{"id":711877,"date":"2025-08-27T16:50:18","date_gmt":"2025-08-27T13:50:18","guid":{"rendered":"https:\/\/roveyayinevi.com.tr\/index.php\/urun\/arkadasim-mumya-ucan-deve\/"},"modified":"2026-04-16T02:20:33","modified_gmt":"2026-04-15T23:20:33","slug":"arkadasim-mumya-ucan-deve","status":"publish","type":"product","link":"https:\/\/roveyayinevi.com.tr\/index.php\/urun\/arkadasim-mumya-ucan-deve\/","title":{"rendered":"Arkada\u015f\u0131m Mumya U\u00e7an Deve"},"content":{"rendered":"<p>Darwishi Ur-Atum Msamaki Minkabh Ishaq Eboni geri d\u00f6nd\u00fc! Dummie, Goos ve Klaas, u\u00e7an deveyle yapt\u0131klar\u0131 heyecanl\u0131 yolculuk sonras\u0131nda M\u0131s\u0131r\u2019a ula\u015f\u0131rlar. Merkeze gittiklerinde Dummie ne\u015feyle arabadan atlar, piramide do\u011fru ko\u015fup t\u0131rmanmaya ba\u015flar. \u201cMaashi! Geri d\u00f6nd\u00fcm! Buraday\u0131m! \u00dclkemdeyim!\u201dAncak Dummie\u2019nin bu ne\u015fesi k\u0131sa s\u00fcrer, \u00e7\u00fcnk\u00fc babas\u0131 Achnetut\u2019un mezar\u0131 hen\u00fcz bulunamam\u0131\u015ft\u0131r. Hep birlikte Achnetut\u2019un mezar\u0131n\u0131 aramaya ba\u015flarlar. Sonra \u00e7ok korkun\u00e7 bir \u015fey olur ve Goos ile Dummie\u2019nin hayatlar\u0131 b\u00fcy\u00fck bir tehlike alt\u0131na girer.Sorunlar\u0131 adeta bir m\u0131knat\u0131s gibi \u00e7eken Mumya Dummie, Goos ve babas\u0131 Klaas\u2019\u0131n ba\u015f\u0131na gelen s\u0131ra d\u0131\u015f\u0131 ve heyecanl\u0131 maceralar\u0131 okurken yerinizde duramayacaks\u0131n\u0131z!Serinin \u00d6d\u00fclleri: Hollanda \u00c7ocuk J\u00fcrisi Birincilik \u00d6d\u00fcl\u00fc \/ 2016Hollanda \u00c7ocuk J\u00fcrisi T\u00fcy Kalem \u00d6d\u00fcl\u00fc \/ 2011, 2013, 2014Uluslararas\u0131 Beyaz Kuzgun (Dikkate De\u011fer \u00c7ocuk Kitab\u0131) \u00d6d\u00fcl\u00fc \/ 2010 <\/p>\n","protected":false},"excerpt":{"rendered":"<p>Darwishi Ur-Atum Msamaki Minkabh Ishaq Eboni geri d\u00f6nd\u00fc! Dummie, Goos ve Klaas, u\u00e7an deveyle yapt\u0131klar\u0131 heyecanl\u0131 yolculuk sonras\u0131nda M\u0131s\u0131r\u2019a ula\u015f\u0131rlar. Merkeze gittiklerinde Dummie ne\u015feyle arabadan atlar,<span class=\"excerpt-hellip\"> [\u2026]<\/span><\/p>\n","protected":false},"featured_media":0,"template":"","meta":{"_monsterinsights_skip_tracking":false,"_monsterinsights_sitenote_active":false,"_monsterinsights_sitenote_note":"","_monsterinsights_sitenote_category":0},"product_brand":[],"product_cat":[12275,12274],"product_tag":[],"class_list":{"0":"post-711877","1":"product","2":"type-product","3":"status-publish","5":"product_cat-6-12-yas-kitaplari","6":"product_cat-cocuk-ve-genclik-kitaplari","7":"pa_cilt-ciltli","8":"pa_tur-kitap","9":"pa_yayinevi-epsilon-yayinlari","10":"pa_yazar-tosca-menten","12":"first","13":"instock","14":"sale","15":"shipping-taxable","16":"purchasable","17":"product-type-simple"},"_links":{"self":[{"href":"https:\/\/roveyayinevi.com.tr\/index.php\/wp-json\/wp\/v2\/product\/711877","targetHints":{"allow":["GET"]}}],"collection":[{"href":"https:\/\/roveyayinevi.com.tr\/index.php\/wp-json\/wp\/v2\/product"}],"about":[{"href":"https:\/\/roveyayinevi.com.tr\/index.php\/wp-json\/wp\/v2\/types\/product"}],"wp:attachment":[{"href":"https:\/\/roveyayinevi.com.tr\/index.php\/wp-json\/wp\/v2\/media?parent=711877"}],"wp:term":[{"taxonomy":"product_brand","embeddable":true,"href":"https:\/\/roveyayinevi.com.tr\/index.php\/wp-json\/wp\/v2\/product_brand?post=711877"},{"taxonomy":"product_cat","embeddable":true,"href":"https:\/\/roveyayinevi.com.tr\/index.php\/wp-json\/wp\/v2\/product_cat?post=711877"},{"taxonomy":"product_tag","embeddable":true,"href":"https:\/\/roveyayinevi.com.tr\/index.php\/wp-json\/wp\/v2\/product_tag?post=711877"}],"curies":[{"name":"wp","href":"https:\/\/api.w.org\/{rel}","templated":true}]}}