{"id":711876,"date":"2025-08-27T16:50:18","date_gmt":"2025-08-27T13:50:18","guid":{"rendered":"https:\/\/roveyayinevi.com.tr\/index.php\/urun\/sinek-astrid-yukseklerden-ucuyor\/"},"modified":"2026-04-16T02:20:33","modified_gmt":"2026-04-15T23:20:33","slug":"sinek-astrid-yukseklerden-ucuyor","status":"publish","type":"product","link":"https:\/\/roveyayinevi.com.tr\/index.php\/urun\/sinek-astrid-yukseklerden-ucuyor\/","title":{"rendered":"Sinek Astrid Y\u00fckseklerden U\u00e7uyor"},"content":{"rendered":"<p>Ben Astrid. Sinek oldu\u011fumu s\u00f6yl\u00fcyorlar. Oras\u0131n\u0131 bilmem ama u\u00e7arak yeni \u015feyler  ke\u015ffetmeye bay\u0131l\u0131yorum. Tabii bir de yemek yemeyi \u00e7ok seviyorum! Bazen tehlikeler ya\u015fad\u0131\u011f\u0131m oluyor ama \u00e7ok e\u011fleniyorum. Kalabal\u0131k ailemle -inanabiliyor musun, tam 43 karde\u015fim var!-  tan\u0131\u015fmaya, benimle maceralar ya\u015famaya,  birlikte e\u011flenmeye ne dersin? <\/p>\n","protected":false},"excerpt":{"rendered":"<p>Ben Astrid. Sinek oldu\u011fumu s\u00f6yl\u00fcyorlar. Oras\u0131n\u0131 bilmem ama u\u00e7arak yeni \u015feyler ke\u015ffetmeye bay\u0131l\u0131yorum. Tabii bir de yemek yemeyi \u00e7ok seviyorum! Bazen tehlikeler ya\u015fad\u0131\u011f\u0131m oluyor ama \u00e7ok<span class=\"excerpt-hellip\"> [\u2026]<\/span><\/p>\n","protected":false},"featured_media":0,"template":"","meta":{"_monsterinsights_skip_tracking":false,"_monsterinsights_sitenote_active":false,"_monsterinsights_sitenote_note":"","_monsterinsights_sitenote_category":0},"product_brand":[],"product_cat":[12913,12274],"product_tag":[],"class_list":{"0":"post-711876","1":"product","2":"type-product","3":"status-publish","5":"product_cat-3-6-yas-kitaplari","6":"product_cat-cocuk-ve-genclik-kitaplari","7":"pa_cilt-ciltli","8":"pa_tur-kitap","9":"pa_yayinevi-ucan-fil-yayinlari","10":"pa_yazar-maria-jonsson","12":"first","13":"instock","14":"sale","15":"shipping-taxable","16":"purchasable","17":"product-type-simple"},"_links":{"self":[{"href":"https:\/\/roveyayinevi.com.tr\/index.php\/wp-json\/wp\/v2\/product\/711876","targetHints":{"allow":["GET"]}}],"collection":[{"href":"https:\/\/roveyayinevi.com.tr\/index.php\/wp-json\/wp\/v2\/product"}],"about":[{"href":"https:\/\/roveyayinevi.com.tr\/index.php\/wp-json\/wp\/v2\/types\/product"}],"wp:attachment":[{"href":"https:\/\/roveyayinevi.com.tr\/index.php\/wp-json\/wp\/v2\/media?parent=711876"}],"wp:term":[{"taxonomy":"product_brand","embeddable":true,"href":"https:\/\/roveyayinevi.com.tr\/index.php\/wp-json\/wp\/v2\/product_brand?post=711876"},{"taxonomy":"product_cat","embeddable":true,"href":"https:\/\/roveyayinevi.com.tr\/index.php\/wp-json\/wp\/v2\/product_cat?post=711876"},{"taxonomy":"product_tag","embeddable":true,"href":"https:\/\/roveyayinevi.com.tr\/index.php\/wp-json\/wp\/v2\/product_tag?post=711876"}],"curies":[{"name":"wp","href":"https:\/\/api.w.org\/{rel}","templated":true}]}}