{"id":711872,"date":"2025-08-27T16:50:15","date_gmt":"2025-08-27T13:50:15","guid":{"rendered":"https:\/\/roveyayinevi.com.tr\/index.php\/urun\/rintintin-6-kacak\/"},"modified":"2026-02-03T02:32:39","modified_gmt":"2026-02-02T23:32:39","slug":"rintintin-6-kacak","status":"publish","type":"product","link":"https:\/\/roveyayinevi.com.tr\/index.php\/urun\/rintintin-6-kacak\/","title":{"rendered":"Rintintin 6 \u2013 Ka\u00e7ak"},"content":{"rendered":"<p>Vah\u015fi Bat\u0131\u2019n\u0131n en \u015fap\u015fal k\u00f6pe\u011fi Rintintin yine ortal\u0131\u011f\u0131 kar\u0131\u015ft\u0131r\u0131p yeni yurdu olan Alcatraz cezaevinin alt\u0131n\u0131 \u00fcst\u00fcne getiriyor. Morris, Fauche ve L\u00e9turgie \u00fc\u00e7l\u00fcs\u00fcnden yine unutulmayacak bir Rintintin maceras\u0131. <\/p>\n","protected":false},"excerpt":{"rendered":"<p>Vah\u015fi Bat\u0131\u2019n\u0131n en \u015fap\u015fal k\u00f6pe\u011fi Rintintin yine ortal\u0131\u011f\u0131 kar\u0131\u015ft\u0131r\u0131p yeni yurdu olan Alcatraz cezaevinin alt\u0131n\u0131 \u00fcst\u00fcne getiriyor. Morris, Fauche ve L\u00e9turgie \u00fc\u00e7l\u00fcs\u00fcnden yine unutulmayacak bir Rintintin<span class=\"excerpt-hellip\"> [\u2026]<\/span><\/p>\n","protected":false},"featured_media":0,"template":"","meta":{"_monsterinsights_skip_tracking":false,"_monsterinsights_sitenote_active":false,"_monsterinsights_sitenote_note":"","_monsterinsights_sitenote_category":0},"product_brand":[],"product_cat":[12416,12291],"product_tag":[],"class_list":{"0":"post-711872","1":"product","2":"type-product","3":"status-publish","5":"product_cat-cizgi-roman","6":"product_cat-edebiyat","7":"pa_cilt-ciltsiz","8":"pa_tur-kitap","9":"pa_yayinevi-yapi-kredi-yayinlari","10":"pa_yazar-morris-xfauche-j-leturgie","12":"first","13":"instock","14":"sale","15":"shipping-taxable","16":"purchasable","17":"product-type-simple"},"_links":{"self":[{"href":"https:\/\/roveyayinevi.com.tr\/index.php\/wp-json\/wp\/v2\/product\/711872","targetHints":{"allow":["GET"]}}],"collection":[{"href":"https:\/\/roveyayinevi.com.tr\/index.php\/wp-json\/wp\/v2\/product"}],"about":[{"href":"https:\/\/roveyayinevi.com.tr\/index.php\/wp-json\/wp\/v2\/types\/product"}],"wp:attachment":[{"href":"https:\/\/roveyayinevi.com.tr\/index.php\/wp-json\/wp\/v2\/media?parent=711872"}],"wp:term":[{"taxonomy":"product_brand","embeddable":true,"href":"https:\/\/roveyayinevi.com.tr\/index.php\/wp-json\/wp\/v2\/product_brand?post=711872"},{"taxonomy":"product_cat","embeddable":true,"href":"https:\/\/roveyayinevi.com.tr\/index.php\/wp-json\/wp\/v2\/product_cat?post=711872"},{"taxonomy":"product_tag","embeddable":true,"href":"https:\/\/roveyayinevi.com.tr\/index.php\/wp-json\/wp\/v2\/product_tag?post=711872"}],"curies":[{"name":"wp","href":"https:\/\/api.w.org\/{rel}","templated":true}]}}