{"id":711871,"date":"2025-08-27T16:50:15","date_gmt":"2025-08-27T13:50:15","guid":{"rendered":"https:\/\/roveyayinevi.com.tr\/index.php\/urun\/politika-3\/"},"modified":"2026-04-16T02:20:33","modified_gmt":"2026-04-15T23:20:33","slug":"politika-3","status":"publish","type":"product","link":"https:\/\/roveyayinevi.com.tr\/index.php\/urun\/politika-3\/","title":{"rendered":"Politika"},"content":{"rendered":"<p>Aristoteles\u2019in Politika\u2019s\u0131, hocas\u0131 Platon\u2019un Devlet\u2019i gibi, politik felsefenin kurucu metinlerinden biridir. Hakikate sevdiklerimizden daha \u00e7ok de\u011fer vermeliyiz \u015fiar\u0131yla hareket eden Aristoteles, bu eserinde hocas\u0131n\u0131n politikaya dair ba\u015fl\u0131ca eserlerini (Devlet ve Yasalar) ele\u015ftirmekten ka\u00e7\u0131nmaz. Bu a\u00e7\u0131dan bilim ve felsefenin ele\u015ftiri \u00fczerinde y\u00fckseldi\u011fi ger\u00e7e\u011finin en se\u00e7kin \u00f6rneklerinden birini sunar.Politikan\u0131n hem teorisini hem prati\u011fini \u00f6nemseyen Aristoteles bu eserinde ikisi aras\u0131nda varsay\u0131lan mesafeyi gidermeye \u00e7al\u0131\u015f\u0131r. Buna y\u00f6nelik olarak kendi zaman\u0131nda ve toplumunda oldu\u011fu kadar \u00e7a\u011fda\u015f toplumlarda cereyan eden teorik ve pratik tart\u0131\u015fmalara \u0131\u015f\u0131k tutabilecek tespit ve de\u011ferlendirmelerde bulunur.Kent devlet ve onun alt birimleri ve \u00f6zellikle hane, hane y\u00f6netimi ve k\u00f6lelik, yurtta\u015f, rejim, rejimlerin ana unsurlar\u0131, rejim \u00e7e\u015fitleri, iyi rejimler ve k\u00f6t\u00fc rejimler, rejim de\u011fi\u015fikliklerinin sebepleri ve buna y\u00f6nelik al\u0131nabilecek tedbirler, en iyi rejim ve e\u011fitim gibi konularda ayd\u0131nlat\u0131c\u0131 tart\u0131\u015fmalar y\u00fcr\u00fct\u00fcr. \u00d6zellikle demokrasi, oligar\u015fi ve diktat\u00f6rl\u00fck \u00fczerine tespitleri her toplumda kar\u015f\u0131la\u015f\u0131lan politikaya dair sorunlar\u0131 daha iyi anlamam\u0131za yard\u0131mc\u0131 olacakt\u0131r. <\/p>\n","protected":false},"excerpt":{"rendered":"<p>Aristoteles\u2019in Politika\u2019s\u0131, hocas\u0131 Platon\u2019un Devlet\u2019i gibi, politik felsefenin kurucu metinlerinden biridir. Hakikate sevdiklerimizden daha \u00e7ok de\u011fer vermeliyiz \u015fiar\u0131yla hareket eden Aristoteles, bu eserinde hocas\u0131n\u0131n politikaya dair<span class=\"excerpt-hellip\"> [\u2026]<\/span><\/p>\n","protected":false},"featured_media":0,"template":"","meta":{"_monsterinsights_skip_tracking":false,"_monsterinsights_sitenote_active":false,"_monsterinsights_sitenote_note":"","_monsterinsights_sitenote_category":0},"product_brand":[],"product_cat":[12388,15536],"product_tag":[],"class_list":{"0":"post-711871","1":"product","2":"type-product","3":"status-publish","5":"product_cat-felsefe","6":"product_cat-siyaset-felsefesi","7":"pa_cilt-ciltsiz","8":"pa_tur-kitap","9":"pa_yayinevi-pinhan-yayincilik","10":"pa_yazar-aristoteles","12":"first","13":"instock","14":"sale","15":"shipping-taxable","16":"purchasable","17":"product-type-simple"},"_links":{"self":[{"href":"https:\/\/roveyayinevi.com.tr\/index.php\/wp-json\/wp\/v2\/product\/711871","targetHints":{"allow":["GET"]}}],"collection":[{"href":"https:\/\/roveyayinevi.com.tr\/index.php\/wp-json\/wp\/v2\/product"}],"about":[{"href":"https:\/\/roveyayinevi.com.tr\/index.php\/wp-json\/wp\/v2\/types\/product"}],"wp:attachment":[{"href":"https:\/\/roveyayinevi.com.tr\/index.php\/wp-json\/wp\/v2\/media?parent=711871"}],"wp:term":[{"taxonomy":"product_brand","embeddable":true,"href":"https:\/\/roveyayinevi.com.tr\/index.php\/wp-json\/wp\/v2\/product_brand?post=711871"},{"taxonomy":"product_cat","embeddable":true,"href":"https:\/\/roveyayinevi.com.tr\/index.php\/wp-json\/wp\/v2\/product_cat?post=711871"},{"taxonomy":"product_tag","embeddable":true,"href":"https:\/\/roveyayinevi.com.tr\/index.php\/wp-json\/wp\/v2\/product_tag?post=711871"}],"curies":[{"name":"wp","href":"https:\/\/api.w.org\/{rel}","templated":true}]}}