{"id":711869,"date":"2025-08-27T16:50:14","date_gmt":"2025-08-27T13:50:14","guid":{"rendered":"https:\/\/roveyayinevi.com.tr\/index.php\/urun\/rekabet-ve-catisma\/"},"modified":"2026-04-16T02:20:33","modified_gmt":"2026-04-15T23:20:33","slug":"rekabet-ve-catisma","status":"publish","type":"product","link":"https:\/\/roveyayinevi.com.tr\/index.php\/urun\/rekabet-ve-catisma\/","title":{"rendered":"Rekabet ve \u00c7at\u0131\u015fma"},"content":{"rendered":"<p>\u201cRekabet canl\u0131lar d\u00fcnyas\u0131nda evrenseldir. Normal \u015fartlar alt\u0131nda, en ilgili olanlar taraf\u0131ndan dahi fark edilemez. Ancak kriz d\u00f6nemlerinde, insanlar ortak ya\u015famlar\u0131n\u0131n \u015fartlar\u0131n\u0131 kontrol etmek amac\u0131yla yeni ve bilin\u00e7li bir \u00e7aba g\u00f6sterdiklerinde, rekabet ettikleri g\u00fc\u00e7ler \u015fah\u0131slar ile \u00f6zde\u015fle\u015fir ve rekabet \u00e7at\u0131\u015fmaya d\u00f6n\u00fc\u015f\u00fcr.\u201d\u201cRekabet canl\u0131lar d\u00fcnyas\u0131nda evrenseldir. Normal \u015fartlar alt\u0131nda, en ilgili olanlar taraf\u0131ndan dahi fark edilemez. Ancak kriz d\u00f6nemlerinde, insanlar ortak ya\u015famlar\u0131n\u0131n \u015fartlar\u0131n\u0131 kontrol etmek amac\u0131yla yeni ve bilin\u00e7li bir \u00e7aba g\u00f6sterdi\u011finde, rekabet ettikleri g\u00fc\u00e7ler \u015fah\u0131slar ile \u00f6zde\u015fle\u015fir ve rekabet \u00e7at\u0131\u015fmaya d\u00f6n\u00fc\u015f\u00fcr.\u201dRobert Ezra Park, insan\u0131n evrensel do\u011fas\u0131n\u0131n en \u00f6nemli kavramlar\u0131ndan ikisini biyolojiden psikolojiye, siyaset biliminden sosyolojiye uzanan geni\u015f bir \u00e7er\u00e7eve i\u00e7erisinde okurun ilgisine sunuyor. 20. y\u00fczy\u0131l\u0131n ba\u015f\u0131nda kaleme al\u0131nm\u0131\u015f; zaman\u0131n\u0131n d\u00fczeyini yans\u0131tan ve bug\u00fcn ele\u015ftirel bir g\u00f6zle daha iyi de\u011ferlendirebilece\u011fimiz k\u0131sa ve dikkat \u00e7ekici okuma par\u00e7alar\u0131 e\u015fli\u011finde\u2026 Park\u2019\u0131n eserleri sosyal bilimlerin hen\u00fcz emeklemeye ba\u015flad\u0131\u011f\u0131 g\u00fcnlerden g\u00fcn\u00fcm\u00fcze tutulmu\u015f birer fener gibi\u2026 <\/p>\n","protected":false},"excerpt":{"rendered":"<p>\u201cRekabet canl\u0131lar d\u00fcnyas\u0131nda evrenseldir. Normal \u015fartlar alt\u0131nda, en ilgili olanlar taraf\u0131ndan dahi fark edilemez. Ancak kriz d\u00f6nemlerinde, insanlar ortak ya\u015famlar\u0131n\u0131n \u015fartlar\u0131n\u0131 kontrol etmek amac\u0131yla yeni ve<span class=\"excerpt-hellip\"> [\u2026]<\/span><\/p>\n","protected":false},"featured_media":0,"template":"","meta":{"_monsterinsights_skip_tracking":false,"_monsterinsights_sitenote_active":false,"_monsterinsights_sitenote_note":"","_monsterinsights_sitenote_category":0},"product_brand":[],"product_cat":[12324,27533],"product_tag":[],"class_list":{"0":"post-711869","1":"product","2":"type-product","3":"status-publish","5":"product_cat-sosyoloji","6":"product_cat-sosyolojiye-giris","7":"pa_cilt-ciltsiz","8":"pa_tur-kitap","9":"pa_yayinevi-pinhan-yayincilik","10":"pa_yazar-robert-ezra-park","12":"first","13":"instock","14":"sale","15":"shipping-taxable","16":"purchasable","17":"product-type-simple"},"_links":{"self":[{"href":"https:\/\/roveyayinevi.com.tr\/index.php\/wp-json\/wp\/v2\/product\/711869","targetHints":{"allow":["GET"]}}],"collection":[{"href":"https:\/\/roveyayinevi.com.tr\/index.php\/wp-json\/wp\/v2\/product"}],"about":[{"href":"https:\/\/roveyayinevi.com.tr\/index.php\/wp-json\/wp\/v2\/types\/product"}],"wp:attachment":[{"href":"https:\/\/roveyayinevi.com.tr\/index.php\/wp-json\/wp\/v2\/media?parent=711869"}],"wp:term":[{"taxonomy":"product_brand","embeddable":true,"href":"https:\/\/roveyayinevi.com.tr\/index.php\/wp-json\/wp\/v2\/product_brand?post=711869"},{"taxonomy":"product_cat","embeddable":true,"href":"https:\/\/roveyayinevi.com.tr\/index.php\/wp-json\/wp\/v2\/product_cat?post=711869"},{"taxonomy":"product_tag","embeddable":true,"href":"https:\/\/roveyayinevi.com.tr\/index.php\/wp-json\/wp\/v2\/product_tag?post=711869"}],"curies":[{"name":"wp","href":"https:\/\/api.w.org\/{rel}","templated":true}]}}