{"id":711868,"date":"2025-08-27T16:50:13","date_gmt":"2025-08-27T13:50:13","guid":{"rendered":"https:\/\/roveyayinevi.com.tr\/index.php\/urun\/dil-ve-mit\/"},"modified":"2026-04-16T02:20:33","modified_gmt":"2026-04-15T23:20:33","slug":"dil-ve-mit","status":"publish","type":"product","link":"https:\/\/roveyayinevi.com.tr\/index.php\/urun\/dil-ve-mit\/","title":{"rendered":"Dil ve Mit"},"content":{"rendered":"<p>Bu eserin ana kavramlar\u0131 dil ve mit.Hangisi daha \u00f6nce ortaya \u00e7\u0131km\u0131\u015f, aralar\u0131nda nedensellik ili\u015fkisi var m\u0131?E\u011fer cevap olumluysa hangisi di\u011ferinin nedeni?Yoksa aralar\u0131nda bir t\u00fcr kar\u015f\u0131l\u0131kl\u0131 nedensellik mi var?Ya da t\u00fcmden ba\u015fka bir se\u00e7enek: Her ikisi birlikte ba\u015fka bir ortak k\u00f6kten mi t\u00fcremi\u015f?Yahut tersten bakacak olursak ileriye do\u011fru bir soru: K\u00f6kleri belirlendikten sonra bu ikisi hangi sonu\u00e7lar\u0131n nedeni?20. y\u00fczy\u0131l\u0131n ilk yar\u0131s\u0131n\u0131n en etkin d\u00fc\u015f\u00fcn\u00fcrlerinden biri olan Cassirer insan k\u00fclt\u00fcr\u00fcn\u00fcn, dinsel tasavvurlar\u0131n, kavramla\u015ft\u0131rman\u0131n yan\u0131nda, s\u00f6z b\u00fcy\u00fcs\u00fc ile mecaz\u0131n g\u00fcc\u00fcnden hareket ediyor ve bu temel sorulara cevap ar\u0131yor. <\/p>\n","protected":false},"excerpt":{"rendered":"<p>Bu eserin ana kavramlar\u0131 dil ve mit.Hangisi daha \u00f6nce ortaya \u00e7\u0131km\u0131\u015f, aralar\u0131nda nedensellik ili\u015fkisi var m\u0131?E\u011fer cevap olumluysa hangisi di\u011ferinin nedeni?Yoksa aralar\u0131nda bir t\u00fcr kar\u015f\u0131l\u0131kl\u0131 nedensellik<span class=\"excerpt-hellip\"> [\u2026]<\/span><\/p>\n","protected":false},"featured_media":0,"template":"","meta":{"_monsterinsights_skip_tracking":false,"_monsterinsights_sitenote_active":false,"_monsterinsights_sitenote_note":"","_monsterinsights_sitenote_category":0},"product_brand":[],"product_cat":[12312,12304],"product_tag":[],"class_list":{"0":"post-711868","1":"product","2":"type-product","3":"status-publish","5":"product_cat-diger","6":"product_cat-tarih","7":"pa_cilt-ciltsiz","8":"pa_tur-kitap","9":"pa_yayinevi-pinhan-yayincilik","10":"pa_yazar-ernst-cassirer","12":"first","13":"instock","14":"sale","15":"shipping-taxable","16":"purchasable","17":"product-type-simple"},"_links":{"self":[{"href":"https:\/\/roveyayinevi.com.tr\/index.php\/wp-json\/wp\/v2\/product\/711868","targetHints":{"allow":["GET"]}}],"collection":[{"href":"https:\/\/roveyayinevi.com.tr\/index.php\/wp-json\/wp\/v2\/product"}],"about":[{"href":"https:\/\/roveyayinevi.com.tr\/index.php\/wp-json\/wp\/v2\/types\/product"}],"wp:attachment":[{"href":"https:\/\/roveyayinevi.com.tr\/index.php\/wp-json\/wp\/v2\/media?parent=711868"}],"wp:term":[{"taxonomy":"product_brand","embeddable":true,"href":"https:\/\/roveyayinevi.com.tr\/index.php\/wp-json\/wp\/v2\/product_brand?post=711868"},{"taxonomy":"product_cat","embeddable":true,"href":"https:\/\/roveyayinevi.com.tr\/index.php\/wp-json\/wp\/v2\/product_cat?post=711868"},{"taxonomy":"product_tag","embeddable":true,"href":"https:\/\/roveyayinevi.com.tr\/index.php\/wp-json\/wp\/v2\/product_tag?post=711868"}],"curies":[{"name":"wp","href":"https:\/\/api.w.org\/{rel}","templated":true}]}}