{"id":711867,"date":"2025-08-27T16:50:13","date_gmt":"2025-08-27T13:50:13","guid":{"rendered":"https:\/\/roveyayinevi.com.tr\/index.php\/urun\/justice-league-cilt-6-injustice-league\/"},"modified":"2026-04-16T02:20:33","modified_gmt":"2026-04-15T23:20:33","slug":"justice-league-cilt-6-injustice-league","status":"publish","type":"product","link":"https:\/\/roveyayinevi.com.tr\/index.php\/urun\/justice-league-cilt-6-injustice-league\/","title":{"rendered":"Justice League Cilt 6 \u2013 Injustice League"},"content":{"rendered":"<p>\u201cKesinlikle heyecan verici.\u201d\u2014 CRAVEONLINE \u201cDC\u2019nin en \u00f6nemli kitaplar\u0131ndan biri olmas\u0131n\u0131n yan\u0131nda maceran\u0131n her an\u0131n\u0131 merak edip i\u00e7ine \u00e7ekilece\u011fimizi g\u00f6steren, bir s\u00fcredir beklenen en iyi ekip hikayelerinden biri.\u201d\u2014 NEWSA RAMA \u201cGeoff Johns ve JasonFabok\u2019\u0131n ilgi cekiciAmazo yorumu beklenmedik y\u00f6nlere gidiyor, b\u00f6ylece ortaya super kahraman destan\u0131 oldu\u011fu kadar korku hikayesi de olan bir JusticeLeague maceras\u0131 c\u0131k\u0131yor.\u201d\u2014 IGN   S\u00dcPER HA\u0130NLER D\u00dcNYA\u2019YI ELE GE\u00c7\u0130RD\u0130KLER\u0130NDE ONU ANCAK B\u0130R BA\u015eKA S\u00dcPER HA\u0130N KURTARAB\u0130LM\u0130\u015eT\u0130.   Ba\u015fka bir boyuttan gelen CrimeSyndicate denen k\u00f6t\u00fcl\u00fc\u011f\u00fcn hizmetk\u00e2rlar\u0131 d\u00fcnyam\u0131z\u0131 i\u015fgal etti\u011finde, JusticeLeague\u2019in kahramanlar\u0131n\u0131 saniyeler i\u00e7inde yere sermi\u015flerdi. Ancak Lex Luthor taraf\u0131ndan y\u00f6netilen bir su\u00e7lular birli\u011fi olaylar\u0131n ak\u0131\u015f\u0131n\u0131 tersine \u00e7evirip gezegeni onlar\u0131n demir pen\u00e7elerinden kurtarabilmi\u015fti. \u015eimdi LexLuthor bir kahraman olarak takdir g\u00f6r\u00fcyor. Kamuoyunun ona olan deste\u011fi b\u00fct\u00fcn zamanlar\u0131n en y\u00fcksek seviyesinde seyrederken Superman\u2019in eski ezeli d\u00fc\u015fman\u0131 iyilik i\u00e7in tam zamanl\u0131 sava\u015fmaya karar verdi&#8230; JusticeLeague\u2019in bir \u00fcyesi olarak! Ama Lex bunu sadece iyi niyetinden mi istiyor? Ve ger\u00e7ekten taraf de\u011fi\u015ftirdiyse, tak\u0131m arkada\u015flar\u0131 bir zamanlar onlara zulmeden adam\u0131n yan\u0131nda \u00e7al\u0131\u015fabilecekler mi?S\u00fcperstar yazar GEOFF JOHNS (SUPERMAN) ve DOUGMAHNKE, JASON FABOK, IVAN REIS ve SCOTT KOLINSgibi \u00e7izgi roman\u0131n en iyi \u00e7izerlerinden olu\u015fan bir ekipsizlere JUSTICE LEAGUE: INJUSTICE LEAGUE\u2019i sunuyor.D\u00fc\u015fmanlar, m\u00fcttefikler ve aralar\u0131ndaki ince \u00e7izgi hakk\u0131ndaunutulmaz bir hik\u00e2ye&#8230; <\/p>\n","protected":false},"excerpt":{"rendered":"<p>\u201cKesinlikle heyecan verici.\u201d\u2014 CRAVEONLINE \u201cDC\u2019nin en \u00f6nemli kitaplar\u0131ndan biri olmas\u0131n\u0131n yan\u0131nda maceran\u0131n her an\u0131n\u0131 merak edip i\u00e7ine \u00e7ekilece\u011fimizi g\u00f6steren, bir s\u00fcredir beklenen en iyi ekip hikayelerinden<span class=\"excerpt-hellip\"> [\u2026]<\/span><\/p>\n","protected":false},"featured_media":0,"template":"","meta":{"_monsterinsights_skip_tracking":false,"_monsterinsights_sitenote_active":false,"_monsterinsights_sitenote_note":"","_monsterinsights_sitenote_category":0},"product_brand":[],"product_cat":[12689,12274],"product_tag":[],"class_list":{"0":"post-711867","1":"product","2":"type-product","3":"status-publish","5":"product_cat-cizgi-roman-cocuk-ve-genclik-kitaplari","6":"product_cat-cocuk-ve-genclik-kitaplari","7":"pa_cilt-ciltsiz","8":"pa_tur-kitap","9":"pa_yayinevi-yapi-kredi-yayinlari","10":"pa_yazar-geoff-johns-doug-mahnke-jason-fabok","12":"first","13":"instock","14":"sale","15":"shipping-taxable","16":"purchasable","17":"product-type-simple"},"_links":{"self":[{"href":"https:\/\/roveyayinevi.com.tr\/index.php\/wp-json\/wp\/v2\/product\/711867","targetHints":{"allow":["GET"]}}],"collection":[{"href":"https:\/\/roveyayinevi.com.tr\/index.php\/wp-json\/wp\/v2\/product"}],"about":[{"href":"https:\/\/roveyayinevi.com.tr\/index.php\/wp-json\/wp\/v2\/types\/product"}],"wp:attachment":[{"href":"https:\/\/roveyayinevi.com.tr\/index.php\/wp-json\/wp\/v2\/media?parent=711867"}],"wp:term":[{"taxonomy":"product_brand","embeddable":true,"href":"https:\/\/roveyayinevi.com.tr\/index.php\/wp-json\/wp\/v2\/product_brand?post=711867"},{"taxonomy":"product_cat","embeddable":true,"href":"https:\/\/roveyayinevi.com.tr\/index.php\/wp-json\/wp\/v2\/product_cat?post=711867"},{"taxonomy":"product_tag","embeddable":true,"href":"https:\/\/roveyayinevi.com.tr\/index.php\/wp-json\/wp\/v2\/product_tag?post=711867"}],"curies":[{"name":"wp","href":"https:\/\/api.w.org\/{rel}","templated":true}]}}