{"id":711866,"date":"2025-08-27T16:50:12","date_gmt":"2025-08-27T13:50:12","guid":{"rendered":"https:\/\/roveyayinevi.com.tr\/index.php\/urun\/cogito-89-hermeneutik\/"},"modified":"2026-04-16T02:20:33","modified_gmt":"2026-04-15T23:20:33","slug":"cogito-89-hermeneutik","status":"publish","type":"product","link":"https:\/\/roveyayinevi.com.tr\/index.php\/urun\/cogito-89-hermeneutik\/","title":{"rendered":"Cogito 89 \/ Hermeneutik"},"content":{"rendered":"<p>Cogito\u2019dan\u2022 Hermeneutik Jean Grondin\u2022 Hermeneutik Hans-GeorgGadamer\u2022 Hermeneutik \u00c7i\u011fdem D\u00fcr\u00fc\u015fken Ey\u00fcp \u00c7orakl\u0131 \u2022 Antik \u00c7a\u011f\u2019da Hermene-ia Y. Gurur Sev \u2022 Da\u011f Fare Do\u011furdu: Aristoteles K\u00fclliyat\u0131nda Herme &#8211; neia Lale LevinBasut\u2022 Aristoteles ve Frege\u2019deUyla\u015f\u0131msal Olan: kata synthekenile dasWillk\u00fcrliche Osman Bilen \u2022 \u0130slam Yorum Gelenekleri ve \u00c7a\u011fda\u015f Hermeneutik \u00c7etin Balanuye\u2022 Spinoza: Eyleme G\u00fcc\u00fcn\u00fcn Hizmetinde Bir Hermeneutik Kurtul G\u00fclen\u00e7\u2022 Wilhelm Dilthey\u2019daHermeneutik Yakla\u015f\u0131m ve A\u00e7mazlar\u0131 Arslan Topakkaya\u2022 Dilthey-Gadamer \u0130li\u015fkisini Hermeneutik \u00dczerinden Okumak Mustafa G\u00fcnay \u2022 Do\u011fan \u00d6zlem ve Hermeneutik Felsefe Selami Varl\u0131k \u2022 Negatif Hermeneutik ve Sonsuz Yorum Sorunu Hakan Y\u00fccefer\u2022 Yorumlamadan Okumak: GillesDeleuze\u2019\u00fcn Anti-Hermeneuti\u011fi Devrim Sezer \u2022 D\u00fcnyaya \u0130htimam G\u00f6stermek: Arendt, Gadamer ve Dayan\u0131\u015fma Meselesi Abdullah Ba\u015faran \u2022 \u0130stifham: Sahici Edebiyat Nedir? Burcu \u015eahin \u2022 T\u00fcrk\u00e7e Edebiyatta Hermeneutik: \u00dc\u00e7\u00fcnc\u00fc Bir Dil Yaratma \u00c7abas\u0131 Saffet Murat Tura \u2022 Biyosferi Anlamak N\u00f6ro-Filozofik Bir Giri\u015f Denemesi ShaunGallagher\u2022 Hermeneutik ve Bili\u015fsel Bilimler <\/p>\n","protected":false},"excerpt":{"rendered":"<p>Cogito\u2019dan\u2022 Hermeneutik Jean Grondin\u2022 Hermeneutik Hans-GeorgGadamer\u2022 Hermeneutik \u00c7i\u011fdem D\u00fcr\u00fc\u015fken Ey\u00fcp \u00c7orakl\u0131 \u2022 Antik \u00c7a\u011f\u2019da Hermene-ia Y. Gurur Sev \u2022 Da\u011f Fare Do\u011furdu: Aristoteles K\u00fclliyat\u0131nda Herme &#8211;<span class=\"excerpt-hellip\"> [\u2026]<\/span><\/p>\n","protected":false},"featured_media":0,"template":"","meta":{"_monsterinsights_skip_tracking":false,"_monsterinsights_sitenote_active":false,"_monsterinsights_sitenote_note":"","_monsterinsights_sitenote_category":0},"product_brand":[],"product_cat":[19460,13527],"product_tag":[],"class_list":{"0":"post-711866","1":"product","2":"type-product","3":"status-publish","5":"product_cat-felsefe-sureli-yayinlar","6":"product_cat-sureli-yayinlar","7":"pa_cilt-ciltsiz","8":"pa_tur-dergi","9":"pa_yayinevi-yapi-kredi-yayinlari-dergi","10":"pa_yazar-kollektif","12":"first","13":"instock","14":"sale","15":"shipping-taxable","16":"purchasable","17":"product-type-simple"},"_links":{"self":[{"href":"https:\/\/roveyayinevi.com.tr\/index.php\/wp-json\/wp\/v2\/product\/711866","targetHints":{"allow":["GET"]}}],"collection":[{"href":"https:\/\/roveyayinevi.com.tr\/index.php\/wp-json\/wp\/v2\/product"}],"about":[{"href":"https:\/\/roveyayinevi.com.tr\/index.php\/wp-json\/wp\/v2\/types\/product"}],"wp:attachment":[{"href":"https:\/\/roveyayinevi.com.tr\/index.php\/wp-json\/wp\/v2\/media?parent=711866"}],"wp:term":[{"taxonomy":"product_brand","embeddable":true,"href":"https:\/\/roveyayinevi.com.tr\/index.php\/wp-json\/wp\/v2\/product_brand?post=711866"},{"taxonomy":"product_cat","embeddable":true,"href":"https:\/\/roveyayinevi.com.tr\/index.php\/wp-json\/wp\/v2\/product_cat?post=711866"},{"taxonomy":"product_tag","embeddable":true,"href":"https:\/\/roveyayinevi.com.tr\/index.php\/wp-json\/wp\/v2\/product_tag?post=711866"}],"curies":[{"name":"wp","href":"https:\/\/api.w.org\/{rel}","templated":true}]}}