{"id":711865,"date":"2025-08-27T16:50:12","date_gmt":"2025-08-27T13:50:12","guid":{"rendered":"https:\/\/roveyayinevi.com.tr\/index.php\/urun\/turkluk-sozlesmesi\/"},"modified":"2026-04-16T02:20:33","modified_gmt":"2026-04-15T23:20:33","slug":"turkluk-sozlesmesi","status":"publish","type":"product","link":"https:\/\/roveyayinevi.com.tr\/index.php\/urun\/turkluk-sozlesmesi\/","title":{"rendered":"T\u00fcrkl\u00fck S\u00f6zle\u015fmesi"},"content":{"rendered":"<p>G\u00fcndelik davran\u0131\u015flar\u0131m\u0131z\u0131, eyleme tarz\u0131m\u0131z\u0131, toplumsalla\u015f\u0131rken sergiledi\u011fimiz performanslar\u0131, konu\u015fma ve hatta susma bi\u00e7imimizi belirleyen etkenlerin \u00e7o\u011fu zaman fark\u0131nda bile de\u011filiz. Ne var ki, bunlar yaln\u0131zca g\u00fcndelik hayat\u0131m\u0131z\u0131 de\u011fil, ayn\u0131 zamanda tarihin uzun haf\u0131zas\u0131ndaki siyasal konumlar\u0131m\u0131z\u0131 ve tercihlerimizi de etkiliyor. \u0130\u015fte, \u00e7o\u011fu zaman bilin\u00e7d\u0131\u015f\u0131 d\u00fczeyde ya\u015fanan bu k\u00f6rl\u00fc\u011f\u00fcn siyasal anlamlar\u0131 \u00fczerine d\u00fc\u015f\u00fcn\u00fcyor T\u00fcrkl\u00fck S\u00f6zle\u015fmesi. Bar\u0131\u015f \u00dcnl\u00fc, T\u00fcrkiye\u2019nin yaz\u0131l\u0131 olmayan esas anayasas\u0131n\u0131, yani T\u00fcrkl\u00fck S\u00f6zle\u015fmesi\u2019ni tarihsel \u00e7er\u00e7evesi, i\u015fleyi\u015f bi\u00e7imleri, yaratt\u0131\u011f\u0131 imtiyazlar, zorunlu k\u0131ld\u0131\u011f\u0131 performanslar, do\u011furdu\u011fu sorunlar ve kar\u015f\u0131 kar\u015f\u0131ya kald\u0131\u011f\u0131 kriz ba\u011flam\u0131nda ortaya koyuyor. Beyazl\u0131k \u00e7al\u0131\u015fmalar\u0131ndan duygular sosyolojisine kadar kapsaml\u0131 bir \u00e7er\u00e7evede, T\u00fcrkiye\u2019nin kanayan yaras\u0131 K\u00fcrt Sorunu ve Ermeni Soyk\u0131r\u0131m\u0131\u2019ndan Bar\u0131\u015f \u0130\u00e7in Akademisyenler\u2019e kadar \u00e7e\u015fitli meseleleri ele alan \u00dcnl\u00fc, siyasal yelpazenin \u00e7ok farkl\u0131 noktalar\u0131nda duran ki\u015filerin bile \u201cyeri gelince\u201d nas\u0131l ayn\u0131 paydada bulu\u015fabildi\u011fini sarih bir \u015fekilde g\u00f6zler \u00f6n\u00fcne seriyor. \u201cT\u00fcrkl\u00fck\u201d ad\u0131 alt\u0131nda topaklanan benlik mitoslar\u0131n\u0131 yerle bir eden bu kitap, okurunu g\u00fcndelik davran\u0131\u015f bi\u00e7imlerini, rit\u00fcellerini, performanslar\u0131n\u0131 sorgulamaya davet eden bir demir leblebi, negatifinden bir T\u00fcrkiye Tarihi. <\/p>\n","protected":false},"excerpt":{"rendered":"<p>G\u00fcndelik davran\u0131\u015flar\u0131m\u0131z\u0131, eyleme tarz\u0131m\u0131z\u0131, toplumsalla\u015f\u0131rken sergiledi\u011fimiz performanslar\u0131, konu\u015fma ve hatta susma bi\u00e7imimizi belirleyen etkenlerin \u00e7o\u011fu zaman fark\u0131nda bile de\u011filiz. Ne var ki, bunlar yaln\u0131zca g\u00fcndelik hayat\u0131m\u0131z\u0131<span class=\"excerpt-hellip\"> [\u2026]<\/span><\/p>\n","protected":false},"featured_media":0,"template":"","meta":{"_monsterinsights_skip_tracking":false,"_monsterinsights_sitenote_active":false,"_monsterinsights_sitenote_note":"","_monsterinsights_sitenote_category":0},"product_brand":[],"product_cat":[12304,13493],"product_tag":[],"class_list":{"0":"post-711865","1":"product","2":"type-product","3":"status-publish","5":"product_cat-tarih","6":"product_cat-turkiye-ve-cumhuriyet-tarihi","7":"pa_cilt-ciltsiz","8":"pa_tur-kitap","9":"pa_yayinevi-dipnot-yayinlari","10":"pa_yazar-baris-unlu","12":"first","13":"instock","14":"sale","15":"shipping-taxable","16":"purchasable","17":"product-type-simple"},"_links":{"self":[{"href":"https:\/\/roveyayinevi.com.tr\/index.php\/wp-json\/wp\/v2\/product\/711865","targetHints":{"allow":["GET"]}}],"collection":[{"href":"https:\/\/roveyayinevi.com.tr\/index.php\/wp-json\/wp\/v2\/product"}],"about":[{"href":"https:\/\/roveyayinevi.com.tr\/index.php\/wp-json\/wp\/v2\/types\/product"}],"wp:attachment":[{"href":"https:\/\/roveyayinevi.com.tr\/index.php\/wp-json\/wp\/v2\/media?parent=711865"}],"wp:term":[{"taxonomy":"product_brand","embeddable":true,"href":"https:\/\/roveyayinevi.com.tr\/index.php\/wp-json\/wp\/v2\/product_brand?post=711865"},{"taxonomy":"product_cat","embeddable":true,"href":"https:\/\/roveyayinevi.com.tr\/index.php\/wp-json\/wp\/v2\/product_cat?post=711865"},{"taxonomy":"product_tag","embeddable":true,"href":"https:\/\/roveyayinevi.com.tr\/index.php\/wp-json\/wp\/v2\/product_tag?post=711865"}],"curies":[{"name":"wp","href":"https:\/\/api.w.org\/{rel}","templated":true}]}}