{"id":711864,"date":"2025-08-27T16:50:11","date_gmt":"2025-08-27T13:50:11","guid":{"rendered":"https:\/\/roveyayinevi.com.tr\/index.php\/urun\/socialist-register-2017-devrimi-yeniden-dusunmek-1917-ekiminin-mirasi-ve-gunumuz\/"},"modified":"2026-04-16T02:20:33","modified_gmt":"2026-04-15T23:20:33","slug":"socialist-register-2017-devrimi-yeniden-dusunmek-1917-ekiminin-mirasi-ve-gunumuz","status":"publish","type":"product","link":"https:\/\/roveyayinevi.com.tr\/index.php\/urun\/socialist-register-2017-devrimi-yeniden-dusunmek-1917-ekiminin-mirasi-ve-gunumuz\/","title":{"rendered":"Socialist Register 2017: Devrimi Yeniden D\u00fc\u015f\u00fcnmek &#8211; 1917 Ekiminin Miras\u0131 ve G\u00fcn\u00fcm\u00fcz"},"content":{"rendered":"<p>\u00c7a\u011fda\u015f Marksizmin en \u00f6nemli ve verimli tart\u0131\u015fma kanallar\u0131ndan biri olan Socialist Register, 1917 Ekim Devrimi\u2019nin y\u00fcz\u00fcnc\u00fc y\u0131l\u0131n\u0131 selamlayan \u00f6zel bir say\u0131 ile okuyucuyla bulu\u015fuyor. Leo Panitch ile Greg Albo\u2019nun edit\u00f6rl\u00fc\u011f\u00fcnde haz\u0131rlanan bu say\u0131,  Birle\u015fik Krall\u0131k\u2019tan \u0130spanya ve Yunanistan\u2019a radikal solun 21. y\u00fczy\u0131ldaki ser\u00fcvenine Ekim Devrimi merce\u011finden bakarken, Latin Amerika sosyalizmini ve \u00c7in Devriminin miras\u0131n\u0131 da es ge\u00e7miyor. G\u00fcncel Marksizmin Slavoj \u017di\u017eek, Leo Panitch, August H. Nimtz, Wang Hui gibi \u00f6nde gelen d\u00fc\u015f\u00fcn\u00fcrleri, Socialist Register 2017\u2019ye, Marx ve Engels\u2019in devrimci partiye bak\u0131\u015flar\u0131, s\u0131n\u0131f ve parti ili\u015fkilerinin alabilece\u011fi bi\u00e7imler, devrimin g\u00fcncelli\u011fi ve devrimci iyimserlik gibi hi\u00e7bir zaman g\u00fcndemden d\u00fc\u015fmeyecek kuramsal tart\u0131\u015fmalarla misafir olurken, bug\u00fcn farkl\u0131 co\u011frafyalarda ya\u015fanan geli\u015fmeleri de de\u011ferlendiriyorlar. Ekim\u2019in miras\u0131n\u0131 hem g\u00fcncel hem de tarihsel boyutlar\u0131yla ele alan, sosyalizmin 21. y\u00fczy\u0131lda kar\u015f\u0131 kar\u015f\u0131ya oldu\u011fu \u00f6nemli sorunlar\u0131n \u00fcstesinden gelmek i\u00e7in bu miras\u0131n ne denli \u00f6nemli oldu\u011funun alt\u0131n\u0131 \u00e7izen, ufuk a\u00e7\u0131c\u0131 bir \u00e7al\u0131\u015fma&#8230; <\/p>\n","protected":false},"excerpt":{"rendered":"<p>\u00c7a\u011fda\u015f Marksizmin en \u00f6nemli ve verimli tart\u0131\u015fma kanallar\u0131ndan biri olan Socialist Register, 1917 Ekim Devrimi\u2019nin y\u00fcz\u00fcnc\u00fc y\u0131l\u0131n\u0131 selamlayan \u00f6zel bir say\u0131 ile okuyucuyla bulu\u015fuyor. Leo Panitch<span class=\"excerpt-hellip\"> [\u2026]<\/span><\/p>\n","protected":false},"featured_media":0,"template":"","meta":{"_monsterinsights_skip_tracking":false,"_monsterinsights_sitenote_active":false,"_monsterinsights_sitenote_note":"","_monsterinsights_sitenote_category":0},"product_brand":[],"product_cat":[13548,12408],"product_tag":[],"class_list":{"0":"post-711864","1":"product","2":"type-product","3":"status-publish","5":"product_cat-kuram","6":"product_cat-sanat","7":"pa_cilt-ciltsiz","8":"pa_tur-kitap","9":"pa_yayinevi-yordam-kitap","10":"pa_yazar-kollektif","12":"first","13":"instock","14":"sale","15":"shipping-taxable","16":"purchasable","17":"product-type-simple"},"_links":{"self":[{"href":"https:\/\/roveyayinevi.com.tr\/index.php\/wp-json\/wp\/v2\/product\/711864","targetHints":{"allow":["GET"]}}],"collection":[{"href":"https:\/\/roveyayinevi.com.tr\/index.php\/wp-json\/wp\/v2\/product"}],"about":[{"href":"https:\/\/roveyayinevi.com.tr\/index.php\/wp-json\/wp\/v2\/types\/product"}],"wp:attachment":[{"href":"https:\/\/roveyayinevi.com.tr\/index.php\/wp-json\/wp\/v2\/media?parent=711864"}],"wp:term":[{"taxonomy":"product_brand","embeddable":true,"href":"https:\/\/roveyayinevi.com.tr\/index.php\/wp-json\/wp\/v2\/product_brand?post=711864"},{"taxonomy":"product_cat","embeddable":true,"href":"https:\/\/roveyayinevi.com.tr\/index.php\/wp-json\/wp\/v2\/product_cat?post=711864"},{"taxonomy":"product_tag","embeddable":true,"href":"https:\/\/roveyayinevi.com.tr\/index.php\/wp-json\/wp\/v2\/product_tag?post=711864"}],"curies":[{"name":"wp","href":"https:\/\/api.w.org\/{rel}","templated":true}]}}