{"id":711863,"date":"2025-08-27T16:50:11","date_gmt":"2025-08-27T13:50:11","guid":{"rendered":"https:\/\/roveyayinevi.com.tr\/index.php\/urun\/marksist-tarih-kurami-uzerine\/"},"modified":"2026-04-16T02:20:33","modified_gmt":"2026-04-15T23:20:33","slug":"marksist-tarih-kurami-uzerine","status":"publish","type":"product","link":"https:\/\/roveyayinevi.com.tr\/index.php\/urun\/marksist-tarih-kurami-uzerine\/","title":{"rendered":"Marksist Tarih Kuram\u0131 \u00dczerine"},"content":{"rendered":"<p>Fukuyama\u2019n\u0131n \u201ctarihin sonu\u201dnu ilan etmesinin \u00fczerinden hen\u00fcz on y\u0131l bile ge\u00e7meden kapitalizm kar\u015f\u0131tlar\u0131, \u201cBa\u015fka bir d\u00fcnya m\u00fcmk\u00fcn\u201d diyerek aya\u011fa kalkt\u0131. \u201c\u0130\u015fgal et\u201d eylemleri, \u201cBiz % 99\u2019uz\u201d diyen kitleler, Tahrir, Gezi ve daha nicesi \u201ctarihin sonu\u201d tart\u0131\u015fmalar\u0131n\u0131 sona erdirirken solu da canland\u0131rd\u0131. Bu t\u00fcrden slogan ve eylemlerin hi\u00e7 de \u00fctopik kuruntular olmad\u0131\u011f\u0131n\u0131; kapitalizmin, t\u0131pk\u0131 kendinden \u00f6nceki k\u00f6leci ve feodal \u00fcretim tarzlar\u0131 gibi tarihsel bir \u00fcretim tarz\u0131 oldu\u011funu ve zamanla tarih sahnesinden \u00e7ekilebilece\u011fini g\u00f6steren isimlerin ba\u015f\u0131nda bizzat Marx gelir. Onun ard\u0131ndan Marksist tarih\u00e7i ve d\u00fc\u015f\u00fcn\u00fcrler, yeni siyasal ve toplumsal geli\u015fmeleri de de\u011ferlendirerek, bu tarihsel bak\u0131\u015f a\u00e7\u0131s\u0131n\u0131 s\u00fcrd\u00fcrd\u00fcler. Marksist tarih kuram\u0131n\u0131n g\u00fc\u00e7l\u00fc, geli\u015fkin ve hayat dolu oldu\u011funu savunan Paul Blackledge de bu isimlerden biri. Kitab\u0131na, geleneksel tarih\u00e7ilerin ampirizmi ve postmodernistlerin r\u00f6lativizmi kar\u015f\u0131\u015f\u0131nda, tarihin incelenmesine y\u00f6nelik Marksist yakla\u015f\u0131m\u0131 savunarak ba\u015fl\u0131yor. Daha sonra, Marx ile Engels\u2019in \u00f6l\u00fcmlerini izleyen yar\u0131m y\u00fczy\u0131l boyunca Lenin, Tro\u00e7ki, Luk\u00e1cs gibi teorisyenlerin \u00fcretti\u011fi \u00e7al\u0131\u015fmalar\u0131 inceleyerek 1950\u2019lerdeki B\u00fcy\u00fck Britanya Kom\u00fcnist Partisi Tarih\u00e7iler Grubuna kadar uzan\u0131yor. K\u00f6leci, feodal ve Asya Tipi \u00dcretim Tarz\u0131 da dahil olmak \u00fczere farkl\u0131 \u00fcretim tarzlar\u0131n\u0131n i\u00e7eri\u011fine ve aralar\u0131ndaki ge\u00e7i\u015flere dair tart\u0131\u015fmalara da giren yazar, tarihin hareketinde yap\u0131 ve \u00f6znenin etkinli\u011fi sorununa dair daha yak\u0131n tarihli (Sartre ile Althusser aras\u0131nda ge\u00e7en) tart\u0131\u015fmalar\u0131 da ele al\u0131yor. Kitab\u0131n son b\u00f6l\u00fcmlerinde, g\u00fcn\u00fcm\u00fczde postmodern konjonkt\u00fcr\u00fcn d\u00f6nemle\u015ftirilmesi konusunda geli\u015ftirilen birbirinden farkl\u0131 Marksist yakla\u015f\u0131mlar\u0131 inceleyen Blackledge, bu \u00f6nemli tart\u0131\u015fmalar\u0131n siyasal uzan\u0131mlar\u0131n\u0131 da ortaya koyuyor. Tarih\u00e7ilerin, k\u00fclt\u00fcr, toplum ve siyaset kuram\u0131 ara\u015ft\u0131rmac\u0131lar\u0131n\u0131n, kapitalizm kar\u015f\u0131tlar\u0131n\u0131n ve tarih merakl\u0131lar\u0131n\u0131n ilgi ve merakla okuyaca\u011f\u0131 bir kitap. <\/p>\n","protected":false},"excerpt":{"rendered":"<p>Fukuyama\u2019n\u0131n \u201ctarihin sonu\u201dnu ilan etmesinin \u00fczerinden hen\u00fcz on y\u0131l bile ge\u00e7meden kapitalizm kar\u015f\u0131tlar\u0131, \u201cBa\u015fka bir d\u00fcnya m\u00fcmk\u00fcn\u201d diyerek aya\u011fa kalkt\u0131. \u201c\u0130\u015fgal et\u201d eylemleri, \u201cBiz % 99\u2019uz\u201d<span class=\"excerpt-hellip\"> [\u2026]<\/span><\/p>\n","protected":false},"featured_media":0,"template":"","meta":{"_monsterinsights_skip_tracking":false,"_monsterinsights_sitenote_active":false,"_monsterinsights_sitenote_note":"","_monsterinsights_sitenote_category":0},"product_brand":[],"product_cat":[12370,12304],"product_tag":[],"class_list":{"0":"post-711863","1":"product","2":"type-product","3":"status-publish","5":"product_cat-arastirma-inceleme","6":"product_cat-tarih","7":"pa_cilt-ciltsiz","8":"pa_tur-kitap","9":"pa_yayinevi-yordam-kitap","10":"pa_yazar-paul-blackledge","12":"first","13":"instock","14":"sale","15":"shipping-taxable","16":"purchasable","17":"product-type-simple"},"_links":{"self":[{"href":"https:\/\/roveyayinevi.com.tr\/index.php\/wp-json\/wp\/v2\/product\/711863","targetHints":{"allow":["GET"]}}],"collection":[{"href":"https:\/\/roveyayinevi.com.tr\/index.php\/wp-json\/wp\/v2\/product"}],"about":[{"href":"https:\/\/roveyayinevi.com.tr\/index.php\/wp-json\/wp\/v2\/types\/product"}],"wp:attachment":[{"href":"https:\/\/roveyayinevi.com.tr\/index.php\/wp-json\/wp\/v2\/media?parent=711863"}],"wp:term":[{"taxonomy":"product_brand","embeddable":true,"href":"https:\/\/roveyayinevi.com.tr\/index.php\/wp-json\/wp\/v2\/product_brand?post=711863"},{"taxonomy":"product_cat","embeddable":true,"href":"https:\/\/roveyayinevi.com.tr\/index.php\/wp-json\/wp\/v2\/product_cat?post=711863"},{"taxonomy":"product_tag","embeddable":true,"href":"https:\/\/roveyayinevi.com.tr\/index.php\/wp-json\/wp\/v2\/product_tag?post=711863"}],"curies":[{"name":"wp","href":"https:\/\/api.w.org\/{rel}","templated":true}]}}