{"id":711862,"date":"2025-08-27T16:50:10","date_gmt":"2025-08-27T13:50:10","guid":{"rendered":"https:\/\/roveyayinevi.com.tr\/index.php\/urun\/gotha-ve-erfurt-programlari-uzerine\/"},"modified":"2026-04-16T02:20:33","modified_gmt":"2026-04-15T23:20:33","slug":"gotha-ve-erfurt-programlari-uzerine","status":"publish","type":"product","link":"https:\/\/roveyayinevi.com.tr\/index.php\/urun\/gotha-ve-erfurt-programlari-uzerine\/","title":{"rendered":"Gotha ve Erfurt Programlar\u0131 \u00dczerine"},"content":{"rendered":"<p>\u201cKapitalist toplum ile kom\u00fcnist toplum aras\u0131nda, birinin di\u011ferine devrimci d\u00f6n\u00fc\u015f\u00fcm d\u00f6nemi yer al\u0131r. Buna siyasal bir ge\u00e7i\u015f d\u00f6nemi de kar\u015f\u0131l\u0131k gelir ve s\u00f6z konusu ge\u00e7i\u015f d\u00f6neminin devleti, proletaryan\u0131n devrimci diktat\u00f6rl\u00fc\u011f\u00fcnden ba\u015fka bir \u015fey olamaz.\u201d Marx ile Engels\u2019in Alman i\u015f\u00e7i s\u0131n\u0131f\u0131 partisinin farkl\u0131 program taslaklar\u0131 ve programlar\u0131 hakk\u0131ndaki ele\u015ftirel de\u011ferlendirmelerinin yer ald\u0131\u011f\u0131 yaz\u0131 ve mektuplar\u0131, program sorununa nas\u0131l bakt\u0131klar\u0131n\u0131 g\u00f6stermenin yan\u0131 s\u0131ra, i\u015f\u00e7i s\u0131n\u0131f\u0131n\u0131n iktisadi kurtulu\u015f m\u00fccadelesi ve bunun siyasal m\u00fccadeleyle ili\u015fkisi, proletarya diktat\u00f6rl\u00fc\u011f\u00fc, kapitalist toplumdan kom\u00fcnist topluma ge\u00e7i\u015f s\u00fcreci, i\u015f\u00e7i s\u0131n\u0131f\u0131 enternasyonalizmi gibi pek \u00e7ok ba\u015fl\u0131ktaki yakla\u015f\u0131mlar\u0131na da a\u00e7\u0131kl\u0131k kazand\u0131r\u0131yor. Gotha ve Erfurt Programlar\u0131 \u00dczerine, Marksizmin Almanya\u2019daki geli\u015fim tarihine de \u0131\u015f\u0131k tutan bir derleme. Alman i\u015f\u00e7i s\u0131n\u0131f\u0131 partisinin y\u00f6neticileri, Marx ile Engels\u2019in pek \u00e7ok konudaki g\u00f6r\u00fc\u015flerini ancak uzun s\u00fcren tart\u0131\u015fmalar ve i\u00e7 m\u00fccadeleler sonras\u0131nda benimsemi\u015fti. Derlemede ayr\u0131ca, Marksizmin kurucular\u0131n\u0131n ele\u015ftirilerine konu olan program taslaklar\u0131na, bu metinlerin son h\u00e2llerine ve tart\u0131\u015fmalar s\u0131ras\u0131nda an\u0131lan baz\u0131 \u00f6nemli belgelere yer veriliyor. <\/p>\n","protected":false},"excerpt":{"rendered":"<p>\u201cKapitalist toplum ile kom\u00fcnist toplum aras\u0131nda, birinin di\u011ferine devrimci d\u00f6n\u00fc\u015f\u00fcm d\u00f6nemi yer al\u0131r. Buna siyasal bir ge\u00e7i\u015f d\u00f6nemi de kar\u015f\u0131l\u0131k gelir ve s\u00f6z konusu ge\u00e7i\u015f d\u00f6neminin<span class=\"excerpt-hellip\"> [\u2026]<\/span><\/p>\n","protected":false},"featured_media":0,"template":"","meta":{"_monsterinsights_skip_tracking":false,"_monsterinsights_sitenote_active":false,"_monsterinsights_sitenote_note":"","_monsterinsights_sitenote_category":0},"product_brand":[],"product_cat":[13590,12337],"product_tag":[],"class_list":{"0":"post-711862","1":"product","2":"type-product","3":"status-publish","5":"product_cat-arastirma-inceleme-politika-siyaset","6":"product_cat-politika-siyaset","7":"pa_cilt-ciltsiz","8":"pa_tur-kitap","9":"pa_yayinevi-yordam-kitap","10":"pa_yazar-karl-marx-friedrich-engels","12":"first","13":"instock","14":"sale","15":"shipping-taxable","16":"purchasable","17":"product-type-simple"},"_links":{"self":[{"href":"https:\/\/roveyayinevi.com.tr\/index.php\/wp-json\/wp\/v2\/product\/711862","targetHints":{"allow":["GET"]}}],"collection":[{"href":"https:\/\/roveyayinevi.com.tr\/index.php\/wp-json\/wp\/v2\/product"}],"about":[{"href":"https:\/\/roveyayinevi.com.tr\/index.php\/wp-json\/wp\/v2\/types\/product"}],"wp:attachment":[{"href":"https:\/\/roveyayinevi.com.tr\/index.php\/wp-json\/wp\/v2\/media?parent=711862"}],"wp:term":[{"taxonomy":"product_brand","embeddable":true,"href":"https:\/\/roveyayinevi.com.tr\/index.php\/wp-json\/wp\/v2\/product_brand?post=711862"},{"taxonomy":"product_cat","embeddable":true,"href":"https:\/\/roveyayinevi.com.tr\/index.php\/wp-json\/wp\/v2\/product_cat?post=711862"},{"taxonomy":"product_tag","embeddable":true,"href":"https:\/\/roveyayinevi.com.tr\/index.php\/wp-json\/wp\/v2\/product_tag?post=711862"}],"curies":[{"name":"wp","href":"https:\/\/api.w.org\/{rel}","templated":true}]}}