{"id":711860,"date":"2025-08-27T16:50:09","date_gmt":"2025-08-27T13:50:09","guid":{"rendered":"https:\/\/roveyayinevi.com.tr\/index.php\/urun\/kalbimin-kaniyla-yazdim-kisim-ii\/"},"modified":"2026-04-16T02:20:33","modified_gmt":"2026-04-15T23:20:33","slug":"kalbimin-kaniyla-yazdim-kisim-ii","status":"publish","type":"product","link":"https:\/\/roveyayinevi.com.tr\/index.php\/urun\/kalbimin-kaniyla-yazdim-kisim-ii\/","title":{"rendered":"Kalbimin Kan\u0131yla Yazd\u0131m K\u0131s\u0131m II"},"content":{"rendered":"<p>Haziran, 1778.  D\u00fcnya alt\u00fcst olmu\u015f halde. Y\u00fckselen ba\u011f\u0131ms\u0131zl\u0131k seslerinin aras\u0131nda hayatta kalmaya \u00e7al\u0131\u015fan Claire ve Jamie i\u00e7in hayat daha da zor. Kaybettikleri i\u00e7in yas tutsalar da birbirlerine tutunup ya\u015famaya devam etmeliler. Art\u0131k tek istedikleri eve, Tepe\u2019nin huzurlu sessizli\u011fine geri d\u00f6nmek. Ancak evleriyle aralar\u0131nda binlerce insan\u0131n hayat\u0131n\u0131n de\u011fi\u015ftirecek kanl\u0131 bir i\u00e7 sava\u015f var. \u201cTarihi fantezi t\u00fcr\u00fc hayranlar\u0131n\u0131n merakla bekledi\u011fi tutku ve macera!\u201dPeople\u201cGabaldon\u2019dan s\u00fcr\u00fckleyici, heyecanl\u0131 ve ba\u011f\u0131ml\u0131l\u0131k yapan bir kitap daha\u2026 Derin bir nefes al\u0131n ve yolculu\u011fun tad\u0131n\u0131 \u00e7\u0131kar\u0131n.\u201dLibrary Journal \u201c\u0130nsan\u0131n cesaretinin boyutlar\u0131n\u0131, ruhunun a\u011f\u0131rl\u0131\u011f\u0131n\u0131 ve kalbinin derinli\u011fini bir tuvale \u00e7izen, b\u00fcy\u00fck bir macera.\u201dCNN <\/p>\n","protected":false},"excerpt":{"rendered":"<p>Haziran, 1778. D\u00fcnya alt\u00fcst olmu\u015f halde. Y\u00fckselen ba\u011f\u0131ms\u0131zl\u0131k seslerinin aras\u0131nda hayatta kalmaya \u00e7al\u0131\u015fan Claire ve Jamie i\u00e7in hayat daha da zor. Kaybettikleri i\u00e7in yas tutsalar da<span class=\"excerpt-hellip\"> [\u2026]<\/span><\/p>\n","protected":false},"featured_media":0,"template":"","meta":{"_monsterinsights_skip_tracking":false,"_monsterinsights_sitenote_active":false,"_monsterinsights_sitenote_note":"","_monsterinsights_sitenote_category":0},"product_brand":[],"product_cat":[12291,12711],"product_tag":[],"class_list":{"0":"post-711860","1":"product","2":"type-product","3":"status-publish","5":"product_cat-edebiyat","6":"product_cat-roman-oyku","7":"pa_cilt-ciltsiz","8":"pa_tur-kitap","9":"pa_yayinevi-epsilon-yayinlari","10":"pa_yazar-diana-gabaldon","12":"first","13":"instock","14":"sale","15":"shipping-taxable","16":"purchasable","17":"product-type-simple"},"_links":{"self":[{"href":"https:\/\/roveyayinevi.com.tr\/index.php\/wp-json\/wp\/v2\/product\/711860","targetHints":{"allow":["GET"]}}],"collection":[{"href":"https:\/\/roveyayinevi.com.tr\/index.php\/wp-json\/wp\/v2\/product"}],"about":[{"href":"https:\/\/roveyayinevi.com.tr\/index.php\/wp-json\/wp\/v2\/types\/product"}],"wp:attachment":[{"href":"https:\/\/roveyayinevi.com.tr\/index.php\/wp-json\/wp\/v2\/media?parent=711860"}],"wp:term":[{"taxonomy":"product_brand","embeddable":true,"href":"https:\/\/roveyayinevi.com.tr\/index.php\/wp-json\/wp\/v2\/product_brand?post=711860"},{"taxonomy":"product_cat","embeddable":true,"href":"https:\/\/roveyayinevi.com.tr\/index.php\/wp-json\/wp\/v2\/product_cat?post=711860"},{"taxonomy":"product_tag","embeddable":true,"href":"https:\/\/roveyayinevi.com.tr\/index.php\/wp-json\/wp\/v2\/product_tag?post=711860"}],"curies":[{"name":"wp","href":"https:\/\/api.w.org\/{rel}","templated":true}]}}