{"id":711857,"date":"2025-08-27T16:50:07","date_gmt":"2025-08-27T13:50:07","guid":{"rendered":"https:\/\/roveyayinevi.com.tr\/index.php\/urun\/zaman-uzerine-2\/"},"modified":"2026-04-16T02:20:33","modified_gmt":"2026-04-15T23:20:33","slug":"zaman-uzerine-2","status":"publish","type":"product","link":"https:\/\/roveyayinevi.com.tr\/index.php\/urun\/zaman-uzerine-2\/","title":{"rendered":"Zaman \u00dczerine"},"content":{"rendered":"<p>Zaman denince evrenin tamam\u0131n\u0131 ku\u015fatan bir g\u00fc\u00e7, sonra insan ya\u015fam\u0131, ard\u0131ndan ge\u00e7mi\u015f, \u015fimdi ve gelecek kavramlar\u0131, g\u00fcnler, aylar ve y\u0131llar akla gelir. Zaman\u0131n ger\u00e7ekten mevcut bir \u015fey oldu\u011fu var say\u0131l\u0131r ama ne oldu\u011fu a\u00e7\u0131k\u00e7a s\u00f6ylenemez. Burada hep bir bilinmezlik hali h\u00fck\u00fcm s\u00fcrer. Di\u011fer yandan, hakikat her ne ise, h\u00fckm\u00fcn\u00fc icra etmektedir. Bu muazzam g\u00fc\u00e7 varl\u0131\u011f\u0131n tamam\u0131n\u0131 ve insan\u0131n t\u00fcm h\u00fccrelerini kontrol etmekte, adeta her \u015feyi beraberinde s\u00fcr\u00fcklemektedir. \u0130nsan, g\u00fcn\u00fcn birinde \u015fimdi oldu\u011fu gibi olamayaca\u011f\u0131n\u0131, belki ba\u015fka bir duruma do\u011fru ilerledi\u011fini bilmekte, fakat bu s\u00fcrece kar\u015f\u0131 koyamamakta; b\u00fcy\u00fcmekte, ge\u00e7mi\u015fini an\u0131msamakta, gelece\u011fe dair planlar yapabilmektedir. Ama ne ya\u015fad\u0131klar\u0131n\u0131 geri getirip o ana d\u00f6nebilmekte, ne de gelecekte ya\u015fayacaklar\u0131n\u0131 vakti gelmeden ya\u015fayabilmektedir. Sonu\u00e7ta zaman diye bir ger\u00e7ekli\u011fin mevcut oldu\u011funa inanmakta, ama onu tan\u0131yamamakta ve tan\u0131mlayamamaktad\u0131r. Zaman hep bir \u201cme\u00e7hul\u201d olarak varl\u0131\u011f\u0131n\u0131 s\u00fcrd\u00fcrmektedir. Bundan dolay\u0131 zaman b\u00fcy\u00fck ku\u015fkunun konusu olmakta, hatta ku\u015fku gittik\u00e7e daha da b\u00fcy\u00fcmektedir. \u0130\u015fte bu eser zamana ili\u015fkin ku\u015fkuyu giderme amac\u0131 ta\u015f\u0131maktad\u0131r. Zaman\u0131 merak edenler zamana zaman ay\u0131rmal\u0131d\u0131r; tabii \u015fayet varsa! <\/p>\n","protected":false},"excerpt":{"rendered":"<p>Zaman denince evrenin tamam\u0131n\u0131 ku\u015fatan bir g\u00fc\u00e7, sonra insan ya\u015fam\u0131, ard\u0131ndan ge\u00e7mi\u015f, \u015fimdi ve gelecek kavramlar\u0131, g\u00fcnler, aylar ve y\u0131llar akla gelir. Zaman\u0131n ger\u00e7ekten mevcut bir<span class=\"excerpt-hellip\"> [\u2026]<\/span><\/p>\n","protected":false},"featured_media":0,"template":"","meta":{"_monsterinsights_skip_tracking":false,"_monsterinsights_sitenote_active":false,"_monsterinsights_sitenote_note":"","_monsterinsights_sitenote_category":0},"product_brand":[],"product_cat":[12312,12304],"product_tag":[],"class_list":{"0":"post-711857","1":"product","2":"type-product","3":"status-publish","5":"product_cat-diger","6":"product_cat-tarih","7":"pa_cilt-ciltsiz","8":"pa_tur-kitap","9":"pa_yayinevi-otuken-nesriyat","10":"pa_yazar-milay-kokturk","12":"first","13":"instock","14":"sale","15":"shipping-taxable","16":"purchasable","17":"product-type-simple"},"_links":{"self":[{"href":"https:\/\/roveyayinevi.com.tr\/index.php\/wp-json\/wp\/v2\/product\/711857","targetHints":{"allow":["GET"]}}],"collection":[{"href":"https:\/\/roveyayinevi.com.tr\/index.php\/wp-json\/wp\/v2\/product"}],"about":[{"href":"https:\/\/roveyayinevi.com.tr\/index.php\/wp-json\/wp\/v2\/types\/product"}],"wp:attachment":[{"href":"https:\/\/roveyayinevi.com.tr\/index.php\/wp-json\/wp\/v2\/media?parent=711857"}],"wp:term":[{"taxonomy":"product_brand","embeddable":true,"href":"https:\/\/roveyayinevi.com.tr\/index.php\/wp-json\/wp\/v2\/product_brand?post=711857"},{"taxonomy":"product_cat","embeddable":true,"href":"https:\/\/roveyayinevi.com.tr\/index.php\/wp-json\/wp\/v2\/product_cat?post=711857"},{"taxonomy":"product_tag","embeddable":true,"href":"https:\/\/roveyayinevi.com.tr\/index.php\/wp-json\/wp\/v2\/product_tag?post=711857"}],"curies":[{"name":"wp","href":"https:\/\/api.w.org\/{rel}","templated":true}]}}