{"id":711854,"date":"2025-08-27T16:50:06","date_gmt":"2025-08-27T13:50:06","guid":{"rendered":"https:\/\/roveyayinevi.com.tr\/index.php\/urun\/kucuk-kahraman-2\/"},"modified":"2026-04-16T02:20:33","modified_gmt":"2026-04-15T23:20:33","slug":"kucuk-kahraman-2","status":"publish","type":"product","link":"https:\/\/roveyayinevi.com.tr\/index.php\/urun\/kucuk-kahraman-2\/","title":{"rendered":"K\u00fc\u00e7\u00fck Kahraman"},"content":{"rendered":"<p>Bir an i\u00e7in \u00e7ok k\u00fc\u00e7\u00fck oldu\u011funuzu hayal edin. Ger\u00e7ekten mini minnac\u0131ks\u0131n\u0131z. Alt\u0131 baca\u011f\u0131n\u0131z, elli \u00fc\u00e7 tane karde\u015finiz var ve bir okulun d\u00f6rd\u00fcnc\u00fc s\u0131n\u0131f\u0131nda ya\u015f\u0131yorsunuz.Bir de kitaplar\u0131 \u00e7ok ama \u00e7ok sevdi\u011finizi hayal edin. \u2013San\u0131r\u0131m bunu hayal etmenize gerek yok!\u2013 D\u00fc\u015f\u00fcn\u00fcn ki size okumay\u0131 \u00f6\u011freten ve kitaplar\u0131n b\u00fcy\u00fcl\u00fc d\u00fcnyas\u0131yla tan\u0131\u015ft\u0131ran en sevdi\u011finiz halan\u0131z karanl\u0131k bir k\u00fct\u00fcphanede kaybolmu\u015f!Onu kurtarmak i\u00e7in zorluklarla dolu bir m\u00fccadeleye at\u0131l\u0131r m\u0131yd\u0131n\u0131z? Uzun ve tehlikeli koridorlar, Ezicilerin dev ayaklar\u0131n\u0131n alt\u0131nda s\u0131k\u0131\u015fma tehlikesi ve kim bilir ba\u015fka ne t\u00fcr engeller\u2026 Bir \u00f6r\u00fcmcek belki, dev gibi bir \u00f6r\u00fcmcek! B\u00f6yle bir maceraya girecek cesaretiniz var m\u0131?Eddie ile tan\u0131\u015f\u0131n! Eddie parlak ye\u015fil bir b\u00f6cek, bu kitab\u0131n k\u00fc\u00e7\u00fck kahraman\u0131. Minnac\u0131k ama cesur biri, halas\u0131n\u0131 bulup onu kurtarmaya kararl\u0131. Ferny Creek K\u00fct\u00fcphanesi art\u0131k asla eskisi gibi olmayacak! <\/p>\n","protected":false},"excerpt":{"rendered":"<p>Bir an i\u00e7in \u00e7ok k\u00fc\u00e7\u00fck oldu\u011funuzu hayal edin. Ger\u00e7ekten mini minnac\u0131ks\u0131n\u0131z. Alt\u0131 baca\u011f\u0131n\u0131z, elli \u00fc\u00e7 tane karde\u015finiz var ve bir okulun d\u00f6rd\u00fcnc\u00fc s\u0131n\u0131f\u0131nda ya\u015f\u0131yorsunuz.Bir de kitaplar\u0131<span class=\"excerpt-hellip\"> [\u2026]<\/span><\/p>\n","protected":false},"featured_media":0,"template":"","meta":{"_monsterinsights_skip_tracking":false,"_monsterinsights_sitenote_active":false,"_monsterinsights_sitenote_note":"","_monsterinsights_sitenote_category":0},"product_brand":[],"product_cat":[12275,12274],"product_tag":[],"class_list":{"0":"post-711854","1":"product","2":"type-product","3":"status-publish","5":"product_cat-6-12-yas-kitaplari","6":"product_cat-cocuk-ve-genclik-kitaplari","7":"pa_cilt-ciltsiz","8":"pa_tur-kitap","9":"pa_yayinevi-buyulu-fener-yayinlari","10":"pa_yazar-linda-bailey","12":"first","13":"instock","14":"sale","15":"shipping-taxable","16":"purchasable","17":"product-type-simple"},"_links":{"self":[{"href":"https:\/\/roveyayinevi.com.tr\/index.php\/wp-json\/wp\/v2\/product\/711854","targetHints":{"allow":["GET"]}}],"collection":[{"href":"https:\/\/roveyayinevi.com.tr\/index.php\/wp-json\/wp\/v2\/product"}],"about":[{"href":"https:\/\/roveyayinevi.com.tr\/index.php\/wp-json\/wp\/v2\/types\/product"}],"wp:attachment":[{"href":"https:\/\/roveyayinevi.com.tr\/index.php\/wp-json\/wp\/v2\/media?parent=711854"}],"wp:term":[{"taxonomy":"product_brand","embeddable":true,"href":"https:\/\/roveyayinevi.com.tr\/index.php\/wp-json\/wp\/v2\/product_brand?post=711854"},{"taxonomy":"product_cat","embeddable":true,"href":"https:\/\/roveyayinevi.com.tr\/index.php\/wp-json\/wp\/v2\/product_cat?post=711854"},{"taxonomy":"product_tag","embeddable":true,"href":"https:\/\/roveyayinevi.com.tr\/index.php\/wp-json\/wp\/v2\/product_tag?post=711854"}],"curies":[{"name":"wp","href":"https:\/\/api.w.org\/{rel}","templated":true}]}}