{"id":711853,"date":"2025-08-27T16:50:05","date_gmt":"2025-08-27T13:50:05","guid":{"rendered":"https:\/\/roveyayinevi.com.tr\/index.php\/urun\/roma-sanat-macerasi-cocuklar-icin-sanat-ve-gezi-rehberi\/"},"modified":"2026-04-16T02:20:33","modified_gmt":"2026-04-15T23:20:33","slug":"roma-sanat-macerasi-cocuklar-icin-sanat-ve-gezi-rehberi","status":"publish","type":"product","link":"https:\/\/roveyayinevi.com.tr\/index.php\/urun\/roma-sanat-macerasi-cocuklar-icin-sanat-ve-gezi-rehberi\/","title":{"rendered":"Roma Sanat Maceras\u0131 \u00c7ocuklar \u0130\u00e7in Sanat Ve Gezi Rehberi"},"content":{"rendered":"<p>Kitab\u0131n rehberli\u011finde, sanat ve k\u00fclt\u00fcr\u00fcyle Roma\u2019y\u0131 tan\u0131maya \u00e7al\u0131\u015fan bir grup \u00e7ocu\u011fun maceras\u0131na, bu b\u00fcy\u00fcl\u00fc \u015fehri ziyaret eden di\u011fer \u00e7ocuklar ve aileleri de kat\u0131ls\u0131nlar istiyoruz. Sizleri bu \u015fehri fikirleriyle, eserleriyle in\u015fa eden sanat\u00e7\u0131larla tan\u0131\u015fmaya,onlar\u0131n sevdi\u011fi yemeklere, gittikleri mekanlara k\u0131saca rengarenk bir d\u00fcnyaya davet ediyoruz.   Bizler gibi sizler de Roma sokaklar\u0131nda ge\u00e7mi\u015fin izleri pe\u015finde ke\u015fiflerde bulunun, Michelangelo ve Roma Okulu sanat\u00e7\u0131lar\u0131n\u0131n izlerini takip edin, lezzetli Roma dondurmalar\u0131n\u0131 da tatmay\u0131 unutmay\u0131n! <\/p>\n","protected":false},"excerpt":{"rendered":"<p>Kitab\u0131n rehberli\u011finde, sanat ve k\u00fclt\u00fcr\u00fcyle Roma\u2019y\u0131 tan\u0131maya \u00e7al\u0131\u015fan bir grup \u00e7ocu\u011fun maceras\u0131na, bu b\u00fcy\u00fcl\u00fc \u015fehri ziyaret eden di\u011fer \u00e7ocuklar ve aileleri de kat\u0131ls\u0131nlar istiyoruz. Sizleri bu<span class=\"excerpt-hellip\"> [\u2026]<\/span><\/p>\n","protected":false},"featured_media":0,"template":"","meta":{"_monsterinsights_skip_tracking":false,"_monsterinsights_sitenote_active":false,"_monsterinsights_sitenote_note":"","_monsterinsights_sitenote_category":0},"product_brand":[],"product_cat":[13055,13054],"product_tag":[],"class_list":{"0":"post-711853","1":"product","2":"type-product","3":"status-publish","5":"product_cat-gezi-rehberi","6":"product_cat-gezi-ve-rehber-kitaplari","7":"pa_cilt-ciltli","8":"pa_tur-kitap","9":"pa_yayinevi-potikare-yayincilik","10":"pa_yazar-melek-oral-koray-alp-gani-oral","12":"first","13":"instock","14":"sale","15":"shipping-taxable","16":"purchasable","17":"product-type-simple"},"_links":{"self":[{"href":"https:\/\/roveyayinevi.com.tr\/index.php\/wp-json\/wp\/v2\/product\/711853","targetHints":{"allow":["GET"]}}],"collection":[{"href":"https:\/\/roveyayinevi.com.tr\/index.php\/wp-json\/wp\/v2\/product"}],"about":[{"href":"https:\/\/roveyayinevi.com.tr\/index.php\/wp-json\/wp\/v2\/types\/product"}],"wp:attachment":[{"href":"https:\/\/roveyayinevi.com.tr\/index.php\/wp-json\/wp\/v2\/media?parent=711853"}],"wp:term":[{"taxonomy":"product_brand","embeddable":true,"href":"https:\/\/roveyayinevi.com.tr\/index.php\/wp-json\/wp\/v2\/product_brand?post=711853"},{"taxonomy":"product_cat","embeddable":true,"href":"https:\/\/roveyayinevi.com.tr\/index.php\/wp-json\/wp\/v2\/product_cat?post=711853"},{"taxonomy":"product_tag","embeddable":true,"href":"https:\/\/roveyayinevi.com.tr\/index.php\/wp-json\/wp\/v2\/product_tag?post=711853"}],"curies":[{"name":"wp","href":"https:\/\/api.w.org\/{rel}","templated":true}]}}