{"id":711848,"date":"2025-08-27T16:50:02","date_gmt":"2025-08-27T13:50:02","guid":{"rendered":"https:\/\/roveyayinevi.com.tr\/index.php\/urun\/guzel-sanatlarin-bir-dali-olarak-cinayet\/"},"modified":"2026-02-03T02:32:38","modified_gmt":"2026-02-02T23:32:38","slug":"guzel-sanatlarin-bir-dali-olarak-cinayet","status":"publish","type":"product","link":"https:\/\/roveyayinevi.com.tr\/index.php\/urun\/guzel-sanatlarin-bir-dali-olarak-cinayet\/","title":{"rendered":"G\u00fczel Sanatlar\u0131n Bir Dal\u0131 Olarak Cinayet"},"content":{"rendered":"<p>\u0130smet Birkan \u00e7evirisi,Robert Morrison\u2019\u0131n \u00f6ns\u00f6z\u00fc,Yazar ve d\u00f6nem kronolojisi,Kitaba dair g\u00f6rsellerle.Karanl\u0131k bir mizah duygusuyla donatt\u0131\u011f\u0131 deh\u015fet dolu yaz\u0131lar\u0131ndaThomas de Quincey cinayeti estetik bir mercekten ele al\u0131yor.\u0130ngiliz ya\u015fam\u0131na damgas\u0131n\u0131 vurmu\u015f su\u00e7 olaylar\u0131 19. y\u00fczy\u0131lda korku vedeh\u015fet ile kar\u015f\u0131lansa da, bu olaylar\u0131 resmeden hik\u00e2yeler ve anlat\u0131lar\u00e7o\u011funlukla ayn\u0131 ki\u015filerin olu\u015fturdu\u011fu bir okur kitlesince i\u015ftahlat\u00fcketiliyordu. Toplumdaki ikiy\u00fczl\u00fcl\u00fc\u011f\u00fc fark etmekle beraber, DeQuincey bu olaylar\u0131n cazibesine kar\u015f\u0131 koyamayanlar aras\u0131ndayd\u0131.Sanatk\u00e2rane bir ifade olarak kabul etti\u011fi cinayeti adeta bir ele\u015ftirmengibi inceleyerek egemen ahl\u00e2k de\u011ferlerini tersy\u00fcz etmekten\u00e7ekinmiyordu. John Williams\u2019\u0131n 1811\u2019deki bir dizi cinayeti gibi sars\u0131c\u0131olaylar\u0131 t\u00fcm deh\u015fetiyle k\u00e2\u011f\u0131da d\u00f6kt\u00fc\u011f\u00fc, 19. y\u00fczy\u0131l toplumununa\u015f\u0131r\u0131l\u0131klar\u0131na ayna tuttu\u011fu yaz\u0131lar\u0131, kendisinden sonra gelen edebiyat\u0131,\u00f6zellikle de dedektif \u00f6yk\u00fcs\u00fc t\u00fcr\u00fcn\u00fc b\u00fcy\u00fck \u00f6l\u00e7\u00fcde etkiledi.\u201cT\u00fcm kusurlar\u0131na ra\u011fmen, geriye kendine \u00f6zg\u00fc bir m\u00fckemmeliyetesahip, modern \u0130ngilizcede emsali olmayan pek \u00e7ok eser b\u0131rakm\u0131\u015ft\u0131r.\u201dLESLIE STEPHEN <\/p>\n","protected":false},"excerpt":{"rendered":"<p>\u0130smet Birkan \u00e7evirisi,Robert Morrison\u2019\u0131n \u00f6ns\u00f6z\u00fc,Yazar ve d\u00f6nem kronolojisi,Kitaba dair g\u00f6rsellerle.Karanl\u0131k bir mizah duygusuyla donatt\u0131\u011f\u0131 deh\u015fet dolu yaz\u0131lar\u0131ndaThomas de Quincey cinayeti estetik bir mercekten ele al\u0131yor.\u0130ngiliz ya\u015fam\u0131na<span class=\"excerpt-hellip\"> [\u2026]<\/span><\/p>\n","protected":false},"featured_media":0,"template":"","meta":{"_monsterinsights_skip_tracking":false,"_monsterinsights_sitenote_active":false,"_monsterinsights_sitenote_note":"","_monsterinsights_sitenote_category":0},"product_brand":[],"product_cat":[12291,12711],"product_tag":[],"class_list":{"0":"post-711848","1":"product","2":"type-product","3":"status-publish","5":"product_cat-edebiyat","6":"product_cat-roman-oyku","7":"pa_cilt-ciltsiz","8":"pa_tur-kitap","9":"pa_yayinevi-iletisim-yayinlari","10":"pa_yazar-thomas-de-quincey","12":"first","13":"instock","14":"sale","15":"shipping-taxable","16":"purchasable","17":"product-type-simple"},"_links":{"self":[{"href":"https:\/\/roveyayinevi.com.tr\/index.php\/wp-json\/wp\/v2\/product\/711848","targetHints":{"allow":["GET"]}}],"collection":[{"href":"https:\/\/roveyayinevi.com.tr\/index.php\/wp-json\/wp\/v2\/product"}],"about":[{"href":"https:\/\/roveyayinevi.com.tr\/index.php\/wp-json\/wp\/v2\/types\/product"}],"wp:attachment":[{"href":"https:\/\/roveyayinevi.com.tr\/index.php\/wp-json\/wp\/v2\/media?parent=711848"}],"wp:term":[{"taxonomy":"product_brand","embeddable":true,"href":"https:\/\/roveyayinevi.com.tr\/index.php\/wp-json\/wp\/v2\/product_brand?post=711848"},{"taxonomy":"product_cat","embeddable":true,"href":"https:\/\/roveyayinevi.com.tr\/index.php\/wp-json\/wp\/v2\/product_cat?post=711848"},{"taxonomy":"product_tag","embeddable":true,"href":"https:\/\/roveyayinevi.com.tr\/index.php\/wp-json\/wp\/v2\/product_tag?post=711848"}],"curies":[{"name":"wp","href":"https:\/\/api.w.org\/{rel}","templated":true}]}}