{"id":711845,"date":"2025-08-27T16:50:00","date_gmt":"2025-08-27T13:50:00","guid":{"rendered":"https:\/\/roveyayinevi.com.tr\/index.php\/urun\/biri-annemi-durdursun-ciltli\/"},"modified":"2026-04-03T02:26:10","modified_gmt":"2026-04-02T23:26:10","slug":"biri-annemi-durdursun-ciltli","status":"publish","type":"product","link":"https:\/\/roveyayinevi.com.tr\/index.php\/urun\/biri-annemi-durdursun-ciltli\/","title":{"rendered":"Biri Annemi  Durdursun! (Ciltli)"},"content":{"rendered":"<p>Annem d\u00fcnyam\u0131z\u0131 renklendirmeye \u00e7al\u0131\u015f\u0131yor ama biraz abartt\u0131 sanki, uzaya kadar \u00e7\u0131kt\u0131! bana yard\u0131m et&#8230; Onu durdural\u0131m! <\/p>\n","protected":false},"excerpt":{"rendered":"<p>Annem d\u00fcnyam\u0131z\u0131 renklendirmeye \u00e7al\u0131\u015f\u0131yor ama biraz abartt\u0131 sanki, uzaya kadar \u00e7\u0131kt\u0131! bana yard\u0131m et&#8230; Onu durdural\u0131m!<\/p>\n","protected":false},"featured_media":0,"template":"","meta":{"_monsterinsights_skip_tracking":false,"_monsterinsights_sitenote_active":false,"_monsterinsights_sitenote_note":"","_monsterinsights_sitenote_category":0},"product_brand":[],"product_cat":[12274,12284],"product_tag":[],"class_list":{"0":"post-711845","1":"product","2":"type-product","3":"status-publish","5":"product_cat-cocuk-ve-genclik-kitaplari","6":"product_cat-hikayeler","7":"pa_cilt-ciltli","8":"pa_tur-kitap","9":"pa_yayinevi-epsilon-yayinlari","10":"pa_yazar-dilara-kavaklioglu","12":"first","13":"instock","14":"sale","15":"shipping-taxable","16":"purchasable","17":"product-type-simple"},"_links":{"self":[{"href":"https:\/\/roveyayinevi.com.tr\/index.php\/wp-json\/wp\/v2\/product\/711845","targetHints":{"allow":["GET"]}}],"collection":[{"href":"https:\/\/roveyayinevi.com.tr\/index.php\/wp-json\/wp\/v2\/product"}],"about":[{"href":"https:\/\/roveyayinevi.com.tr\/index.php\/wp-json\/wp\/v2\/types\/product"}],"wp:attachment":[{"href":"https:\/\/roveyayinevi.com.tr\/index.php\/wp-json\/wp\/v2\/media?parent=711845"}],"wp:term":[{"taxonomy":"product_brand","embeddable":true,"href":"https:\/\/roveyayinevi.com.tr\/index.php\/wp-json\/wp\/v2\/product_brand?post=711845"},{"taxonomy":"product_cat","embeddable":true,"href":"https:\/\/roveyayinevi.com.tr\/index.php\/wp-json\/wp\/v2\/product_cat?post=711845"},{"taxonomy":"product_tag","embeddable":true,"href":"https:\/\/roveyayinevi.com.tr\/index.php\/wp-json\/wp\/v2\/product_tag?post=711845"}],"curies":[{"name":"wp","href":"https:\/\/api.w.org\/{rel}","templated":true}]}}